{"id":229247,"date":"2025-06-16T14:04:57","date_gmt":"2025-06-16T13:04:57","guid":{"rendered":"https:\/\/www.delicias-uk.com\/?post_type=product&#038;p=229247"},"modified":"2026-02-01T12:48:22","modified_gmt":"2026-02-01T12:48:22","slug":"tempero-qta-da-avo-massa-de-alho-pet-950g","status":"publish","type":"product","link":"https:\/\/www.delicias-uk.com\/pt-pt\/produto\/tempero-qta-da-avo-massa-de-alho-pet-950g\/","title":{"rendered":"Tempero Qta da Avo Massa de Alho Pet 950g"},"content":{"rendered":"<p>A Massa d&#8217;Alho Quinta d&#8217;Av\u00f3 \u00e9 um tempero pr\u00e1tico e saboroso, preparado com alho fresco de alta qualidade, ideal para real\u00e7ar o sabor de carnes, peixes, mariscos, sopas e assados. Embalada em frasco PET de 950g, oferece conveni\u00eancia para uso di\u00e1rio na cozinha, garantindo aquele toque caseiro e arom\u00e1tico t\u00edpico da culin\u00e1ria tradicional.<\/p>\n","protected":false},"excerpt":{"rendered":"<p>A Massa d&#8217;Alho Quinta d&#8217;Av\u00f3 \u00e9 um tempero pr\u00e1tico e saboroso, preparado com alho fresco de alta qualidade, ideal para real\u00e7ar o sabor de carnes, peixes, mariscos, sopas e assados. Embalada em frasco PET de 950g, oferece conveni\u00eancia para uso di\u00e1rio na cozinha, garantindo aquele toque caseiro e arom\u00e1tico t\u00edpico da culin\u00e1ria tradicional.<\/p>\n","protected":false},"author":43538,"featured_media":229246,"comment_status":"closed","ping_status":"closed","template":"","meta":[],"pwb-brand":[],"product_brand":[],"product_cat":[8291,8583,8777],"product_tag":[],"class_list":{"0":"post-229247","1":"product","2":"type-product","3":"status-publish","4":"has-post-thumbnail","6":"product_cat-produtos-portugueses","7":"product_cat-temperos-molhos-e-marinada","8":"product_cat-temperos-pt-pt","10":"first","11":"instock","12":"taxable","13":"shipping-taxable","14":"purchasable","15":"product-type-simple"},"aioseo_notices":[],"brands":[],"_links":{"self":[{"href":"https:\/\/www.delicias-uk.com\/pt-pt\/wp-json\/wp\/v2\/product\/229247","targetHints":{"allow":["GET"]}}],"collection":[{"href":"https:\/\/www.delicias-uk.com\/pt-pt\/wp-json\/wp\/v2\/product"}],"about":[{"href":"https:\/\/www.delicias-uk.com\/pt-pt\/wp-json\/wp\/v2\/types\/product"}],"author":[{"embeddable":true,"href":"https:\/\/www.delicias-uk.com\/pt-pt\/wp-json\/wp\/v2\/users\/43538"}],"replies":[{"embeddable":true,"href":"https:\/\/www.delicias-uk.com\/pt-pt\/wp-json\/wp\/v2\/comments?post=229247"}],"wp:featuredmedia":[{"embeddable":true,"href":"https:\/\/www.delicias-uk.com\/pt-pt\/wp-json\/wp\/v2\/media\/229246"}],"wp:attachment":[{"href":"https:\/\/www.delicias-uk.com\/pt-pt\/wp-json\/wp\/v2\/media?parent=229247"}],"wp:term":[{"taxonomy":"pwb-brand","embeddable":true,"href":"https:\/\/www.delicias-uk.com\/pt-pt\/wp-json\/wp\/v2\/pwb-brand?post=229247"},{"taxonomy":"product_brand","embeddable":true,"href":"https:\/\/www.delicias-uk.com\/pt-pt\/wp-json\/wp\/v2\/product_brand?post=229247"},{"taxonomy":"product_cat","embeddable":true,"href":"https:\/\/www.delicias-uk.com\/pt-pt\/wp-json\/wp\/v2\/product_cat?post=229247"},{"taxonomy":"product_tag","embeddable":true,"href":"https:\/\/www.delicias-uk.com\/pt-pt\/wp-json\/wp\/v2\/product_tag?post=229247"}],"curies":[{"name":"wp","href":"https:\/\/api.w.org\/{rel}","templated":true}]}}