{"id":229238,"date":"2025-06-16T14:19:26","date_gmt":"2025-06-16T13:19:26","guid":{"rendered":"https:\/\/www.delicias-uk.com\/?post_type=product&#038;p=229238"},"modified":"2025-06-16T14:19:26","modified_gmt":"2025-06-16T13:19:26","slug":"bacalhau-salgado-seco-inteiro-miudo-lugrade-code-35904-700g","status":"publish","type":"product","link":"https:\/\/www.delicias-uk.com\/pt-pt\/produto\/bacalhau-salgado-seco-inteiro-miudo-lugrade-code-35904-700g\/","title":{"rendered":"Bacalhau Salgado Seco Inteiro Mi\u00fado Lugrade (code: 35904) 700g"},"content":{"rendered":"<p>Bacalhau salgado e seco capturado no Oceano Atl\u00e2ntico, no Mar da Noruega. Qualidade e tradi\u00e7\u00e3o Lugrade.<\/p>\n<p><strong>Ingredientes<\/strong>: bacalhau e sal.<\/p>\n<p><strong>Alerg\u00e9nios<\/strong>: nenhum.<\/p>\n<p><strong>Informa\u00e7\u00e3o nutricional por 100g:<\/strong><\/p>\n<ul>\n<li>Energia 516 Kj \/ 122 kcal<\/li>\n<li>Gorduras 0,4g<\/li>\n<li>dos quais saturados 0,1g<\/li>\n<li>Hidratos de carbono 0,2g<\/li>\n<li>dos quais os a\u00e7\u00facares &lt;0,2g<\/li>\n<li>Prote\u00ednas 29,8g<\/li>\n<li>Fibra 0g<\/li>\n<li>Sal 20,2g<\/li>\n<\/ul>\n<p><strong>Pa\u00eds de origem<\/strong>: Oceano Atl\u00e2ntico.<\/p>\n","protected":false},"excerpt":{"rendered":"<ul>\n<li>Peso l\u00edquido 700g (por pe\u00e7a)<\/li>\n<li>Fonte de prote\u00edna<\/li>\n<li>Pe\u00e7a inteira miuda<\/li>\n<\/ul>\n","protected":false},"author":43538,"featured_media":229237,"comment_status":"closed","ping_status":"closed","template":"","meta":[],"pwb-brand":[],"product_brand":[],"product_cat":[9332,8291,8387],"product_tag":[],"class_list":{"0":"post-229238","1":"product","2":"type-product","3":"status-publish","4":"has-post-thumbnail","6":"product_cat-inteiro","7":"product_cat-produtos-portugueses","8":"product_cat-bacalhau-seco","10":"first","11":"outofstock","12":"taxable","13":"shipping-taxable","14":"purchasable","15":"product-type-simple"},"aioseo_notices":[],"brands":[],"_links":{"self":[{"href":"https:\/\/www.delicias-uk.com\/pt-pt\/wp-json\/wp\/v2\/product\/229238","targetHints":{"allow":["GET"]}}],"collection":[{"href":"https:\/\/www.delicias-uk.com\/pt-pt\/wp-json\/wp\/v2\/product"}],"about":[{"href":"https:\/\/www.delicias-uk.com\/pt-pt\/wp-json\/wp\/v2\/types\/product"}],"author":[{"embeddable":true,"href":"https:\/\/www.delicias-uk.com\/pt-pt\/wp-json\/wp\/v2\/users\/43538"}],"replies":[{"embeddable":true,"href":"https:\/\/www.delicias-uk.com\/pt-pt\/wp-json\/wp\/v2\/comments?post=229238"}],"wp:featuredmedia":[{"embeddable":true,"href":"https:\/\/www.delicias-uk.com\/pt-pt\/wp-json\/wp\/v2\/media\/229237"}],"wp:attachment":[{"href":"https:\/\/www.delicias-uk.com\/pt-pt\/wp-json\/wp\/v2\/media?parent=229238"}],"wp:term":[{"taxonomy":"pwb-brand","embeddable":true,"href":"https:\/\/www.delicias-uk.com\/pt-pt\/wp-json\/wp\/v2\/pwb-brand?post=229238"},{"taxonomy":"product_brand","embeddable":true,"href":"https:\/\/www.delicias-uk.com\/pt-pt\/wp-json\/wp\/v2\/product_brand?post=229238"},{"taxonomy":"product_cat","embeddable":true,"href":"https:\/\/www.delicias-uk.com\/pt-pt\/wp-json\/wp\/v2\/product_cat?post=229238"},{"taxonomy":"product_tag","embeddable":true,"href":"https:\/\/www.delicias-uk.com\/pt-pt\/wp-json\/wp\/v2\/product_tag?post=229238"}],"curies":[{"name":"wp","href":"https:\/\/api.w.org\/{rel}","templated":true}]}}