{"id":229216,"date":"2025-06-16T14:19:57","date_gmt":"2025-06-16T13:19:57","guid":{"rendered":"https:\/\/www.delicias-uk.com\/?post_type=product&#038;p=229216"},"modified":"2025-06-16T14:19:58","modified_gmt":"2025-06-16T13:19:58","slug":"bacalhau-lombinhos-do-cachaco-lugrade-code-75015-900g","status":"publish","type":"product","link":"https:\/\/www.delicias-uk.com\/pt-pt\/produto\/bacalhau-lombinhos-do-cachaco-lugrade-code-75015-900g\/","title":{"rendered":"Bacalhau Lombinhos do Cachaco Lugrade (code: 75015) 900g"},"content":{"rendered":"<p>Os lombinhos de cacha\u00e7o de bacalhau Lugrade s\u00e3o cortes nobres e suculentos, retirados da parte superior do peixe, conhecidos pela sua textura firme e sabor intenso. J\u00e1 congelados para preservar a qualidade e o frescor, s\u00e3o perfeitos para receitas tradicionais como bacalhau assado, \u00e0 lagareiro ou em caldeiradas. Uma escolha premium para quem valoriza o verdadeiro sabor do bacalhau.<\/p>\n","protected":false},"excerpt":{"rendered":"<ul>\n<li>Lombinhos do Cachaco<\/li>\n<li>900g<\/li>\n<li>Marca: Lugrade<\/li>\n<\/ul>\n","protected":false},"author":43538,"featured_media":229215,"comment_status":"closed","ping_status":"closed","template":"","meta":[],"pwb-brand":[],"product_brand":[],"product_cat":[9330,8305,8357],"product_tag":[],"class_list":{"0":"post-229216","1":"product","2":"type-product","3":"status-publish","4":"has-post-thumbnail","6":"product_cat-pronto-para-cozinhar","7":"product_cat-produtos-congelados","8":"product_cat-bacalhau-congelado","10":"first","11":"outofstock","12":"taxable","13":"shipping-taxable","14":"purchasable","15":"product-type-simple"},"aioseo_notices":[],"brands":[],"_links":{"self":[{"href":"https:\/\/www.delicias-uk.com\/pt-pt\/wp-json\/wp\/v2\/product\/229216","targetHints":{"allow":["GET"]}}],"collection":[{"href":"https:\/\/www.delicias-uk.com\/pt-pt\/wp-json\/wp\/v2\/product"}],"about":[{"href":"https:\/\/www.delicias-uk.com\/pt-pt\/wp-json\/wp\/v2\/types\/product"}],"author":[{"embeddable":true,"href":"https:\/\/www.delicias-uk.com\/pt-pt\/wp-json\/wp\/v2\/users\/43538"}],"replies":[{"embeddable":true,"href":"https:\/\/www.delicias-uk.com\/pt-pt\/wp-json\/wp\/v2\/comments?post=229216"}],"wp:featuredmedia":[{"embeddable":true,"href":"https:\/\/www.delicias-uk.com\/pt-pt\/wp-json\/wp\/v2\/media\/229215"}],"wp:attachment":[{"href":"https:\/\/www.delicias-uk.com\/pt-pt\/wp-json\/wp\/v2\/media?parent=229216"}],"wp:term":[{"taxonomy":"pwb-brand","embeddable":true,"href":"https:\/\/www.delicias-uk.com\/pt-pt\/wp-json\/wp\/v2\/pwb-brand?post=229216"},{"taxonomy":"product_brand","embeddable":true,"href":"https:\/\/www.delicias-uk.com\/pt-pt\/wp-json\/wp\/v2\/product_brand?post=229216"},{"taxonomy":"product_cat","embeddable":true,"href":"https:\/\/www.delicias-uk.com\/pt-pt\/wp-json\/wp\/v2\/product_cat?post=229216"},{"taxonomy":"product_tag","embeddable":true,"href":"https:\/\/www.delicias-uk.com\/pt-pt\/wp-json\/wp\/v2\/product_tag?post=229216"}],"curies":[{"name":"wp","href":"https:\/\/api.w.org\/{rel}","templated":true}]}}