{"id":229204,"date":"2025-06-16T14:20:15","date_gmt":"2025-06-16T13:20:15","guid":{"rendered":"https:\/\/www.delicias-uk.com\/?post_type=product&#038;p=229204"},"modified":"2026-02-16T16:19:27","modified_gmt":"2026-02-16T16:19:27","slug":"lombos-de-bacalhau-sortido-lugrade-code-75019-900g","status":"publish","type":"product","link":"https:\/\/www.delicias-uk.com\/pt-pt\/produto\/lombos-de-bacalhau-sortido-lugrade-code-75019-900g\/","title":{"rendered":"Lombos de Bacalhau Sortido Lugrade (code: 75019) 900g"},"content":{"rendered":"<p>Os lombos de bacalhau Lugrade s\u00e3o cuidadosamente selecionados, provenientes de peixes de alta qualidade, j\u00e1 congelados para garantir frescor e sabor. Em cortes sortidos, s\u00e3o ideais para diversas prepara\u00e7\u00f5es tradicionais, como o bacalhau \u00e0 Br\u00e1s, ao forno, ou grelhado. Praticidade e excel\u00eancia em cada refei\u00e7\u00e3o, preservando o verdadeiro sabor do bacalhau.<\/p>\n","protected":false},"excerpt":{"rendered":"<ul>\n<li>Lombos de Bacalhau<\/li>\n<li>900g<\/li>\n<li>Marca: Lugrade<\/li>\n<\/ul>\n","protected":false},"author":43538,"featured_media":229203,"comment_status":"closed","ping_status":"closed","template":"","meta":[],"pwb-brand":[],"product_brand":[],"product_cat":[9330,8305,8357],"product_tag":[],"class_list":{"0":"post-229204","1":"product","2":"type-product","3":"status-publish","4":"has-post-thumbnail","6":"product_cat-pronto-para-cozinhar","7":"product_cat-produtos-congelados","8":"product_cat-bacalhau-congelado","10":"first","11":"instock","12":"taxable","13":"shipping-taxable","14":"purchasable","15":"product-type-simple"},"aioseo_notices":[],"brands":[],"_links":{"self":[{"href":"https:\/\/www.delicias-uk.com\/pt-pt\/wp-json\/wp\/v2\/product\/229204","targetHints":{"allow":["GET"]}}],"collection":[{"href":"https:\/\/www.delicias-uk.com\/pt-pt\/wp-json\/wp\/v2\/product"}],"about":[{"href":"https:\/\/www.delicias-uk.com\/pt-pt\/wp-json\/wp\/v2\/types\/product"}],"author":[{"embeddable":true,"href":"https:\/\/www.delicias-uk.com\/pt-pt\/wp-json\/wp\/v2\/users\/43538"}],"replies":[{"embeddable":true,"href":"https:\/\/www.delicias-uk.com\/pt-pt\/wp-json\/wp\/v2\/comments?post=229204"}],"wp:featuredmedia":[{"embeddable":true,"href":"https:\/\/www.delicias-uk.com\/pt-pt\/wp-json\/wp\/v2\/media\/229203"}],"wp:attachment":[{"href":"https:\/\/www.delicias-uk.com\/pt-pt\/wp-json\/wp\/v2\/media?parent=229204"}],"wp:term":[{"taxonomy":"pwb-brand","embeddable":true,"href":"https:\/\/www.delicias-uk.com\/pt-pt\/wp-json\/wp\/v2\/pwb-brand?post=229204"},{"taxonomy":"product_brand","embeddable":true,"href":"https:\/\/www.delicias-uk.com\/pt-pt\/wp-json\/wp\/v2\/product_brand?post=229204"},{"taxonomy":"product_cat","embeddable":true,"href":"https:\/\/www.delicias-uk.com\/pt-pt\/wp-json\/wp\/v2\/product_cat?post=229204"},{"taxonomy":"product_tag","embeddable":true,"href":"https:\/\/www.delicias-uk.com\/pt-pt\/wp-json\/wp\/v2\/product_tag?post=229204"}],"curies":[{"name":"wp","href":"https:\/\/api.w.org\/{rel}","templated":true}]}}