{"id":229195,"date":"2025-06-16T12:07:28","date_gmt":"2025-06-16T11:07:28","guid":{"rendered":"https:\/\/www.delicias-uk.com\/?post_type=product&#038;p=229195"},"modified":"2025-09-26T06:58:30","modified_gmt":"2025-09-26T05:58:30","slug":"queijo-ralado-sao-jorge-150g","status":"publish","type":"product","link":"https:\/\/www.delicias-uk.com\/pt-pt\/produto\/queijo-ralado-sao-jorge-150g\/","title":{"rendered":"Queijo Ralado Sao Jorge 150g"},"content":{"rendered":"<p>O Queijo S\u00e3o Jorge Ralado \u00e9 um queijo tradicional dos A\u00e7ores, feito a partir de leite de vaca, com sabor intenso e ligeiramente picante. Na vers\u00e3o j\u00e1 ralado, \u00e9 perfeito para facilitar o preparo de massas, risotos, gratinados e outras receitas que pedem um toque especial e aut\u00eantico. Embalado em saco de 150g, mant\u00e9m o frescor e o aroma caracter\u00edstico deste queijo de origem protegida (DOP).<\/p>\n","protected":false},"excerpt":{"rendered":"<ul>\n<li>Queijo S\u00e3o Jorge Ralado<\/li>\n<li>Sabor intenso e ligeiramente picante<\/li>\n<li>Bag 150g<\/li>\n<\/ul>\n","protected":false},"author":43538,"featured_media":229190,"comment_status":"closed","ping_status":"closed","template":"","meta":[],"pwb-brand":[],"product_brand":[],"product_cat":[9322,9323,8291,8377,8487,8675],"product_tag":[],"class_list":{"0":"post-229195","1":"product","2":"type-product","3":"status-publish","4":"has-post-thumbnail","6":"product_cat-salgados-de-natal","7":"product_cat-selecao-de-queijos","8":"product_cat-produtos-portugueses","9":"product_cat-lacticinios","10":"product_cat-queijos","11":"product_cat-vaca-pt-pt","13":"first","14":"instock","15":"taxable","16":"shipping-taxable","17":"purchasable","18":"product-type-simple"},"aioseo_notices":[],"brands":[],"_links":{"self":[{"href":"https:\/\/www.delicias-uk.com\/pt-pt\/wp-json\/wp\/v2\/product\/229195","targetHints":{"allow":["GET"]}}],"collection":[{"href":"https:\/\/www.delicias-uk.com\/pt-pt\/wp-json\/wp\/v2\/product"}],"about":[{"href":"https:\/\/www.delicias-uk.com\/pt-pt\/wp-json\/wp\/v2\/types\/product"}],"author":[{"embeddable":true,"href":"https:\/\/www.delicias-uk.com\/pt-pt\/wp-json\/wp\/v2\/users\/43538"}],"replies":[{"embeddable":true,"href":"https:\/\/www.delicias-uk.com\/pt-pt\/wp-json\/wp\/v2\/comments?post=229195"}],"wp:featuredmedia":[{"embeddable":true,"href":"https:\/\/www.delicias-uk.com\/pt-pt\/wp-json\/wp\/v2\/media\/229190"}],"wp:attachment":[{"href":"https:\/\/www.delicias-uk.com\/pt-pt\/wp-json\/wp\/v2\/media?parent=229195"}],"wp:term":[{"taxonomy":"pwb-brand","embeddable":true,"href":"https:\/\/www.delicias-uk.com\/pt-pt\/wp-json\/wp\/v2\/pwb-brand?post=229195"},{"taxonomy":"product_brand","embeddable":true,"href":"https:\/\/www.delicias-uk.com\/pt-pt\/wp-json\/wp\/v2\/product_brand?post=229195"},{"taxonomy":"product_cat","embeddable":true,"href":"https:\/\/www.delicias-uk.com\/pt-pt\/wp-json\/wp\/v2\/product_cat?post=229195"},{"taxonomy":"product_tag","embeddable":true,"href":"https:\/\/www.delicias-uk.com\/pt-pt\/wp-json\/wp\/v2\/product_tag?post=229195"}],"curies":[{"name":"wp","href":"https:\/\/api.w.org\/{rel}","templated":true}]}}