{"id":228883,"date":"2025-06-10T11:03:39","date_gmt":"2025-06-10T10:03:39","guid":{"rendered":"https:\/\/www.delicias-uk.com\/?post_type=product&#038;p=228883"},"modified":"2025-06-10T11:04:55","modified_gmt":"2025-06-10T10:04:55","slug":"mortadela-com-azeitonas-porminho-2kg","status":"publish","type":"product","link":"https:\/\/www.delicias-uk.com\/pt-pt\/produto\/mortadela-com-azeitonas-porminho-2kg\/","title":{"rendered":"Mortadela com Azeitonas Porminho 2Kg"},"content":{"rendered":"<p>Mortadela \u00e9 uma grande salsicha italiana ou carne de almo\u00e7o feita de carne de porco curada finamente picada ou mo\u00edda, que incorpora pelo menos 15% de cubos pequenos de gordura de porco. Pode ser consumida sozinha ou em um delicioso sandu\u00edche de mortadela.<\/p>\n<p><strong>Ingredientes<\/strong>: Carne e gordura de porco (origem UE), \u00e1gua, azeitonas (11%), amido de batata, sal, especiarias (mostarda), prote\u00edna de soja, estabilizadores (E450, E452), dextrose, antioxidante (E316), conservante (E250) e corante (E120).<\/p>\n<p><strong>Al\u00e9rgenos<\/strong>: cont\u00e9m <strong>SOJA<\/strong> e <strong>MOSTARDA<\/strong>.<\/p>\n<p><strong>Informa\u00e7\u00f5es nutricionais por 100g:<\/strong><\/p>\n<ul style=\"list-style-type: disc;\">\n<li>Energia 1231 kJ\/ 297 kcal<\/li>\n<li>Gordura 26 g<\/li>\n<li>dos quais Saturados 9,3 g<\/li>\n<li>Carboidratos 6,5 g<\/li>\n<li>dos quais A\u00e7\u00facares 0,5 g<\/li>\n<li>Prote\u00edna 9,3 g<\/li>\n<li>Sal 2,7 g<\/li>\n<\/ul>\n<p><strong>Pa\u00eds de origem<\/strong>: UE<\/p>\n","protected":false},"excerpt":{"rendered":"<ul style=\"list-style-type: disc;\">\n<li>Peso l\u00edquido 2Kg<\/li>\n<li>Fonte de prote\u00edna<\/li>\n<\/ul>\n","protected":false},"author":43538,"featured_media":234724,"comment_status":"open","ping_status":"closed","template":"","meta":[],"pwb-brand":[],"product_brand":[],"product_cat":[8289,8291,8337,8667,8293,8361],"product_tag":[],"class_list":{"0":"post-228883","1":"product","2":"type-product","3":"status-publish","4":"has-post-thumbnail","6":"product_cat-inicio","7":"product_cat-produtos-portugueses","8":"product_cat-charcutaria","9":"product_cat-fiambre-mortadela","10":"product_cat-produtos-brasileiros","11":"product_cat-charcutaria-pt-pt-produtos-brasileiros","13":"first","14":"instock","15":"taxable","16":"shipping-taxable","17":"purchasable","18":"product-type-simple"},"aioseo_notices":[],"brands":[],"_links":{"self":[{"href":"https:\/\/www.delicias-uk.com\/pt-pt\/wp-json\/wp\/v2\/product\/228883","targetHints":{"allow":["GET"]}}],"collection":[{"href":"https:\/\/www.delicias-uk.com\/pt-pt\/wp-json\/wp\/v2\/product"}],"about":[{"href":"https:\/\/www.delicias-uk.com\/pt-pt\/wp-json\/wp\/v2\/types\/product"}],"author":[{"embeddable":true,"href":"https:\/\/www.delicias-uk.com\/pt-pt\/wp-json\/wp\/v2\/users\/43538"}],"replies":[{"embeddable":true,"href":"https:\/\/www.delicias-uk.com\/pt-pt\/wp-json\/wp\/v2\/comments?post=228883"}],"wp:featuredmedia":[{"embeddable":true,"href":"https:\/\/www.delicias-uk.com\/pt-pt\/wp-json\/wp\/v2\/media\/234724"}],"wp:attachment":[{"href":"https:\/\/www.delicias-uk.com\/pt-pt\/wp-json\/wp\/v2\/media?parent=228883"}],"wp:term":[{"taxonomy":"pwb-brand","embeddable":true,"href":"https:\/\/www.delicias-uk.com\/pt-pt\/wp-json\/wp\/v2\/pwb-brand?post=228883"},{"taxonomy":"product_brand","embeddable":true,"href":"https:\/\/www.delicias-uk.com\/pt-pt\/wp-json\/wp\/v2\/product_brand?post=228883"},{"taxonomy":"product_cat","embeddable":true,"href":"https:\/\/www.delicias-uk.com\/pt-pt\/wp-json\/wp\/v2\/product_cat?post=228883"},{"taxonomy":"product_tag","embeddable":true,"href":"https:\/\/www.delicias-uk.com\/pt-pt\/wp-json\/wp\/v2\/product_tag?post=228883"}],"curies":[{"name":"wp","href":"https:\/\/api.w.org\/{rel}","templated":true}]}}