{"id":228546,"date":"2025-06-04T13:44:52","date_gmt":"2025-06-04T12:44:52","guid":{"rendered":"https:\/\/www.delicias-uk.com\/?post_type=product&#038;p=228546"},"modified":"2025-06-04T13:47:28","modified_gmt":"2025-06-04T12:47:28","slug":"frango-para-churrasco-interaves-840g","status":"publish","type":"product","link":"https:\/\/www.delicias-uk.com\/pt-pt\/produto\/frango-para-churrasco-interaves-840g\/","title":{"rendered":"Frango para Churrasco Interaves +\/-840g"},"content":{"rendered":"<p><strong>Frango Interaves<\/strong><\/p>\n<p><strong>Perfeito para o Churrasco!<\/strong><\/p>\n<p>O\u00a0<strong>Frango Interaves<\/strong> \u00e9\u00a0ideal para churrascos, estando no topo das prefer\u00eancias dos portugueses.<\/p>\n<p>A carne de\u00a0<strong>Frango<\/strong>\u00a0\u00e9 tenra e deliciosa. Rica\u00a0em vitaminas do grupo B e em f\u00f3sforo, \u00e9 uma fonte de prote\u00edna de elevado valor biol\u00f3gico.<\/p>\n","protected":false},"excerpt":{"rendered":"<p>Frango Interaves Perfeito para o Churrasco! O\u00a0Frango Interaves \u00e9\u00a0ideal para churrascos, estando no topo das prefer\u00eancias dos portugueses. A carne de\u00a0Frango\u00a0\u00e9 tenra e deliciosa. Rica\u00a0em vitaminas do grupo B e em f\u00f3sforo, \u00e9 uma fonte de prote\u00edna de elevado valor biol\u00f3gico.<\/p>\n","protected":false},"author":43538,"featured_media":228542,"comment_status":"closed","ping_status":"closed","template":"","meta":[],"pwb-brand":[],"product_brand":[],"product_cat":[8305,8391],"product_tag":[],"class_list":{"0":"post-228546","1":"product","2":"type-product","3":"status-publish","4":"has-post-thumbnail","6":"product_cat-produtos-congelados","7":"product_cat-carne-congelada","9":"first","10":"instock","11":"taxable","12":"shipping-taxable","13":"purchasable","14":"product-type-simple"},"aioseo_notices":[],"brands":[],"_links":{"self":[{"href":"https:\/\/www.delicias-uk.com\/pt-pt\/wp-json\/wp\/v2\/product\/228546","targetHints":{"allow":["GET"]}}],"collection":[{"href":"https:\/\/www.delicias-uk.com\/pt-pt\/wp-json\/wp\/v2\/product"}],"about":[{"href":"https:\/\/www.delicias-uk.com\/pt-pt\/wp-json\/wp\/v2\/types\/product"}],"author":[{"embeddable":true,"href":"https:\/\/www.delicias-uk.com\/pt-pt\/wp-json\/wp\/v2\/users\/43538"}],"replies":[{"embeddable":true,"href":"https:\/\/www.delicias-uk.com\/pt-pt\/wp-json\/wp\/v2\/comments?post=228546"}],"wp:featuredmedia":[{"embeddable":true,"href":"https:\/\/www.delicias-uk.com\/pt-pt\/wp-json\/wp\/v2\/media\/228542"}],"wp:attachment":[{"href":"https:\/\/www.delicias-uk.com\/pt-pt\/wp-json\/wp\/v2\/media?parent=228546"}],"wp:term":[{"taxonomy":"pwb-brand","embeddable":true,"href":"https:\/\/www.delicias-uk.com\/pt-pt\/wp-json\/wp\/v2\/pwb-brand?post=228546"},{"taxonomy":"product_brand","embeddable":true,"href":"https:\/\/www.delicias-uk.com\/pt-pt\/wp-json\/wp\/v2\/product_brand?post=228546"},{"taxonomy":"product_cat","embeddable":true,"href":"https:\/\/www.delicias-uk.com\/pt-pt\/wp-json\/wp\/v2\/product_cat?post=228546"},{"taxonomy":"product_tag","embeddable":true,"href":"https:\/\/www.delicias-uk.com\/pt-pt\/wp-json\/wp\/v2\/product_tag?post=228546"}],"curies":[{"name":"wp","href":"https:\/\/api.w.org\/{rel}","templated":true}]}}