{"id":228438,"date":"2025-06-03T12:26:08","date_gmt":"2025-06-03T11:26:08","guid":{"rendered":"https:\/\/www.delicias-uk.com\/?post_type=product&#038;p=228438"},"modified":"2025-07-29T12:27:07","modified_gmt":"2025-07-29T11:27:07","slug":"sumo-vital-morango-e-cereja-compal-1l","status":"publish","type":"product","link":"https:\/\/www.delicias-uk.com\/pt-pt\/produto\/sumo-vital-morango-e-cereja-compal-1l\/","title":{"rendered":"Sumo Vital Morango e Cereja Compal 1L"},"content":{"rendered":"<p>A linha <strong data-start=\"8\" data-end=\"24\">Compal Vital<\/strong> \u00e9 uma gama de bebidas da marca portuguesa <strong data-start=\"67\" data-end=\"77\">Compal<\/strong>, desenvolvida com foco na <strong data-start=\"104\" data-end=\"125\">sa\u00fade e bem-estar<\/strong>, oferecendo alternativas com <strong data-start=\"155\" data-end=\"173\">menos calorias<\/strong>, <strong data-start=\"175\" data-end=\"201\">sem adi\u00e7\u00e3o de a\u00e7\u00facares<\/strong> (exceto os naturalmente presentes na fruta) e <strong data-start=\"248\" data-end=\"274\">com ado\u00e7antes naturais<\/strong>, como a <strong data-start=\"283\" data-end=\"293\">stevia<\/strong>.<\/p>\n","protected":false},"excerpt":{"rendered":"<p>A linha Compal Vital \u00e9 uma gama de bebidas da marca portuguesa Compal, desenvolvida com foco na sa\u00fade e bem-estar, oferecendo alternativas com menos calorias, sem adi\u00e7\u00e3o de a\u00e7\u00facares (exceto os naturalmente presentes na fruta) e com ado\u00e7antes naturais, como a stevia.<\/p>\n","protected":false},"author":43538,"featured_media":228437,"comment_status":"closed","ping_status":"closed","template":"","meta":[],"pwb-brand":[],"product_brand":[],"product_cat":[8291,8423,8455],"product_tag":[],"class_list":{"0":"post-228438","1":"product","2":"type-product","3":"status-publish","4":"has-post-thumbnail","6":"product_cat-produtos-portugueses","7":"product_cat-bebidas-pt-pt","8":"product_cat-sumos","10":"first","11":"instock","12":"taxable","13":"shipping-taxable","14":"purchasable","15":"product-type-simple"},"aioseo_notices":[],"brands":[],"_links":{"self":[{"href":"https:\/\/www.delicias-uk.com\/pt-pt\/wp-json\/wp\/v2\/product\/228438","targetHints":{"allow":["GET"]}}],"collection":[{"href":"https:\/\/www.delicias-uk.com\/pt-pt\/wp-json\/wp\/v2\/product"}],"about":[{"href":"https:\/\/www.delicias-uk.com\/pt-pt\/wp-json\/wp\/v2\/types\/product"}],"author":[{"embeddable":true,"href":"https:\/\/www.delicias-uk.com\/pt-pt\/wp-json\/wp\/v2\/users\/43538"}],"replies":[{"embeddable":true,"href":"https:\/\/www.delicias-uk.com\/pt-pt\/wp-json\/wp\/v2\/comments?post=228438"}],"wp:featuredmedia":[{"embeddable":true,"href":"https:\/\/www.delicias-uk.com\/pt-pt\/wp-json\/wp\/v2\/media\/228437"}],"wp:attachment":[{"href":"https:\/\/www.delicias-uk.com\/pt-pt\/wp-json\/wp\/v2\/media?parent=228438"}],"wp:term":[{"taxonomy":"pwb-brand","embeddable":true,"href":"https:\/\/www.delicias-uk.com\/pt-pt\/wp-json\/wp\/v2\/pwb-brand?post=228438"},{"taxonomy":"product_brand","embeddable":true,"href":"https:\/\/www.delicias-uk.com\/pt-pt\/wp-json\/wp\/v2\/product_brand?post=228438"},{"taxonomy":"product_cat","embeddable":true,"href":"https:\/\/www.delicias-uk.com\/pt-pt\/wp-json\/wp\/v2\/product_cat?post=228438"},{"taxonomy":"product_tag","embeddable":true,"href":"https:\/\/www.delicias-uk.com\/pt-pt\/wp-json\/wp\/v2\/product_tag?post=228438"}],"curies":[{"name":"wp","href":"https:\/\/api.w.org\/{rel}","templated":true}]}}