{"id":228427,"date":"2025-06-03T11:18:00","date_gmt":"2025-06-03T10:18:00","guid":{"rendered":"https:\/\/www.delicias-uk.com\/?post_type=product&#038;p=228427"},"modified":"2025-10-15T01:43:54","modified_gmt":"2025-10-15T00:43:54","slug":"pastel-de-nata-cru-premium-ihopan-65g-x-6","status":"publish","type":"product","link":"https:\/\/www.delicias-uk.com\/pt-pt\/produto\/pastel-de-nata-cru-premium-ihopan-65g-x-6\/","title":{"rendered":"Pastel De Nata Cru Premium Ihopan 65g x 6"},"content":{"rendered":"<p>O <strong data-start=\"2\" data-end=\"48\">Pastel de Nata Premium Cru Ilhopan 65g x 6<\/strong> \u00e9 uma deliciosa op\u00e7\u00e3o de pastel de nata congelado, pronto para assar, ideal para quem deseja saborear em casa esta tradicional iguaria portuguesa.<\/p>\n<p><strong data-start=\"254\" data-end=\"273\">Modo de preparo<\/strong>: <span class=\"relative -mx-px my-[-0.2rem] rounded px-px py-[0.2rem] transition-colors duration-100 ease-in-out\">Descongelar por 45 minutos \u00e0 temperatura ambiente e assar por 8-10 minutos a 250\u00b0C.<\/span><\/p>\n","protected":false},"excerpt":{"rendered":"<ul>\n<li>Pastel de Nata Premium<\/li>\n<li>Cru<\/li>\n<li>65g x 6 unidades<\/li>\n<li>Marca Portuguesa Ilhopan<\/li>\n<\/ul>\n","protected":false},"author":43538,"featured_media":228426,"comment_status":"closed","ping_status":"closed","template":"","meta":[],"pwb-brand":[],"product_brand":[],"product_cat":[8305,8399],"product_tag":[],"class_list":{"0":"post-228427","1":"product","2":"type-product","3":"status-publish","4":"has-post-thumbnail","6":"product_cat-produtos-congelados","7":"product_cat-pastelaria-congelada","9":"first","10":"outofstock","11":"taxable","12":"shipping-taxable","13":"purchasable","14":"product-type-simple"},"aioseo_notices":[],"brands":[],"_links":{"self":[{"href":"https:\/\/www.delicias-uk.com\/pt-pt\/wp-json\/wp\/v2\/product\/228427","targetHints":{"allow":["GET"]}}],"collection":[{"href":"https:\/\/www.delicias-uk.com\/pt-pt\/wp-json\/wp\/v2\/product"}],"about":[{"href":"https:\/\/www.delicias-uk.com\/pt-pt\/wp-json\/wp\/v2\/types\/product"}],"author":[{"embeddable":true,"href":"https:\/\/www.delicias-uk.com\/pt-pt\/wp-json\/wp\/v2\/users\/43538"}],"replies":[{"embeddable":true,"href":"https:\/\/www.delicias-uk.com\/pt-pt\/wp-json\/wp\/v2\/comments?post=228427"}],"wp:featuredmedia":[{"embeddable":true,"href":"https:\/\/www.delicias-uk.com\/pt-pt\/wp-json\/wp\/v2\/media\/228426"}],"wp:attachment":[{"href":"https:\/\/www.delicias-uk.com\/pt-pt\/wp-json\/wp\/v2\/media?parent=228427"}],"wp:term":[{"taxonomy":"pwb-brand","embeddable":true,"href":"https:\/\/www.delicias-uk.com\/pt-pt\/wp-json\/wp\/v2\/pwb-brand?post=228427"},{"taxonomy":"product_brand","embeddable":true,"href":"https:\/\/www.delicias-uk.com\/pt-pt\/wp-json\/wp\/v2\/product_brand?post=228427"},{"taxonomy":"product_cat","embeddable":true,"href":"https:\/\/www.delicias-uk.com\/pt-pt\/wp-json\/wp\/v2\/product_cat?post=228427"},{"taxonomy":"product_tag","embeddable":true,"href":"https:\/\/www.delicias-uk.com\/pt-pt\/wp-json\/wp\/v2\/product_tag?post=228427"}],"curies":[{"name":"wp","href":"https:\/\/api.w.org\/{rel}","templated":true}]}}