{"id":227866,"date":"2025-05-22T16:07:08","date_gmt":"2025-05-22T15:07:08","guid":{"rendered":"https:\/\/www.delicias-uk.com\/?post_type=product&#038;p=227866"},"modified":"2026-01-23T18:54:02","modified_gmt":"2026-01-23T18:54:02","slug":"croquete-de-presunto-porco-preto-varanegra-32g-x-10","status":"publish","type":"product","link":"https:\/\/www.delicias-uk.com\/pt-pt\/produto\/croquete-de-presunto-porco-preto-varanegra-32g-x-10\/","title":{"rendered":"Croquete de Presunto Porco Preto Varanegra 32g x 10"},"content":{"rendered":"<p>A sua crosta fina e crocante ajuda a criar uma sensa\u00e7\u00e3o de harmonia e equil\u00edbrio em que o presunto VARANEGRA \u00e9 o protagonista absoluto!<\/p>\n<p>O molho bechamel suave e f\u00e1cil de preparar \u00e9 o acompanhamento perfeito para o sabor intenso do presunto VARANEGRA.<\/p>\n<p>Esta sugest\u00e3o serve para n\u00e3o passar muito tempo na cozinha, mas ainda lhe proporciona o sabor e aroma tradicionais do PRESUNTO VARANEGRA na sua forma mais pr\u00e1tica e suculenta, no seu prato.<\/p>\n<p>Surpreenda-se com o SABOR DOS SABERES ALENTEJANOS!<\/p>\n","protected":false},"excerpt":{"rendered":"<ul>\n<li>10 croquetes de Presunto<\/li>\n<li>Presunto Porco Preto Varanegra<\/li>\n<li>Crocante<\/li>\n<\/ul>\n","protected":false},"author":43538,"featured_media":227860,"comment_status":"closed","ping_status":"closed","template":"","meta":[],"pwb-brand":[],"product_brand":[],"product_cat":[9324,8305,8413],"product_tag":[],"class_list":{"0":"post-227866","1":"product","2":"type-product","3":"status-publish","4":"has-post-thumbnail","6":"product_cat-para-petiscar","7":"product_cat-produtos-congelados","8":"product_cat-salgado-congelado","10":"first","11":"instock","12":"taxable","13":"shipping-taxable","14":"purchasable","15":"product-type-simple"},"aioseo_notices":[],"brands":[],"_links":{"self":[{"href":"https:\/\/www.delicias-uk.com\/pt-pt\/wp-json\/wp\/v2\/product\/227866","targetHints":{"allow":["GET"]}}],"collection":[{"href":"https:\/\/www.delicias-uk.com\/pt-pt\/wp-json\/wp\/v2\/product"}],"about":[{"href":"https:\/\/www.delicias-uk.com\/pt-pt\/wp-json\/wp\/v2\/types\/product"}],"author":[{"embeddable":true,"href":"https:\/\/www.delicias-uk.com\/pt-pt\/wp-json\/wp\/v2\/users\/43538"}],"replies":[{"embeddable":true,"href":"https:\/\/www.delicias-uk.com\/pt-pt\/wp-json\/wp\/v2\/comments?post=227866"}],"wp:featuredmedia":[{"embeddable":true,"href":"https:\/\/www.delicias-uk.com\/pt-pt\/wp-json\/wp\/v2\/media\/227860"}],"wp:attachment":[{"href":"https:\/\/www.delicias-uk.com\/pt-pt\/wp-json\/wp\/v2\/media?parent=227866"}],"wp:term":[{"taxonomy":"pwb-brand","embeddable":true,"href":"https:\/\/www.delicias-uk.com\/pt-pt\/wp-json\/wp\/v2\/pwb-brand?post=227866"},{"taxonomy":"product_brand","embeddable":true,"href":"https:\/\/www.delicias-uk.com\/pt-pt\/wp-json\/wp\/v2\/product_brand?post=227866"},{"taxonomy":"product_cat","embeddable":true,"href":"https:\/\/www.delicias-uk.com\/pt-pt\/wp-json\/wp\/v2\/product_cat?post=227866"},{"taxonomy":"product_tag","embeddable":true,"href":"https:\/\/www.delicias-uk.com\/pt-pt\/wp-json\/wp\/v2\/product_tag?post=227866"}],"curies":[{"name":"wp","href":"https:\/\/api.w.org\/{rel}","templated":true}]}}