{"id":227844,"date":"2025-05-22T11:51:46","date_gmt":"2025-05-22T10:51:46","guid":{"rendered":"https:\/\/www.delicias-uk.com\/?post_type=product&#038;p=227844"},"modified":"2025-10-23T15:21:51","modified_gmt":"2025-10-23T14:21:51","slug":"lagosta-selvagem-crua-marrocos-400-600-1kg","status":"publish","type":"product","link":"https:\/\/www.delicias-uk.com\/pt-pt\/produto\/lagosta-selvagem-crua-marrocos-400-600-1kg\/","title":{"rendered":"Lagosta Selvagem Crua Marrocos (400-600) 1Kg"},"content":{"rendered":"<p>Num pa\u00eds com h\u00e1bitos de consumo muito marcados pelo mar e pela pesca, peixe e marisco s\u00e3o duas iguarias que os portugueses apreciam e sabem desfrutar como ningu\u00e9m. Falemos de marisco, muito rico em minerais essenciais, sendo uma das principais fontes de \u00e1cidos gordos \u00d3mega 3, pouco cal\u00f3rico, nutritivo e de f\u00e1cil digest\u00e3o.<\/p>\n","protected":false},"excerpt":{"rendered":"<p>Num pa\u00eds com h\u00e1bitos de consumo muito marcados pelo mar e pela pesca, peixe e marisco s\u00e3o duas iguarias que os portugueses apreciam e sabem desfrutar como ningu\u00e9m. Falemos de marisco, muito rico em minerais essenciais, sendo uma das principais fontes de \u00e1cidos gordos \u00d3mega 3, pouco cal\u00f3rico, nutritivo e de f\u00e1cil digest\u00e3o.<\/p>\n","protected":false},"author":43538,"featured_media":227843,"comment_status":"closed","ping_status":"closed","template":"","meta":[],"pwb-brand":[],"product_brand":[],"product_cat":[9339,8305,8419],"product_tag":[],"class_list":{"0":"post-227844","1":"product","2":"type-product","3":"status-publish","4":"has-post-thumbnail","6":"product_cat-lagosta","7":"product_cat-produtos-congelados","8":"product_cat-frutos-do-mar-congelado","10":"first","11":"instock","12":"taxable","13":"shipping-taxable","14":"purchasable","15":"product-type-simple"},"aioseo_notices":[],"brands":[],"_links":{"self":[{"href":"https:\/\/www.delicias-uk.com\/pt-pt\/wp-json\/wp\/v2\/product\/227844","targetHints":{"allow":["GET"]}}],"collection":[{"href":"https:\/\/www.delicias-uk.com\/pt-pt\/wp-json\/wp\/v2\/product"}],"about":[{"href":"https:\/\/www.delicias-uk.com\/pt-pt\/wp-json\/wp\/v2\/types\/product"}],"author":[{"embeddable":true,"href":"https:\/\/www.delicias-uk.com\/pt-pt\/wp-json\/wp\/v2\/users\/43538"}],"replies":[{"embeddable":true,"href":"https:\/\/www.delicias-uk.com\/pt-pt\/wp-json\/wp\/v2\/comments?post=227844"}],"wp:featuredmedia":[{"embeddable":true,"href":"https:\/\/www.delicias-uk.com\/pt-pt\/wp-json\/wp\/v2\/media\/227843"}],"wp:attachment":[{"href":"https:\/\/www.delicias-uk.com\/pt-pt\/wp-json\/wp\/v2\/media?parent=227844"}],"wp:term":[{"taxonomy":"pwb-brand","embeddable":true,"href":"https:\/\/www.delicias-uk.com\/pt-pt\/wp-json\/wp\/v2\/pwb-brand?post=227844"},{"taxonomy":"product_brand","embeddable":true,"href":"https:\/\/www.delicias-uk.com\/pt-pt\/wp-json\/wp\/v2\/product_brand?post=227844"},{"taxonomy":"product_cat","embeddable":true,"href":"https:\/\/www.delicias-uk.com\/pt-pt\/wp-json\/wp\/v2\/product_cat?post=227844"},{"taxonomy":"product_tag","embeddable":true,"href":"https:\/\/www.delicias-uk.com\/pt-pt\/wp-json\/wp\/v2\/product_tag?post=227844"}],"curies":[{"name":"wp","href":"https:\/\/api.w.org\/{rel}","templated":true}]}}