{"id":227621,"date":"2025-05-19T11:08:37","date_gmt":"2025-05-19T10:08:37","guid":{"rendered":"https:\/\/www.delicias-uk.com\/?post_type=product&#038;p=227621"},"modified":"2025-11-20T14:45:29","modified_gmt":"2025-11-20T14:45:29","slug":"massa-milaneza-caneloni-250g","status":"publish","type":"product","link":"https:\/\/www.delicias-uk.com\/pt-pt\/produto\/massa-milaneza-caneloni-250g\/","title":{"rendered":"Massa Milaneza Caneloni 250g"},"content":{"rendered":"<p>Tipicamente, os Cannelloni s\u00e3o levados ao forno, recheados com carne, legumes ou enchidos.<\/p>\n<p>Em qualquer dos casos, um bom molho de tomate e ervas arom\u00e1ticas como os or\u00e9g\u00e3os ou a manjerona ficam sempre bem.<\/p>\n<p class=\"mt-3 font-bold text-xl text-pverde tracking-wide text-center\"><strong>100% Trigo duro:\u00a0<\/strong>A melhor sele\u00e7\u00e3o\u00a0de trigos duros<\/p>\n<p class=\"mt-3 font-bold text-xl text-pverde tracking-wide text-center\"><strong>13% Prote\u00edna:<\/strong>\u00a0A sua fonte natural de energia<\/p>\n<p class=\"mt-3 font-bold text-xl text-pverde tracking-wide text-center\"><strong>Vegan:<\/strong>\u00a0Saud\u00e1vel com baixo teor de gordura<\/p>\n","protected":false},"excerpt":{"rendered":"<ul>\n<li class=\"mt-3 font-bold text-xl text-pverde tracking-wide text-center\"><strong>100% Trigo duro:\u00a0<\/strong>A melhor sele\u00e7\u00e3o\u00a0de trigos duros<\/li>\n<li class=\"mt-3 font-bold text-xl text-pverde tracking-wide text-center\"><strong>13% Prote\u00edna:<\/strong>\u00a0A sua fonte natural de energia<\/li>\n<li class=\"mt-3 font-bold text-xl text-pverde tracking-wide text-center\"><strong>Vegan:<\/strong>\u00a0Saud\u00e1vel com baixo teor de gordura<\/li>\n<\/ul>\n","protected":false},"author":43538,"featured_media":227616,"comment_status":"closed","ping_status":"closed","template":"","meta":[],"pwb-brand":[],"product_brand":[],"product_cat":[8291,8395,8515,8739,8347],"product_tag":[],"class_list":{"0":"post-227621","1":"product","2":"type-product","3":"status-publish","4":"has-post-thumbnail","6":"product_cat-produtos-portugueses","7":"product_cat-mercearia","8":"product_cat-arroz-e-massa","9":"product_cat-massa","10":"product_cat-vegetariano","12":"first","13":"instock","14":"taxable","15":"shipping-taxable","16":"purchasable","17":"product-type-simple"},"aioseo_notices":[],"brands":[],"_links":{"self":[{"href":"https:\/\/www.delicias-uk.com\/pt-pt\/wp-json\/wp\/v2\/product\/227621","targetHints":{"allow":["GET"]}}],"collection":[{"href":"https:\/\/www.delicias-uk.com\/pt-pt\/wp-json\/wp\/v2\/product"}],"about":[{"href":"https:\/\/www.delicias-uk.com\/pt-pt\/wp-json\/wp\/v2\/types\/product"}],"author":[{"embeddable":true,"href":"https:\/\/www.delicias-uk.com\/pt-pt\/wp-json\/wp\/v2\/users\/43538"}],"replies":[{"embeddable":true,"href":"https:\/\/www.delicias-uk.com\/pt-pt\/wp-json\/wp\/v2\/comments?post=227621"}],"wp:featuredmedia":[{"embeddable":true,"href":"https:\/\/www.delicias-uk.com\/pt-pt\/wp-json\/wp\/v2\/media\/227616"}],"wp:attachment":[{"href":"https:\/\/www.delicias-uk.com\/pt-pt\/wp-json\/wp\/v2\/media?parent=227621"}],"wp:term":[{"taxonomy":"pwb-brand","embeddable":true,"href":"https:\/\/www.delicias-uk.com\/pt-pt\/wp-json\/wp\/v2\/pwb-brand?post=227621"},{"taxonomy":"product_brand","embeddable":true,"href":"https:\/\/www.delicias-uk.com\/pt-pt\/wp-json\/wp\/v2\/product_brand?post=227621"},{"taxonomy":"product_cat","embeddable":true,"href":"https:\/\/www.delicias-uk.com\/pt-pt\/wp-json\/wp\/v2\/product_cat?post=227621"},{"taxonomy":"product_tag","embeddable":true,"href":"https:\/\/www.delicias-uk.com\/pt-pt\/wp-json\/wp\/v2\/product_tag?post=227621"}],"curies":[{"name":"wp","href":"https:\/\/api.w.org\/{rel}","templated":true}]}}