{"id":227540,"date":"2025-05-19T10:17:48","date_gmt":"2025-05-19T09:17:48","guid":{"rendered":"https:\/\/www.delicias-uk.com\/?post_type=product&#038;p=227540"},"modified":"2025-11-24T18:48:16","modified_gmt":"2025-11-24T18:48:16","slug":"bolachas-marinheiras-nacional-200g","status":"publish","type":"product","link":"https:\/\/www.delicias-uk.com\/pt-pt\/produto\/bolachas-marinheiras-nacional-200g\/","title":{"rendered":"Bolachas Marinheiras Nacional 200g"},"content":{"rendered":"<p>As <strong>Bolachas Marinheiras <\/strong>\u00a0s\u00e3o um tipo de bolacha crocante portuguesa, muito popular como snack ou acompanhamento.<\/p>\n<p><strong>Caracter\u00edsticas:<\/strong><\/p>\n<ul>\n<li><strong>Textura<\/strong>: crocante e leve<\/li>\n<li><strong>Sabor<\/strong>: suave<\/li>\n<li><strong>Versatilidade<\/strong>: \u00f3timas para acompanhar queijos, pat\u00eas, manteigas ou para comer sozinhas como snack saud\u00e1vel<\/li>\n<\/ul>\n<p><strong>Sugest\u00f5es de consumo:<\/strong><\/p>\n<ul>\n<li>Com azeite e sal marinho<\/li>\n<li>Como base para canap\u00e9s<\/li>\n<li>Com abacate, salm\u00e3o ou h\u00famus<\/li>\n<li>Com ch\u00e1 ou caf\u00e9, como lanche leve<\/li>\n<\/ul>\n<p>&nbsp;<\/p>\n<p>Ingredientes: Farinha de TRIGO (85%), azeite virgem extra (9%), levedura fresca, extrato de malte de CEVADA, sal, massa m\u00e3e inativa de TRIGO (1%), farinha de malte (farinha de malte de TRIGO e extrato de malte de CEVADA) e emulsionante (lecitina de SOJA). Pode conter vest\u00edgios de OVO e LEITE.<\/p>\n<p>&nbsp;<\/p>\n","protected":false},"excerpt":{"rendered":"<ul>\n<li><strong>Textura<\/strong>: crocante e leve<\/li>\n<li><strong>Sabor<\/strong>: suave<\/li>\n<li><strong>Versatilidade<\/strong>: \u00f3timas para acompanhar queijos, pat\u00eas, manteigas ou para comer sozinhas como snack saud\u00e1vel<\/li>\n<\/ul>\n","protected":false},"author":43538,"featured_media":227539,"comment_status":"closed","ping_status":"closed","template":"","meta":[],"pwb-brand":[],"product_brand":[],"product_cat":[8291,8365,8461],"product_tag":[],"class_list":{"0":"post-227540","1":"product","2":"type-product","3":"status-publish","4":"has-post-thumbnail","6":"product_cat-produtos-portugueses","7":"product_cat-confeitaria","8":"product_cat-bolachas","10":"first","11":"outofstock","12":"taxable","13":"shipping-taxable","14":"purchasable","15":"product-type-simple"},"aioseo_notices":[],"brands":[],"_links":{"self":[{"href":"https:\/\/www.delicias-uk.com\/pt-pt\/wp-json\/wp\/v2\/product\/227540","targetHints":{"allow":["GET"]}}],"collection":[{"href":"https:\/\/www.delicias-uk.com\/pt-pt\/wp-json\/wp\/v2\/product"}],"about":[{"href":"https:\/\/www.delicias-uk.com\/pt-pt\/wp-json\/wp\/v2\/types\/product"}],"author":[{"embeddable":true,"href":"https:\/\/www.delicias-uk.com\/pt-pt\/wp-json\/wp\/v2\/users\/43538"}],"replies":[{"embeddable":true,"href":"https:\/\/www.delicias-uk.com\/pt-pt\/wp-json\/wp\/v2\/comments?post=227540"}],"wp:featuredmedia":[{"embeddable":true,"href":"https:\/\/www.delicias-uk.com\/pt-pt\/wp-json\/wp\/v2\/media\/227539"}],"wp:attachment":[{"href":"https:\/\/www.delicias-uk.com\/pt-pt\/wp-json\/wp\/v2\/media?parent=227540"}],"wp:term":[{"taxonomy":"pwb-brand","embeddable":true,"href":"https:\/\/www.delicias-uk.com\/pt-pt\/wp-json\/wp\/v2\/pwb-brand?post=227540"},{"taxonomy":"product_brand","embeddable":true,"href":"https:\/\/www.delicias-uk.com\/pt-pt\/wp-json\/wp\/v2\/product_brand?post=227540"},{"taxonomy":"product_cat","embeddable":true,"href":"https:\/\/www.delicias-uk.com\/pt-pt\/wp-json\/wp\/v2\/product_cat?post=227540"},{"taxonomy":"product_tag","embeddable":true,"href":"https:\/\/www.delicias-uk.com\/pt-pt\/wp-json\/wp\/v2\/product_tag?post=227540"}],"curies":[{"name":"wp","href":"https:\/\/api.w.org\/{rel}","templated":true}]}}