{"id":227528,"date":"2025-05-19T10:18:35","date_gmt":"2025-05-19T09:18:35","guid":{"rendered":"https:\/\/www.delicias-uk.com\/?post_type=product&#038;p=227528"},"modified":"2025-12-08T09:17:12","modified_gmt":"2025-12-08T09:17:12","slug":"bolachas-marinheiras-chia-nacional-200g","status":"publish","type":"product","link":"https:\/\/www.delicias-uk.com\/pt-pt\/produto\/bolachas-marinheiras-chia-nacional-200g\/","title":{"rendered":"Bolachas Marinheiras Chia Nacional 200g"},"content":{"rendered":"<p>As <strong>Bolachas Marinheiras com Chia<\/strong> s\u00e3o uma varia\u00e7\u00e3o saud\u00e1vel e funcional das tradicionais bolachas marinheiras \u2014 um tipo de bolacha crocante portuguesa, muito popular como snack ou acompanhamento. Ao adicionar <strong>sementes de chia<\/strong>, essas bolachas ganham um valor nutricional extra, com mais <strong>fibras, prote\u00ednas e \u00f4mega-3<\/strong>.<\/p>\n<p><strong>Caracter\u00edsticas:<\/strong><\/p>\n<ul>\n<li><strong>Textura<\/strong>: crocante e leve<\/li>\n<li><strong>Sabor<\/strong>: suave, com um leve toque de nozes das sementes de chia<\/li>\n<li><strong>Versatilidade<\/strong>: \u00f3timas para acompanhar queijos, pat\u00eas, manteigas ou para comer sozinhas como snack saud\u00e1vel<\/li>\n<\/ul>\n<p><strong>Benef\u00edcios da chia:<\/strong><\/p>\n<ul>\n<li>Rica em <strong>fibras<\/strong>: ajuda no funcionamento intestinal<\/li>\n<li>Fonte de <strong>prote\u00edna vegetal<\/strong><\/li>\n<li>Cont\u00e9m <strong>\u00e1cidos graxos \u00f4mega-3<\/strong>: bons para o cora\u00e7\u00e3o<\/li>\n<li>Ajuda na <strong>saciedade<\/strong><\/li>\n<\/ul>\n<p><strong>Sugest\u00f5es de consumo:<\/strong><\/p>\n<ul>\n<li>Com azeite e sal marinho<\/li>\n<li>Como base para canap\u00e9s<\/li>\n<li>Com abacate, salm\u00e3o ou h\u00famus<\/li>\n<li>Com ch\u00e1 ou caf\u00e9, como lanche leve<\/li>\n<\/ul>\n<p>&nbsp;<\/p>\n<p>Ingredientes: Farinha de TRIGO (85%), azeite virgem extra (9%), sementes de chia (Salvia hispanica) (2%), levedura fresca, extrato de malte de CEVADA, sal, massa m\u00e3e inativa de TRIGO (1%), farinha de malte (farinha de malte de TRIGO e extrato de malte deCEVADA) e emulsionante (lecitina de SOJA). Pode conter vest\u00edgios de OVO e LEITE.<\/p>\n","protected":false},"excerpt":{"rendered":"<ul>\n<li><strong>Textura<\/strong>: crocante e leve<\/li>\n<li><strong>Sabor<\/strong>: suave, com um leve toque de nozes das sementes de chia<\/li>\n<li><strong>Versatilidade<\/strong>: \u00f3timas para acompanhar queijos, pat\u00eas, manteigas ou para comer sozinhas como snack saud\u00e1vel<\/li>\n<\/ul>\n","protected":false},"author":43538,"featured_media":227526,"comment_status":"closed","ping_status":"closed","template":"","meta":[],"pwb-brand":[],"product_brand":[],"product_cat":[8291,8365,8461,8347,8363],"product_tag":[],"class_list":{"0":"post-227528","1":"product","2":"type-product","3":"status-publish","4":"has-post-thumbnail","6":"product_cat-produtos-portugueses","7":"product_cat-confeitaria","8":"product_cat-bolachas","9":"product_cat-vegetariano","10":"product_cat-halal-pt-pt","12":"first","13":"outofstock","14":"taxable","15":"shipping-taxable","16":"purchasable","17":"product-type-simple"},"aioseo_notices":[],"brands":[],"_links":{"self":[{"href":"https:\/\/www.delicias-uk.com\/pt-pt\/wp-json\/wp\/v2\/product\/227528","targetHints":{"allow":["GET"]}}],"collection":[{"href":"https:\/\/www.delicias-uk.com\/pt-pt\/wp-json\/wp\/v2\/product"}],"about":[{"href":"https:\/\/www.delicias-uk.com\/pt-pt\/wp-json\/wp\/v2\/types\/product"}],"author":[{"embeddable":true,"href":"https:\/\/www.delicias-uk.com\/pt-pt\/wp-json\/wp\/v2\/users\/43538"}],"replies":[{"embeddable":true,"href":"https:\/\/www.delicias-uk.com\/pt-pt\/wp-json\/wp\/v2\/comments?post=227528"}],"wp:featuredmedia":[{"embeddable":true,"href":"https:\/\/www.delicias-uk.com\/pt-pt\/wp-json\/wp\/v2\/media\/227526"}],"wp:attachment":[{"href":"https:\/\/www.delicias-uk.com\/pt-pt\/wp-json\/wp\/v2\/media?parent=227528"}],"wp:term":[{"taxonomy":"pwb-brand","embeddable":true,"href":"https:\/\/www.delicias-uk.com\/pt-pt\/wp-json\/wp\/v2\/pwb-brand?post=227528"},{"taxonomy":"product_brand","embeddable":true,"href":"https:\/\/www.delicias-uk.com\/pt-pt\/wp-json\/wp\/v2\/product_brand?post=227528"},{"taxonomy":"product_cat","embeddable":true,"href":"https:\/\/www.delicias-uk.com\/pt-pt\/wp-json\/wp\/v2\/product_cat?post=227528"},{"taxonomy":"product_tag","embeddable":true,"href":"https:\/\/www.delicias-uk.com\/pt-pt\/wp-json\/wp\/v2\/product_tag?post=227528"}],"curies":[{"name":"wp","href":"https:\/\/api.w.org\/{rel}","templated":true}]}}