{"id":227209,"date":"2025-05-07T11:51:27","date_gmt":"2025-05-07T10:51:27","guid":{"rendered":"https:\/\/www.delicias-uk.com\/?post_type=product&#038;p=227209"},"modified":"2025-05-07T11:54:22","modified_gmt":"2025-05-07T10:54:22","slug":"agua-natural-fonte-de-amores-1-5lt","status":"publish","type":"product","link":"https:\/\/www.delicias-uk.com\/pt-pt\/produto\/agua-natural-fonte-de-amores-1-5lt\/","title":{"rendered":"Agua Natural Fonte de Amores 1.5lt"},"content":{"rendered":"<p><strong>\u00c1gua Fonte de Amores \u2013 Pura e Natural da Serra do Caramulo<\/strong><\/p>\n<p>A \u00c1gua Fonte de Amores nasce na intocada Serra do Caramulo, em Portugal, e \u00e9 naturalmente pura, leve e rica em minerais. Com um sabor suave e refrescante, \u00e9 perfeita para quem valoriza uma hidrata\u00e7\u00e3o saud\u00e1vel e equilibrada no dia a dia.<\/p>\n<p>Inspirada numa antiga lenda celta sobre um amor puro e eterno, esta \u00e1gua de nascente carrega uma hist\u00f3ria t\u00e3o cristalina quanto o seu conte\u00fado. Segundo a lenda, a \u00e1gua da Fonte de Amores est\u00e1 ligada a um amor puro e cristalino, trazendo felicidade a quem a bebe .<\/p>\n<p><strong>Fonte de Amores: uma \u00e1gua com hist\u00f3ria, pureza e sabor aut\u00eantico.<\/strong><\/p>\n","protected":false},"excerpt":{"rendered":"<ul>\n<li>Agua Natural<\/li>\n<li>Naturalmente pura<\/li>\n<li>Rica em minerais<\/li>\n<\/ul>\n","protected":false},"author":43538,"featured_media":227211,"comment_status":"closed","ping_status":"closed","template":"","meta":[],"pwb-brand":[],"product_brand":[],"product_cat":[8291,8423,8587],"product_tag":[],"class_list":{"0":"post-227209","1":"product","2":"type-product","3":"status-publish","4":"has-post-thumbnail","6":"product_cat-produtos-portugueses","7":"product_cat-bebidas-pt-pt","8":"product_cat-agua","10":"first","11":"instock","12":"taxable","13":"shipping-taxable","14":"purchasable","15":"product-type-simple"},"aioseo_notices":[],"brands":[],"_links":{"self":[{"href":"https:\/\/www.delicias-uk.com\/pt-pt\/wp-json\/wp\/v2\/product\/227209","targetHints":{"allow":["GET"]}}],"collection":[{"href":"https:\/\/www.delicias-uk.com\/pt-pt\/wp-json\/wp\/v2\/product"}],"about":[{"href":"https:\/\/www.delicias-uk.com\/pt-pt\/wp-json\/wp\/v2\/types\/product"}],"author":[{"embeddable":true,"href":"https:\/\/www.delicias-uk.com\/pt-pt\/wp-json\/wp\/v2\/users\/43538"}],"replies":[{"embeddable":true,"href":"https:\/\/www.delicias-uk.com\/pt-pt\/wp-json\/wp\/v2\/comments?post=227209"}],"wp:featuredmedia":[{"embeddable":true,"href":"https:\/\/www.delicias-uk.com\/pt-pt\/wp-json\/wp\/v2\/media\/227211"}],"wp:attachment":[{"href":"https:\/\/www.delicias-uk.com\/pt-pt\/wp-json\/wp\/v2\/media?parent=227209"}],"wp:term":[{"taxonomy":"pwb-brand","embeddable":true,"href":"https:\/\/www.delicias-uk.com\/pt-pt\/wp-json\/wp\/v2\/pwb-brand?post=227209"},{"taxonomy":"product_brand","embeddable":true,"href":"https:\/\/www.delicias-uk.com\/pt-pt\/wp-json\/wp\/v2\/product_brand?post=227209"},{"taxonomy":"product_cat","embeddable":true,"href":"https:\/\/www.delicias-uk.com\/pt-pt\/wp-json\/wp\/v2\/product_cat?post=227209"},{"taxonomy":"product_tag","embeddable":true,"href":"https:\/\/www.delicias-uk.com\/pt-pt\/wp-json\/wp\/v2\/product_tag?post=227209"}],"curies":[{"name":"wp","href":"https:\/\/api.w.org\/{rel}","templated":true}]}}