{"id":227194,"date":"2025-05-07T10:56:05","date_gmt":"2025-05-07T09:56:05","guid":{"rendered":"https:\/\/www.delicias-uk.com\/?post_type=product&#038;p=227194"},"modified":"2025-05-07T10:56:05","modified_gmt":"2025-05-07T09:56:05","slug":"leitao-assado-roti-desossado-negrais-4kg","status":"publish","type":"product","link":"https:\/\/www.delicias-uk.com\/pt-pt\/produto\/leitao-assado-roti-desossado-negrais-4kg\/","title":{"rendered":"Leitao Assado Roti Desossado Negrais +\/-4Kg"},"content":{"rendered":"<p class=\"\" data-start=\"0\" data-end=\"150\"><span class=\"relative -mx-px my-[-0.2rem] rounded px-px py-[0.2rem] transition-colors duration-100 ease-in-out\">O Leit\u00e3o Assado Desossado (Roti) \u00e0 moda de Negrais \u00e9 uma especialidade tradicional portuguesa, origin\u00e1ria da localidade de Negrais, no concelho de Sintra.<\/span> <span class=\"relative -mx-px my-[-0.2rem] rounded px-px py-[0.2rem] transition-colors duration-100 ease-in-out\">Este prato distingue-se por ser assado em forno de lenha, aberto (espalmado), o que proporciona uma pele estaladi\u00e7a e carne suculenta.<\/span><\/p>\n<p class=\"\" data-start=\"152\" data-end=\"308\"><span class=\"relative -mx-px my-[-0.2rem] rounded px-px py-[0.2rem] transition-colors duration-100 ease-in-out\">Uma das vers\u00f5es mais apreciadas desta iguaria \u00e9 o leit\u00e3o desossado (roti) da HM Caneira.<\/span> <span class=\"relative -mx-px my-[-0.2rem] rounded px-px py-[0.2rem] transition-colors duration-100 ease-in-out\">Este produto \u00e9 reconhecido pela sua excelente confe\u00e7\u00e3o: muito bem assado, suculento, com pele estaladi\u00e7a e tempero equilibrado, sem excesso de sal ou picante.<\/span><\/p>\n","protected":false},"excerpt":{"rendered":"<ul>\n<li><span class=\"relative -mx-px my-[-0.2rem] rounded px-px py-[0.2rem] transition-colors duration-100 ease-in-out\">Muito bem assado<\/span><\/li>\n<li><span class=\"relative -mx-px my-[-0.2rem] rounded px-px py-[0.2rem] transition-colors duration-100 ease-in-out\">Suculento<\/span><\/li>\n<li><span class=\"relative -mx-px my-[-0.2rem] rounded px-px py-[0.2rem] transition-colors duration-100 ease-in-out\">Pele estaladi\u00e7a<\/span><\/li>\n<li><span class=\"relative -mx-px my-[-0.2rem] rounded px-px py-[0.2rem] transition-colors duration-100 ease-in-out\">Tempero equilibrado<\/span><\/li>\n<\/ul>\n","protected":false},"author":43538,"featured_media":227191,"comment_status":"closed","ping_status":"closed","template":"","meta":[],"pwb-brand":[],"product_brand":[],"product_cat":[9335,8291,8305,8391],"product_tag":[],"class_list":{"0":"post-227194","1":"product","2":"type-product","3":"status-publish","4":"has-post-thumbnail","6":"product_cat-leitao-assado","7":"product_cat-produtos-portugueses","8":"product_cat-produtos-congelados","9":"product_cat-carne-congelada","11":"first","12":"instock","13":"taxable","14":"shipping-taxable","15":"purchasable","16":"product-type-simple"},"aioseo_notices":[],"brands":[],"_links":{"self":[{"href":"https:\/\/www.delicias-uk.com\/pt-pt\/wp-json\/wp\/v2\/product\/227194","targetHints":{"allow":["GET"]}}],"collection":[{"href":"https:\/\/www.delicias-uk.com\/pt-pt\/wp-json\/wp\/v2\/product"}],"about":[{"href":"https:\/\/www.delicias-uk.com\/pt-pt\/wp-json\/wp\/v2\/types\/product"}],"author":[{"embeddable":true,"href":"https:\/\/www.delicias-uk.com\/pt-pt\/wp-json\/wp\/v2\/users\/43538"}],"replies":[{"embeddable":true,"href":"https:\/\/www.delicias-uk.com\/pt-pt\/wp-json\/wp\/v2\/comments?post=227194"}],"wp:featuredmedia":[{"embeddable":true,"href":"https:\/\/www.delicias-uk.com\/pt-pt\/wp-json\/wp\/v2\/media\/227191"}],"wp:attachment":[{"href":"https:\/\/www.delicias-uk.com\/pt-pt\/wp-json\/wp\/v2\/media?parent=227194"}],"wp:term":[{"taxonomy":"pwb-brand","embeddable":true,"href":"https:\/\/www.delicias-uk.com\/pt-pt\/wp-json\/wp\/v2\/pwb-brand?post=227194"},{"taxonomy":"product_brand","embeddable":true,"href":"https:\/\/www.delicias-uk.com\/pt-pt\/wp-json\/wp\/v2\/product_brand?post=227194"},{"taxonomy":"product_cat","embeddable":true,"href":"https:\/\/www.delicias-uk.com\/pt-pt\/wp-json\/wp\/v2\/product_cat?post=227194"},{"taxonomy":"product_tag","embeddable":true,"href":"https:\/\/www.delicias-uk.com\/pt-pt\/wp-json\/wp\/v2\/product_tag?post=227194"}],"curies":[{"name":"wp","href":"https:\/\/api.w.org\/{rel}","templated":true}]}}