{"id":227117,"date":"2025-05-06T10:58:48","date_gmt":"2025-05-06T09:58:48","guid":{"rendered":"https:\/\/www.delicias-uk.com\/?post_type=product&#038;p=227117"},"modified":"2025-05-06T10:58:48","modified_gmt":"2025-05-06T09:58:48","slug":"promo-camil-colher-e-concha","status":"publish","type":"product","link":"https:\/\/www.delicias-uk.com\/pt-pt\/produto\/promo-camil-colher-e-concha\/","title":{"rendered":"Promo Camil Colher e Concha"},"content":{"rendered":"<p class=\"\" data-start=\"191\" data-end=\"360\"><strong data-start=\"191\" data-end=\"288\">Compre 2kg de Feij\u00e3o Preto Camil + 2kg de Arroz Camil e ganhe uma colher e uma concha gr\u00e1tis!<\/strong><br data-start=\"288\" data-end=\"291\" \/><em data-start=\"291\" data-end=\"360\">Promo\u00e7\u00e3o v\u00e1lida por tempo limitado ou enquanto durarem os estoques.<\/em><\/p>\n<p data-start=\"191\" data-end=\"360\"><strong>Arroz Camil:<\/strong> O arroz Camil \u00e9 muito f\u00e1cil de fazer, n\u00e3o precisa de lavar e fica sempre branco e solto, pois \u00e9 selecionado eletronicamente. Basta colocar a cebola a refogar e deixar toda a casa com aquele cheiro de arroz caseiro e saboroso que a fam\u00edlia tanto adora.<\/p>\n<p data-start=\"191\" data-end=\"360\"><strong>Feij\u00e3o Preto Camil:<\/strong> Muito usado no dia a dia, o feij\u00e3o preto conquistou seu lugar na mesa do brasileiro e habitualmente acompanha aquele delicioso arroz com sabor de fam\u00edlia. E, \u00e9 claro, quem resiste a uma feijoada ou um feij\u00e3o preto fresquinho caprichado no tempero? Al\u00e9m do sabor caracter\u00edstico, o feij\u00e3o preto possui antocianinas, que t\u00eam alto poder antioxidante, capaz de retardar o envelhecimento precoce e exercer efeito preventivo contra doen\u00e7as do cora\u00e7\u00e3o. O feij\u00e3o preto tamb\u00e9m \u00e9 rico em prote\u00ednas, ferro e fibras, que contribuem com o controle do colesterol e ajudam a cuidar da sa\u00fade da sua fam\u00edlia. Tradicional da cozinha brasileira o feij\u00e3o preto\u00a0possui poder antioxidante e \u00e9 rico em prote\u00ednas, ferro e fibras.<\/p>\n","protected":false},"excerpt":{"rendered":"<ul>\n<li>2kg de Feij\u00e3o Preto Camil<\/li>\n<li>2kg de Arroz Camil<\/li>\n<li>Ganhe uma colher e uma concha gr\u00e1tis<\/li>\n<\/ul>\n","protected":false},"author":43538,"featured_media":227121,"comment_status":"closed","ping_status":"closed","template":"","meta":[],"pwb-brand":[],"product_brand":[],"product_cat":[8293,8319,8401,8483,8747,8709],"product_tag":[],"class_list":{"0":"post-227117","1":"product","2":"type-product","3":"status-publish","4":"has-post-thumbnail","6":"product_cat-produtos-brasileiros","7":"product_cat-especiais-do-mes-pt-pt","8":"product_cat-mercearia-pt-pt","9":"product_cat-feijao-arroz","10":"product_cat-arroz-pt-pt","11":"product_cat-feijao-pt-pt","13":"first","14":"instock","15":"taxable","16":"shipping-taxable","17":"purchasable","18":"product-type-simple"},"aioseo_notices":[],"brands":[],"_links":{"self":[{"href":"https:\/\/www.delicias-uk.com\/pt-pt\/wp-json\/wp\/v2\/product\/227117","targetHints":{"allow":["GET"]}}],"collection":[{"href":"https:\/\/www.delicias-uk.com\/pt-pt\/wp-json\/wp\/v2\/product"}],"about":[{"href":"https:\/\/www.delicias-uk.com\/pt-pt\/wp-json\/wp\/v2\/types\/product"}],"author":[{"embeddable":true,"href":"https:\/\/www.delicias-uk.com\/pt-pt\/wp-json\/wp\/v2\/users\/43538"}],"replies":[{"embeddable":true,"href":"https:\/\/www.delicias-uk.com\/pt-pt\/wp-json\/wp\/v2\/comments?post=227117"}],"wp:featuredmedia":[{"embeddable":true,"href":"https:\/\/www.delicias-uk.com\/pt-pt\/wp-json\/wp\/v2\/media\/227121"}],"wp:attachment":[{"href":"https:\/\/www.delicias-uk.com\/pt-pt\/wp-json\/wp\/v2\/media?parent=227117"}],"wp:term":[{"taxonomy":"pwb-brand","embeddable":true,"href":"https:\/\/www.delicias-uk.com\/pt-pt\/wp-json\/wp\/v2\/pwb-brand?post=227117"},{"taxonomy":"product_brand","embeddable":true,"href":"https:\/\/www.delicias-uk.com\/pt-pt\/wp-json\/wp\/v2\/product_brand?post=227117"},{"taxonomy":"product_cat","embeddable":true,"href":"https:\/\/www.delicias-uk.com\/pt-pt\/wp-json\/wp\/v2\/product_cat?post=227117"},{"taxonomy":"product_tag","embeddable":true,"href":"https:\/\/www.delicias-uk.com\/pt-pt\/wp-json\/wp\/v2\/product_tag?post=227117"}],"curies":[{"name":"wp","href":"https:\/\/api.w.org\/{rel}","templated":true}]}}