{"id":226803,"date":"2025-04-30T16:51:42","date_gmt":"2025-04-30T15:51:42","guid":{"rendered":"https:\/\/www.delicias-uk.com\/?post_type=product&#038;p=226803"},"modified":"2026-01-04T16:07:19","modified_gmt":"2026-01-04T16:07:19","slug":"agua-natural-serra-da-estrela-pet-1-5l-x-4","status":"publish","type":"product","link":"https:\/\/www.delicias-uk.com\/pt-pt\/produto\/agua-natural-serra-da-estrela-pet-1-5l-x-4\/","title":{"rendered":"\u00c1gua Natural Serra Da Estrela Pet 1.5L x 4"},"content":{"rendered":"<p>\u00c1gua Serra da Estrela&#8230;Do que a Serra tem de melhor, \u00e9 uma \u00e1gua de nascente, pura e cristalina, de qualidade superior.<\/p>\n<p>Fruto da sua composi\u00e7\u00e3o equilibrada, qualidade e pureza, a marca foi ganhando notoriedade, e \u00e9 hoje uma das marcas de \u00e1guas lisas mais consumidas em Portugal.<\/p>\n","protected":false},"excerpt":{"rendered":"<ul style=\"list-style-type: disc;\">\n<li>Volume 1.5L x 4<\/li>\n<li>\u00c1gua mineral natural<\/li>\n<li>Produto Portugu\u00eas<\/li>\n<\/ul>\n","protected":false},"author":43538,"featured_media":226805,"comment_status":"open","ping_status":"closed","template":"","meta":[],"pwb-brand":[],"product_brand":[],"product_cat":[8587],"product_tag":[],"class_list":{"0":"post-226803","1":"product","2":"type-product","3":"status-publish","4":"has-post-thumbnail","6":"product_cat-agua","8":"first","9":"outofstock","10":"taxable","11":"shipping-taxable","12":"purchasable","13":"product-type-simple"},"aioseo_notices":[],"brands":[],"_links":{"self":[{"href":"https:\/\/www.delicias-uk.com\/pt-pt\/wp-json\/wp\/v2\/product\/226803","targetHints":{"allow":["GET"]}}],"collection":[{"href":"https:\/\/www.delicias-uk.com\/pt-pt\/wp-json\/wp\/v2\/product"}],"about":[{"href":"https:\/\/www.delicias-uk.com\/pt-pt\/wp-json\/wp\/v2\/types\/product"}],"author":[{"embeddable":true,"href":"https:\/\/www.delicias-uk.com\/pt-pt\/wp-json\/wp\/v2\/users\/43538"}],"replies":[{"embeddable":true,"href":"https:\/\/www.delicias-uk.com\/pt-pt\/wp-json\/wp\/v2\/comments?post=226803"}],"wp:featuredmedia":[{"embeddable":true,"href":"https:\/\/www.delicias-uk.com\/pt-pt\/wp-json\/wp\/v2\/media\/226805"}],"wp:attachment":[{"href":"https:\/\/www.delicias-uk.com\/pt-pt\/wp-json\/wp\/v2\/media?parent=226803"}],"wp:term":[{"taxonomy":"pwb-brand","embeddable":true,"href":"https:\/\/www.delicias-uk.com\/pt-pt\/wp-json\/wp\/v2\/pwb-brand?post=226803"},{"taxonomy":"product_brand","embeddable":true,"href":"https:\/\/www.delicias-uk.com\/pt-pt\/wp-json\/wp\/v2\/product_brand?post=226803"},{"taxonomy":"product_cat","embeddable":true,"href":"https:\/\/www.delicias-uk.com\/pt-pt\/wp-json\/wp\/v2\/product_cat?post=226803"},{"taxonomy":"product_tag","embeddable":true,"href":"https:\/\/www.delicias-uk.com\/pt-pt\/wp-json\/wp\/v2\/product_tag?post=226803"}],"curies":[{"name":"wp","href":"https:\/\/api.w.org\/{rel}","templated":true}]}}