{"id":226339,"date":"2025-04-28T15:52:58","date_gmt":"2025-04-28T14:52:58","guid":{"rendered":"https:\/\/www.delicias-uk.com\/?post_type=product&#038;p=226339"},"modified":"2026-02-06T18:01:43","modified_gmt":"2026-02-06T18:01:43","slug":"compota-de-abobora-com-noz-prisca-250g","status":"publish","type":"product","link":"https:\/\/www.delicias-uk.com\/pt-pt\/produto\/compota-de-abobora-com-noz-prisca-250g\/","title":{"rendered":"Compota de Ab\u00f3bora com Noz Prisca 250g"},"content":{"rendered":"<p>O melhor doce de Ab\u00f3bora criado pela natureza, com a textura quente e rica das melhores nozes, 100% natural. Utilize-o como uma sofisticada compota nas suas refei\u00e7\u00f5es di\u00e1rias ou para criar deliciosos molhos e coberturas para sobremesas e at\u00e9 para misturar com pat\u00ea nas suas sandu\u00edches gourmet. Excelente com queijo creme ou fresco e imperd\u00edvel com o tradicional requeij\u00e3o e o queijo Ricotta italiano. Arrisque um casamento com carnes curadas e fumadas.<\/p>\n","protected":false},"excerpt":{"rendered":"<p>O melhor doce de Ab\u00f3bora criado pela natureza, com a textura quente e rica das melhores nozes, 100% natural. Utilize-o como uma sofisticada compota nas suas refei\u00e7\u00f5es di\u00e1rias ou para criar deliciosos molhos e coberturas para sobremesas e at\u00e9 para misturar com pat\u00ea nas suas sandu\u00edches gourmet. Excelente com queijo creme ou fresco e imperd\u00edvel [&hellip;]<\/p>\n","protected":false},"author":43538,"featured_media":226338,"comment_status":"closed","ping_status":"closed","template":"","meta":[],"pwb-brand":[],"product_brand":[],"product_cat":[8291,8395,8607,8705],"product_tag":[],"class_list":{"0":"post-226339","1":"product","2":"type-product","3":"status-publish","4":"has-post-thumbnail","6":"product_cat-produtos-portugueses","7":"product_cat-mercearia","8":"product_cat-conservas-pt-pt","9":"product_cat-compotas","11":"first","12":"instock","13":"taxable","14":"shipping-taxable","15":"purchasable","16":"product-type-simple"},"aioseo_notices":[],"brands":[],"_links":{"self":[{"href":"https:\/\/www.delicias-uk.com\/pt-pt\/wp-json\/wp\/v2\/product\/226339","targetHints":{"allow":["GET"]}}],"collection":[{"href":"https:\/\/www.delicias-uk.com\/pt-pt\/wp-json\/wp\/v2\/product"}],"about":[{"href":"https:\/\/www.delicias-uk.com\/pt-pt\/wp-json\/wp\/v2\/types\/product"}],"author":[{"embeddable":true,"href":"https:\/\/www.delicias-uk.com\/pt-pt\/wp-json\/wp\/v2\/users\/43538"}],"replies":[{"embeddable":true,"href":"https:\/\/www.delicias-uk.com\/pt-pt\/wp-json\/wp\/v2\/comments?post=226339"}],"wp:featuredmedia":[{"embeddable":true,"href":"https:\/\/www.delicias-uk.com\/pt-pt\/wp-json\/wp\/v2\/media\/226338"}],"wp:attachment":[{"href":"https:\/\/www.delicias-uk.com\/pt-pt\/wp-json\/wp\/v2\/media?parent=226339"}],"wp:term":[{"taxonomy":"pwb-brand","embeddable":true,"href":"https:\/\/www.delicias-uk.com\/pt-pt\/wp-json\/wp\/v2\/pwb-brand?post=226339"},{"taxonomy":"product_brand","embeddable":true,"href":"https:\/\/www.delicias-uk.com\/pt-pt\/wp-json\/wp\/v2\/product_brand?post=226339"},{"taxonomy":"product_cat","embeddable":true,"href":"https:\/\/www.delicias-uk.com\/pt-pt\/wp-json\/wp\/v2\/product_cat?post=226339"},{"taxonomy":"product_tag","embeddable":true,"href":"https:\/\/www.delicias-uk.com\/pt-pt\/wp-json\/wp\/v2\/product_tag?post=226339"}],"curies":[{"name":"wp","href":"https:\/\/api.w.org\/{rel}","templated":true}]}}