{"id":226113,"date":"2025-04-25T12:22:17","date_gmt":"2025-04-25T11:22:17","guid":{"rendered":"https:\/\/www.delicias-uk.com\/?post_type=product&#038;p=226113"},"modified":"2025-12-23T11:39:15","modified_gmt":"2025-12-23T11:39:15","slug":"bolo-amendoa-confeitaria-do-vale-500g","status":"publish","type":"product","link":"https:\/\/www.delicias-uk.com\/pt-pt\/produto\/bolo-amendoa-confeitaria-do-vale-500g\/","title":{"rendered":"Bolo Amendoa Confeitaria do Vale 500g"},"content":{"rendered":"<p>Os nossos saborosos Bolos s\u00e3o a op\u00e7\u00e3o perfeita para quem gosta de ter sempre uma fatia de bolo por perto.<\/p>\n<p><strong>Alerg\u00e9nios<\/strong>: cont\u00e9m\u00a0<strong>GL\u00daTEN, AMENDOAS, OVOS<\/strong>\u00a0e\u00a0<strong>LEITE<\/strong>.<\/p>\n<p><strong>Informa\u00e7\u00e3o nutricional por 100g:<\/strong><\/p>\n<ul>\n<li>Energia 1538 Kj \/ 365 kcal<\/li>\n<li>Gorduras 12g<\/li>\n<li>dos quais saturados 1,6g<\/li>\n<li>Hidratos de carbono 57g<\/li>\n<li>dos quais a\u00e7\u00facares 23g<\/li>\n<li>Prote\u00ednas 6,9g<\/li>\n<li>Fibra 0,9g<\/li>\n<li>Sal 1,43g<\/li>\n<\/ul>\n<p><strong>Pa\u00eds de origem<\/strong>: Portugal.<\/p>\n","protected":false},"excerpt":{"rendered":"<ul>\n<li>Peso l\u00edquido 500g<\/li>\n<li>Receita caseira<\/li>\n<li>Perfeito para brunch ou pequeno almo\u00e7o<\/li>\n<\/ul>\n","protected":false},"author":43538,"featured_media":226112,"comment_status":"closed","ping_status":"closed","template":"","meta":[],"pwb-brand":[],"product_brand":[],"product_cat":[8291,8365,8615],"product_tag":[],"class_list":{"0":"post-226113","1":"product","2":"type-product","3":"status-publish","4":"has-post-thumbnail","6":"product_cat-produtos-portugueses","7":"product_cat-confeitaria","8":"product_cat-bolos","10":"first","11":"instock","12":"taxable","13":"shipping-taxable","14":"purchasable","15":"product-type-simple"},"aioseo_notices":[],"brands":[],"_links":{"self":[{"href":"https:\/\/www.delicias-uk.com\/pt-pt\/wp-json\/wp\/v2\/product\/226113","targetHints":{"allow":["GET"]}}],"collection":[{"href":"https:\/\/www.delicias-uk.com\/pt-pt\/wp-json\/wp\/v2\/product"}],"about":[{"href":"https:\/\/www.delicias-uk.com\/pt-pt\/wp-json\/wp\/v2\/types\/product"}],"author":[{"embeddable":true,"href":"https:\/\/www.delicias-uk.com\/pt-pt\/wp-json\/wp\/v2\/users\/43538"}],"replies":[{"embeddable":true,"href":"https:\/\/www.delicias-uk.com\/pt-pt\/wp-json\/wp\/v2\/comments?post=226113"}],"wp:featuredmedia":[{"embeddable":true,"href":"https:\/\/www.delicias-uk.com\/pt-pt\/wp-json\/wp\/v2\/media\/226112"}],"wp:attachment":[{"href":"https:\/\/www.delicias-uk.com\/pt-pt\/wp-json\/wp\/v2\/media?parent=226113"}],"wp:term":[{"taxonomy":"pwb-brand","embeddable":true,"href":"https:\/\/www.delicias-uk.com\/pt-pt\/wp-json\/wp\/v2\/pwb-brand?post=226113"},{"taxonomy":"product_brand","embeddable":true,"href":"https:\/\/www.delicias-uk.com\/pt-pt\/wp-json\/wp\/v2\/product_brand?post=226113"},{"taxonomy":"product_cat","embeddable":true,"href":"https:\/\/www.delicias-uk.com\/pt-pt\/wp-json\/wp\/v2\/product_cat?post=226113"},{"taxonomy":"product_tag","embeddable":true,"href":"https:\/\/www.delicias-uk.com\/pt-pt\/wp-json\/wp\/v2\/product_tag?post=226113"}],"curies":[{"name":"wp","href":"https:\/\/api.w.org\/{rel}","templated":true}]}}