{"id":225854,"date":"2025-04-23T14:43:06","date_gmt":"2025-04-23T13:43:06","guid":{"rendered":"https:\/\/www.delicias-uk.com\/?post_type=product&#038;p=225854"},"modified":"2026-03-31T18:40:25","modified_gmt":"2026-03-31T17:40:25","slug":"camarao-selvagem-nigeria-tigre-4-6-2kg","status":"publish","type":"product","link":"https:\/\/www.delicias-uk.com\/pt-pt\/produto\/camarao-selvagem-nigeria-tigre-4-6-2kg\/","title":{"rendered":"Camarao Selvagem Nigeria Tigre (4-6) 2Kg"},"content":{"rendered":"<p>Camar\u00e3o Selvagem Proveniente dos melhores ecossistemas, aliado a rigorosas condi\u00e7\u00f5es de captura, selec\u00e7\u00e3o e congela\u00e7\u00e3o em alto mar, mant\u00e9m toda a frescura, proporcionando-lhe a sensa\u00e7\u00e3o de estar a consumir um produto acabado de capturar. Para cozer, grelhar ou fritar.<\/p>\n","protected":false},"excerpt":{"rendered":"<p>Camar\u00e3o Selvagem Proveniente dos melhores ecossistemas, aliado a rigorosas condi\u00e7\u00f5es de captura, selec\u00e7\u00e3o e congela\u00e7\u00e3o em alto mar, mant\u00e9m toda a frescura, proporcionando-lhe a sensa\u00e7\u00e3o de estar a consumir um produto acabado de capturar. Para cozer, grelhar ou fritar.<\/p>\n","protected":false},"author":43538,"featured_media":225853,"comment_status":"closed","ping_status":"closed","template":"","meta":[],"pwb-brand":[],"product_brand":[],"product_cat":[9341,8305,8419],"product_tag":[],"class_list":{"0":"post-225854","1":"product","2":"type-product","3":"status-publish","4":"has-post-thumbnail","6":"product_cat-camarao","7":"product_cat-produtos-congelados","8":"product_cat-frutos-do-mar-congelado","10":"first","11":"instock","12":"taxable","13":"shipping-taxable","14":"purchasable","15":"product-type-simple"},"aioseo_notices":[],"brands":[],"_links":{"self":[{"href":"https:\/\/www.delicias-uk.com\/pt-pt\/wp-json\/wp\/v2\/product\/225854","targetHints":{"allow":["GET"]}}],"collection":[{"href":"https:\/\/www.delicias-uk.com\/pt-pt\/wp-json\/wp\/v2\/product"}],"about":[{"href":"https:\/\/www.delicias-uk.com\/pt-pt\/wp-json\/wp\/v2\/types\/product"}],"author":[{"embeddable":true,"href":"https:\/\/www.delicias-uk.com\/pt-pt\/wp-json\/wp\/v2\/users\/43538"}],"replies":[{"embeddable":true,"href":"https:\/\/www.delicias-uk.com\/pt-pt\/wp-json\/wp\/v2\/comments?post=225854"}],"wp:featuredmedia":[{"embeddable":true,"href":"https:\/\/www.delicias-uk.com\/pt-pt\/wp-json\/wp\/v2\/media\/225853"}],"wp:attachment":[{"href":"https:\/\/www.delicias-uk.com\/pt-pt\/wp-json\/wp\/v2\/media?parent=225854"}],"wp:term":[{"taxonomy":"pwb-brand","embeddable":true,"href":"https:\/\/www.delicias-uk.com\/pt-pt\/wp-json\/wp\/v2\/pwb-brand?post=225854"},{"taxonomy":"product_brand","embeddable":true,"href":"https:\/\/www.delicias-uk.com\/pt-pt\/wp-json\/wp\/v2\/product_brand?post=225854"},{"taxonomy":"product_cat","embeddable":true,"href":"https:\/\/www.delicias-uk.com\/pt-pt\/wp-json\/wp\/v2\/product_cat?post=225854"},{"taxonomy":"product_tag","embeddable":true,"href":"https:\/\/www.delicias-uk.com\/pt-pt\/wp-json\/wp\/v2\/product_tag?post=225854"}],"curies":[{"name":"wp","href":"https:\/\/api.w.org\/{rel}","templated":true}]}}