{"id":225830,"date":"2025-04-23T14:16:39","date_gmt":"2025-04-23T13:16:39","guid":{"rendered":"https:\/\/www.delicias-uk.com\/?post_type=product&#038;p=225830"},"modified":"2025-04-23T14:19:29","modified_gmt":"2025-04-23T13:19:29","slug":"banha-de-porco-porminho-5kg","status":"publish","type":"product","link":"https:\/\/www.delicias-uk.com\/pt-pt\/produto\/banha-de-porco-porminho-5kg\/","title":{"rendered":"Banha de Porco Porminho 5Kg"},"content":{"rendered":"<p>A banha cont\u00e9m principais nutrientes que s\u00e3o ben\u00e9ficos para a sa\u00fade, como vitaminas B e C, al\u00e9m de minerais como f\u00f3sforo e ferro.Cozinhar com banha de porco \u00e9 mais saud\u00e1vel do que com \u00f3leos vegetais, diz especialista. Assim como o \u00f3leo de coco, a banha de porco \u00e9 rica em graxos monoinsaturados, ou seja, \u00e9 mais est\u00e1vel ao ser submetida ao calor, sendo mais dif\u00edcil de sofrer oxida\u00e7\u00e3o, al\u00e9m de deixar um sabor especial as suas receitas.<\/p>\n","protected":false},"excerpt":{"rendered":"<ul style=\"list-style-type: disc;\">\n<li>Peso l\u00edquido 5Kg<\/li>\n<li>Banha de porco para uso culin\u00e1rio<\/li>\n<li>Produto Portugu\u00eas<\/li>\n<\/ul>\n","protected":false},"author":43538,"featured_media":234700,"comment_status":"open","ping_status":"closed","template":"","meta":[],"pwb-brand":[],"product_brand":[],"product_cat":[8291,8669,8703],"product_tag":[],"class_list":{"0":"post-225830","1":"product","2":"type-product","3":"status-publish","4":"has-post-thumbnail","6":"product_cat-produtos-portugueses","7":"product_cat-paio-outros","8":"product_cat-marinada","10":"first","11":"instock","12":"taxable","13":"shipping-taxable","14":"purchasable","15":"product-type-simple"},"aioseo_notices":[],"brands":[],"_links":{"self":[{"href":"https:\/\/www.delicias-uk.com\/pt-pt\/wp-json\/wp\/v2\/product\/225830","targetHints":{"allow":["GET"]}}],"collection":[{"href":"https:\/\/www.delicias-uk.com\/pt-pt\/wp-json\/wp\/v2\/product"}],"about":[{"href":"https:\/\/www.delicias-uk.com\/pt-pt\/wp-json\/wp\/v2\/types\/product"}],"author":[{"embeddable":true,"href":"https:\/\/www.delicias-uk.com\/pt-pt\/wp-json\/wp\/v2\/users\/43538"}],"replies":[{"embeddable":true,"href":"https:\/\/www.delicias-uk.com\/pt-pt\/wp-json\/wp\/v2\/comments?post=225830"}],"wp:featuredmedia":[{"embeddable":true,"href":"https:\/\/www.delicias-uk.com\/pt-pt\/wp-json\/wp\/v2\/media\/234700"}],"wp:attachment":[{"href":"https:\/\/www.delicias-uk.com\/pt-pt\/wp-json\/wp\/v2\/media?parent=225830"}],"wp:term":[{"taxonomy":"pwb-brand","embeddable":true,"href":"https:\/\/www.delicias-uk.com\/pt-pt\/wp-json\/wp\/v2\/pwb-brand?post=225830"},{"taxonomy":"product_brand","embeddable":true,"href":"https:\/\/www.delicias-uk.com\/pt-pt\/wp-json\/wp\/v2\/product_brand?post=225830"},{"taxonomy":"product_cat","embeddable":true,"href":"https:\/\/www.delicias-uk.com\/pt-pt\/wp-json\/wp\/v2\/product_cat?post=225830"},{"taxonomy":"product_tag","embeddable":true,"href":"https:\/\/www.delicias-uk.com\/pt-pt\/wp-json\/wp\/v2\/product_tag?post=225830"}],"curies":[{"name":"wp","href":"https:\/\/api.w.org\/{rel}","templated":true}]}}