{"id":225808,"date":"2025-04-23T13:55:43","date_gmt":"2025-04-23T12:55:43","guid":{"rendered":"https:\/\/www.delicias-uk.com\/?post_type=product&#038;p=225808"},"modified":"2025-04-23T13:56:55","modified_gmt":"2025-04-23T12:56:55","slug":"b-ice-drink-sabor-maca-330ml-x-12","status":"publish","type":"product","link":"https:\/\/www.delicias-uk.com\/pt-pt\/produto\/b-ice-drink-sabor-maca-330ml-x-12\/","title":{"rendered":"B! Ice Drink Sabor Ma\u00e7\u00e3 330ml x 12"},"content":{"rendered":"<p>Bebida refrescante de ma\u00e7\u00e3 com baixo valor calorico, sem corantes ou conservantes.<\/p>\n","protected":false},"excerpt":{"rendered":"<ul style=\"list-style-type: disc;\">\n<li>Peso l\u00edquido 330ml<\/li>\n<li>Ingredientes 100% naturais<\/li>\n<li>Pronto para beber<\/li>\n<\/ul>\n","protected":false},"author":43538,"featured_media":225811,"comment_status":"open","ping_status":"closed","template":"","meta":[],"pwb-brand":[],"product_brand":[],"product_cat":[8289,8291,8423,8491,8499,8539],"product_tag":[],"class_list":{"0":"post-225808","1":"product","2":"type-product","3":"status-publish","4":"has-post-thumbnail","6":"product_cat-inicio","7":"product_cat-produtos-portugueses","8":"product_cat-bebidas-pt-pt","9":"product_cat-refrigerantes","10":"product_cat-sem-glutem","11":"product_cat-sem-lactose","13":"first","14":"instock","15":"taxable","16":"shipping-taxable","17":"purchasable","18":"product-type-simple"},"aioseo_notices":[],"brands":[],"_links":{"self":[{"href":"https:\/\/www.delicias-uk.com\/pt-pt\/wp-json\/wp\/v2\/product\/225808","targetHints":{"allow":["GET"]}}],"collection":[{"href":"https:\/\/www.delicias-uk.com\/pt-pt\/wp-json\/wp\/v2\/product"}],"about":[{"href":"https:\/\/www.delicias-uk.com\/pt-pt\/wp-json\/wp\/v2\/types\/product"}],"author":[{"embeddable":true,"href":"https:\/\/www.delicias-uk.com\/pt-pt\/wp-json\/wp\/v2\/users\/43538"}],"replies":[{"embeddable":true,"href":"https:\/\/www.delicias-uk.com\/pt-pt\/wp-json\/wp\/v2\/comments?post=225808"}],"wp:featuredmedia":[{"embeddable":true,"href":"https:\/\/www.delicias-uk.com\/pt-pt\/wp-json\/wp\/v2\/media\/225811"}],"wp:attachment":[{"href":"https:\/\/www.delicias-uk.com\/pt-pt\/wp-json\/wp\/v2\/media?parent=225808"}],"wp:term":[{"taxonomy":"pwb-brand","embeddable":true,"href":"https:\/\/www.delicias-uk.com\/pt-pt\/wp-json\/wp\/v2\/pwb-brand?post=225808"},{"taxonomy":"product_brand","embeddable":true,"href":"https:\/\/www.delicias-uk.com\/pt-pt\/wp-json\/wp\/v2\/product_brand?post=225808"},{"taxonomy":"product_cat","embeddable":true,"href":"https:\/\/www.delicias-uk.com\/pt-pt\/wp-json\/wp\/v2\/product_cat?post=225808"},{"taxonomy":"product_tag","embeddable":true,"href":"https:\/\/www.delicias-uk.com\/pt-pt\/wp-json\/wp\/v2\/product_tag?post=225808"}],"curies":[{"name":"wp","href":"https:\/\/api.w.org\/{rel}","templated":true}]}}