{"id":225771,"date":"2025-04-23T12:25:28","date_gmt":"2025-04-23T11:25:28","guid":{"rendered":"https:\/\/www.delicias-uk.com\/?post_type=product&#038;p=225771"},"modified":"2025-04-23T12:26:11","modified_gmt":"2025-04-23T11:26:11","slug":"atlas-bife-da-vazia-ana-paula-black-angus-congelado-5kg-uruguai","status":"publish","type":"product","link":"https:\/\/www.delicias-uk.com\/pt-pt\/produto\/atlas-bife-da-vazia-ana-paula-black-angus-congelado-5kg-uruguai\/","title":{"rendered":"Atlas Bife da Vazia Ana Paula Black Angus Congelado +\/- 5kg (Uruguai)"},"content":{"rendered":"<p data-start=\"0\" data-end=\"348\"><strong data-start=\"0\" data-end=\"71\">Atlas Bife da Vazia Ana Paula Black Angus Congelado &#8211; kg (Uruguai)<\/strong>\u00a0\u00e9 um corte de carne premium, proveniente da ra\u00e7a\u00a0<strong data-start=\"121\" data-end=\"136\">Black Angus<\/strong>, conhecida por sua maciez e sabor incompar\u00e1veis. Esse bife da vazia \u00e9 ideal para quem busca uma experi\u00eancia gastron\u00f4mica de alta qualidade, perfeito para grelhar, assar ou preparar em diversos tipos de receitas.<\/p>\n<h3 data-start=\"350\" data-end=\"370\">Caracter\u00edsticas:<\/h3>\n<ul data-start=\"371\" data-end=\"701\">\n<li data-start=\"371\" data-end=\"386\">\n<p data-start=\"373\" data-end=\"386\"><strong data-start=\"373\" data-end=\"381\">Peso<\/strong>: +\/- 5Kg<\/p>\n<\/li>\n<li data-start=\"387\" data-end=\"458\">\n<p data-start=\"389\" data-end=\"458\"><strong data-start=\"389\" data-end=\"399\">Origem<\/strong>: Uruguai, reconhecido pela qualidade da carne Black Angus.<\/p>\n<\/li>\n<li data-start=\"459\" data-end=\"504\">\n<p data-start=\"461\" data-end=\"504\"><strong data-start=\"461\" data-end=\"470\">Corte<\/strong>: Bife da vazia, macio e saboroso.<\/p>\n<\/li>\n<li data-start=\"505\" data-end=\"581\">\n<p data-start=\"507\" data-end=\"581\"><strong data-start=\"507\" data-end=\"520\">Congelado<\/strong>: Para garantir frescor e praticidade no armazenamento e uso.<\/p>\n<\/li>\n<li data-start=\"582\" data-end=\"701\">\n<p data-start=\"584\" data-end=\"701\"><strong data-start=\"584\" data-end=\"597\">Qualidade<\/strong>: A carne Black Angus \u00e9 conhecida por seu marmoreio, o que proporciona uma textura suculenta e saborosa.<\/p>\n<\/li>\n<\/ul>\n","protected":false},"excerpt":{"rendered":"<p>Atlas Bife da Vazia Ana Paula Black Angus Congelado &#8211; kg (Uruguai)\u00a0\u00e9 um corte de carne premium, proveniente da ra\u00e7a\u00a0Black Angus, conhecida por sua maciez e sabor incompar\u00e1veis. Esse bife da vazia \u00e9 ideal para quem busca uma experi\u00eancia gastron\u00f4mica de alta qualidade, perfeito para grelhar, assar ou preparar em diversos tipos de receitas. Caracter\u00edsticas: [&hellip;]<\/p>\n","protected":false},"author":43538,"featured_media":225770,"comment_status":"closed","ping_status":"closed","template":"","meta":[],"pwb-brand":[],"product_brand":[],"product_cat":[8305,8391],"product_tag":[],"class_list":{"0":"post-225771","1":"product","2":"type-product","3":"status-publish","4":"has-post-thumbnail","6":"product_cat-produtos-congelados","7":"product_cat-carne-congelada","9":"first","10":"outofstock","11":"taxable","12":"shipping-taxable","13":"purchasable","14":"product-type-simple"},"aioseo_notices":[],"brands":[],"_links":{"self":[{"href":"https:\/\/www.delicias-uk.com\/pt-pt\/wp-json\/wp\/v2\/product\/225771","targetHints":{"allow":["GET"]}}],"collection":[{"href":"https:\/\/www.delicias-uk.com\/pt-pt\/wp-json\/wp\/v2\/product"}],"about":[{"href":"https:\/\/www.delicias-uk.com\/pt-pt\/wp-json\/wp\/v2\/types\/product"}],"author":[{"embeddable":true,"href":"https:\/\/www.delicias-uk.com\/pt-pt\/wp-json\/wp\/v2\/users\/43538"}],"replies":[{"embeddable":true,"href":"https:\/\/www.delicias-uk.com\/pt-pt\/wp-json\/wp\/v2\/comments?post=225771"}],"wp:featuredmedia":[{"embeddable":true,"href":"https:\/\/www.delicias-uk.com\/pt-pt\/wp-json\/wp\/v2\/media\/225770"}],"wp:attachment":[{"href":"https:\/\/www.delicias-uk.com\/pt-pt\/wp-json\/wp\/v2\/media?parent=225771"}],"wp:term":[{"taxonomy":"pwb-brand","embeddable":true,"href":"https:\/\/www.delicias-uk.com\/pt-pt\/wp-json\/wp\/v2\/pwb-brand?post=225771"},{"taxonomy":"product_brand","embeddable":true,"href":"https:\/\/www.delicias-uk.com\/pt-pt\/wp-json\/wp\/v2\/product_brand?post=225771"},{"taxonomy":"product_cat","embeddable":true,"href":"https:\/\/www.delicias-uk.com\/pt-pt\/wp-json\/wp\/v2\/product_cat?post=225771"},{"taxonomy":"product_tag","embeddable":true,"href":"https:\/\/www.delicias-uk.com\/pt-pt\/wp-json\/wp\/v2\/product_tag?post=225771"}],"curies":[{"name":"wp","href":"https:\/\/api.w.org\/{rel}","templated":true}]}}