{"id":225766,"date":"2025-04-23T12:14:27","date_gmt":"2025-04-23T11:14:27","guid":{"rendered":"https:\/\/www.delicias-uk.com\/?post_type=product&#038;p=225766"},"modified":"2025-04-23T12:15:05","modified_gmt":"2025-04-23T11:15:05","slug":"camarao-selvagem-tigre-oceano-indico-2-4-2kg","status":"publish","type":"product","link":"https:\/\/www.delicias-uk.com\/pt-pt\/produto\/camarao-selvagem-tigre-oceano-indico-2-4-2kg\/","title":{"rendered":"Camarao Selvagem Tigre Oceano Indico  (2-4) 2Kg"},"content":{"rendered":"<p><span class=\"relative -mx-px my-[-0.2rem] rounded px-px py-[0.2rem] transition-colors duration-100 ease-in-out\">O\u00a0<strong data-start=\"2\" data-end=\"34\">Camar\u00e3o Tigre Selvagem (2-4)<\/strong>\u00a0proveniente do\u00a0<strong data-start=\"50\" data-end=\"67\">Oceano \u00cdndico<\/strong>\u00a0\u00e9 uma iguaria de excel\u00eancia, apreciada pela sua textura firme, sabor intenso e tamanho impressionante.<\/span>\u00a0<span class=\"relative -mx-px my-[-0.2rem] rounded px-px py-[0.2rem] transition-colors duration-100 ease-in-out\">O calibre\u00a0<strong data-start=\"10\" data-end=\"17\">2\/4<\/strong>\u00a0indica que h\u00e1 entre 2 a 4 unidades por quilo, o que o posiciona entre os maiores camar\u00f5es dispon\u00edveis no mercado.<\/span><\/p>\n<p>&nbsp;<\/p>\n<h3 class=\"\" data-start=\"166\" data-end=\"199\">Caracter\u00edsticas Principais<\/h3>\n<ul data-start=\"201\" data-end=\"503\">\n<li class=\"\" data-start=\"201\" data-end=\"253\">\n<p class=\"\" data-start=\"203\" data-end=\"253\"><strong data-start=\"203\" data-end=\"214\">Esp\u00e9cie<\/strong>:\u00a0<span class=\"relative -mx-px my-[-0.2rem] rounded px-px py-[0.2rem] transition-colors duration-100 ease-in-out\"><em data-start=\"0\" data-end=\"17\" data-is-only-node=\"\">Penaeus monodon<\/em>, tamb\u00e9m conhecido como camar\u00e3o-tigre-gigante.<\/span><\/p>\n<\/li>\n<li class=\"\" data-start=\"254\" data-end=\"305\">\n<p class=\"\" data-start=\"256\" data-end=\"305\"><strong data-start=\"256\" data-end=\"266\">Origem<\/strong>:\u00a0<span class=\"relative -mx-px my-[-0.2rem] rounded px-px py-[0.2rem] transition-colors duration-100 ease-in-out\">Oceano \u00cdndico, com capturas frequentes em zonas como Mo\u00e7ambique e Senegal.<\/span><\/p>\n<\/li>\n<li class=\"\" data-start=\"306\" data-end=\"358\">\n<p class=\"\" data-start=\"308\" data-end=\"358\"><strong data-start=\"308\" data-end=\"319\">Calibre<\/strong>:\u00a0<span class=\"relative -mx-px my-[-0.2rem] rounded px-px py-[0.2rem] transition-colors duration-100 ease-in-out\">2\/4 (2 a 4 unidades por quilo), ideal para pratos de apresenta\u00e7\u00e3o sofisticada.<\/span><\/p>\n<\/li>\n<li class=\"\" data-start=\"359\" data-end=\"410\">\n<p class=\"\" data-start=\"361\" data-end=\"410\"><strong data-start=\"361\" data-end=\"371\">Estado<\/strong>:\u00a0<span class=\"relative -mx-px my-[-0.2rem] rounded px-px py-[0.2rem] transition-colors duration-100 ease-in-out\">Congelado, geralmente inteiro com cabe\u00e7a e casca (HOSO \u2013 Head-On, Shell-On).<\/span><\/p>\n<\/li>\n<li class=\"\" data-start=\"411\" data-end=\"503\">\n<p class=\"\" data-start=\"413\" data-end=\"503\"><strong data-start=\"413\" data-end=\"420\">Cor<\/strong>:\u00a0<span class=\"relative -mx-px my-[-0.2rem] rounded px-px py-[0.2rem] transition-colors duration-100 ease-in-out\">Castanho-claro a avermelhado, com listras escuras e claras na carapa\u00e7a.<\/span>\u200b<\/p>\n<\/li>\n<\/ul>\n<p>&nbsp;<\/p>\n<h3 class=\"\" data-start=\"510\" data-end=\"541\">Sugest\u00f5es de Prepara\u00e7\u00e3o<\/h3>\n<p class=\"\" data-start=\"543\" data-end=\"628\"><span class=\"relative -mx-px my-[-0.2rem] rounded px-px py-[0.2rem] transition-colors duration-100 ease-in-out\">Devido ao seu tamanho e sabor marcante, este camar\u00e3o \u00e9 perfeito para:<\/span>\u200b<\/p>\n<ul data-start=\"630\" data-end=\"913\">\n<li class=\"\" data-start=\"630\" data-end=\"686\">\n<p class=\"\" data-start=\"632\" data-end=\"686\"><strong data-start=\"632\" data-end=\"645\">Grelhados<\/strong>:\u00a0<span class=\"relative -mx-px my-[-0.2rem] rounded px-px py-[0.2rem] transition-colors duration-100 ease-in-out\">Real\u00e7a o sabor natural do marisco.<\/span><\/p>\n<\/li>\n<li class=\"\" data-start=\"687\" data-end=\"750\">\n<p class=\"\" data-start=\"689\" data-end=\"750\"><strong data-start=\"689\" data-end=\"709\">Assados no forno<\/strong>:\u00a0<span class=\"relative -mx-px my-[-0.2rem] rounded px-px py-[0.2rem] transition-colors duration-100 ease-in-out\">Com ervas arom\u00e1ticas e azeite.<\/span><\/p>\n<\/li>\n<li class=\"\" data-start=\"751\" data-end=\"805\">\n<p class=\"\" data-start=\"753\" data-end=\"805\"><strong data-start=\"753\" data-end=\"764\">Cozidos<\/strong>:\u00a0<span class=\"relative -mx-px my-[-0.2rem] rounded px-px py-[0.2rem] transition-colors duration-100 ease-in-out\">Servidos com molhos c\u00edtricos ou picantes.<\/span><\/p>\n<\/li>\n<li class=\"\" data-start=\"806\" data-end=\"913\">\n<p class=\"\" data-start=\"808\" data-end=\"913\"><strong data-start=\"808\" data-end=\"826\">Pratos gourmet<\/strong>:\u00a0<span class=\"relative -mx-px my-[-0.2rem] rounded px-px py-[0.2rem] transition-colors duration-100 ease-in-out\">Como risotos, paellas ou massas com frutos do mar.<\/span><\/p>\n<\/li>\n<\/ul>\n","protected":false},"excerpt":{"rendered":"<p>O\u00a0Camar\u00e3o Tigre Selvagem (2-4)\u00a0proveniente do\u00a0Oceano \u00cdndico\u00a0\u00e9 uma iguaria de excel\u00eancia, apreciada pela sua textura firme, sabor intenso e tamanho impressionante.\u00a0O calibre\u00a02\/4\u00a0indica que h\u00e1 entre 2 a 4 unidades por quilo, o que o posiciona entre os maiores camar\u00f5es dispon\u00edveis no mercado. &nbsp; Caracter\u00edsticas Principais Esp\u00e9cie:\u00a0Penaeus monodon, tamb\u00e9m conhecido como camar\u00e3o-tigre-gigante. Origem:\u00a0Oceano \u00cdndico, com capturas frequentes [&hellip;]<\/p>\n","protected":false},"author":43538,"featured_media":225759,"comment_status":"closed","ping_status":"closed","template":"","meta":[],"pwb-brand":[],"product_brand":[],"product_cat":[9341,8305,8419],"product_tag":[],"class_list":{"0":"post-225766","1":"product","2":"type-product","3":"status-publish","4":"has-post-thumbnail","6":"product_cat-camarao","7":"product_cat-produtos-congelados","8":"product_cat-frutos-do-mar-congelado","10":"first","11":"instock","12":"taxable","13":"shipping-taxable","14":"purchasable","15":"product-type-simple"},"aioseo_notices":[],"brands":[],"_links":{"self":[{"href":"https:\/\/www.delicias-uk.com\/pt-pt\/wp-json\/wp\/v2\/product\/225766","targetHints":{"allow":["GET"]}}],"collection":[{"href":"https:\/\/www.delicias-uk.com\/pt-pt\/wp-json\/wp\/v2\/product"}],"about":[{"href":"https:\/\/www.delicias-uk.com\/pt-pt\/wp-json\/wp\/v2\/types\/product"}],"author":[{"embeddable":true,"href":"https:\/\/www.delicias-uk.com\/pt-pt\/wp-json\/wp\/v2\/users\/43538"}],"replies":[{"embeddable":true,"href":"https:\/\/www.delicias-uk.com\/pt-pt\/wp-json\/wp\/v2\/comments?post=225766"}],"wp:featuredmedia":[{"embeddable":true,"href":"https:\/\/www.delicias-uk.com\/pt-pt\/wp-json\/wp\/v2\/media\/225759"}],"wp:attachment":[{"href":"https:\/\/www.delicias-uk.com\/pt-pt\/wp-json\/wp\/v2\/media?parent=225766"}],"wp:term":[{"taxonomy":"pwb-brand","embeddable":true,"href":"https:\/\/www.delicias-uk.com\/pt-pt\/wp-json\/wp\/v2\/pwb-brand?post=225766"},{"taxonomy":"product_brand","embeddable":true,"href":"https:\/\/www.delicias-uk.com\/pt-pt\/wp-json\/wp\/v2\/product_brand?post=225766"},{"taxonomy":"product_cat","embeddable":true,"href":"https:\/\/www.delicias-uk.com\/pt-pt\/wp-json\/wp\/v2\/product_cat?post=225766"},{"taxonomy":"product_tag","embeddable":true,"href":"https:\/\/www.delicias-uk.com\/pt-pt\/wp-json\/wp\/v2\/product_tag?post=225766"}],"curies":[{"name":"wp","href":"https:\/\/api.w.org\/{rel}","templated":true}]}}