{"id":225748,"date":"2025-04-23T11:10:17","date_gmt":"2025-04-23T10:10:17","guid":{"rendered":"https:\/\/www.delicias-uk.com\/?post_type=product&#038;p=225748"},"modified":"2026-04-26T16:38:50","modified_gmt":"2026-04-26T15:38:50","slug":"ucal-galao-cafe-com-leite-20cl-x-3","status":"publish","type":"product","link":"https:\/\/www.delicias-uk.com\/pt-pt\/produto\/ucal-galao-cafe-com-leite-20cl-x-3\/","title":{"rendered":"Ucal Galao (Caf\u00e9 com Leite) 20cl x 3"},"content":{"rendered":"<p>O sabor cl\u00e1ssico do caf\u00e9 com leite, agora com toda a praticidade que o seu dia merece!<\/p>\n<p>Produzido em Portugal, o Ucal Gal\u00e3o traz a combina\u00e7\u00e3o perfeita de leite semidesnatado (1,3% de gordura) e caf\u00e9, numa bebida cremosa, suave e pronta para consumir a qualquer hora. O pack com 3 unidades de 200ml \u00e9 ideal para levar consigo para o trabalho, escola ou para ter sempre \u00e0 m\u00e3o em casa.<\/p>\n<ul>\n<li>Pr\u00e1tico<\/li>\n<li>Saboroso<\/li>\n<li>Feito com leite portugu\u00eas<\/li>\n<\/ul>\n<p>Perfeito para acompanhar o pequeno-almo\u00e7o, lanche ou aquele momento de pausa no meio do dia.<\/p>\n","protected":false},"excerpt":{"rendered":"<ul>\n<li>Pr\u00e1tico<\/li>\n<li>Saboroso<\/li>\n<li>Feito com leite portugu\u00eas<\/li>\n<\/ul>\n","protected":false},"author":43538,"featured_media":225743,"comment_status":"closed","ping_status":"closed","template":"","meta":[],"pwb-brand":[],"product_brand":[],"product_cat":[8377,8551,8737],"product_tag":[],"class_list":{"0":"post-225748","1":"product","2":"type-product","3":"status-publish","4":"has-post-thumbnail","6":"product_cat-lacticinios","7":"product_cat-leite-e-creme","8":"product_cat-achocolatado","10":"first","11":"instock","12":"taxable","13":"shipping-taxable","14":"purchasable","15":"product-type-simple"},"aioseo_notices":[],"brands":[],"_links":{"self":[{"href":"https:\/\/www.delicias-uk.com\/pt-pt\/wp-json\/wp\/v2\/product\/225748","targetHints":{"allow":["GET"]}}],"collection":[{"href":"https:\/\/www.delicias-uk.com\/pt-pt\/wp-json\/wp\/v2\/product"}],"about":[{"href":"https:\/\/www.delicias-uk.com\/pt-pt\/wp-json\/wp\/v2\/types\/product"}],"author":[{"embeddable":true,"href":"https:\/\/www.delicias-uk.com\/pt-pt\/wp-json\/wp\/v2\/users\/43538"}],"replies":[{"embeddable":true,"href":"https:\/\/www.delicias-uk.com\/pt-pt\/wp-json\/wp\/v2\/comments?post=225748"}],"wp:featuredmedia":[{"embeddable":true,"href":"https:\/\/www.delicias-uk.com\/pt-pt\/wp-json\/wp\/v2\/media\/225743"}],"wp:attachment":[{"href":"https:\/\/www.delicias-uk.com\/pt-pt\/wp-json\/wp\/v2\/media?parent=225748"}],"wp:term":[{"taxonomy":"pwb-brand","embeddable":true,"href":"https:\/\/www.delicias-uk.com\/pt-pt\/wp-json\/wp\/v2\/pwb-brand?post=225748"},{"taxonomy":"product_brand","embeddable":true,"href":"https:\/\/www.delicias-uk.com\/pt-pt\/wp-json\/wp\/v2\/product_brand?post=225748"},{"taxonomy":"product_cat","embeddable":true,"href":"https:\/\/www.delicias-uk.com\/pt-pt\/wp-json\/wp\/v2\/product_cat?post=225748"},{"taxonomy":"product_tag","embeddable":true,"href":"https:\/\/www.delicias-uk.com\/pt-pt\/wp-json\/wp\/v2\/product_tag?post=225748"}],"curies":[{"name":"wp","href":"https:\/\/api.w.org\/{rel}","templated":true}]}}