{"id":225457,"date":"2025-04-16T14:06:03","date_gmt":"2025-04-16T13:06:03","guid":{"rendered":"https:\/\/www.delicias-uk.com\/?post_type=product&#038;p=225457"},"modified":"2026-01-31T19:45:43","modified_gmt":"2026-01-31T19:45:43","slug":"copita-de-porco-preto-bolota-barrancos-200g","status":"publish","type":"product","link":"https:\/\/www.delicias-uk.com\/pt-pt\/produto\/copita-de-porco-preto-bolota-barrancos-200g\/","title":{"rendered":"Copita de Porco Preto Bolota Barrancos 200g"},"content":{"rendered":"<p>\u200bA &#8220;Copita de Porco Preto Bolota&#8221; de Barrancos \u00e9 um enchido nobre portugu\u00eas, produzido a partir do cacha\u00e7o do porco preto alentejano alimentado com bolota. Este produto destaca-se pelo seu aroma intenso e textura suave, sendo excecionalmente tenro e suculento. Apresenta uma gordura de cor rosada a branco nacarado e um sabor pouco salgado, mas persistente.\u200b<\/p>\n","protected":false},"excerpt":{"rendered":"<p>\u200bA &#8220;Copita de Porco Preto Bolota&#8221; de Barrancos \u00e9 um enchido nobre portugu\u00eas, produzido a partir do cacha\u00e7o do porco preto alentejano alimentado com bolota. Este produto destaca-se pelo seu aroma intenso e textura suave, sendo excecionalmente tenro e suculento. Apresenta uma gordura de cor rosada a branco nacarado e um sabor pouco salgado, mas [&hellip;]<\/p>\n","protected":false},"author":43538,"featured_media":225455,"comment_status":"closed","ping_status":"closed","template":"","meta":[],"pwb-brand":[],"product_brand":[],"product_cat":[8291,8337,8669],"product_tag":[],"class_list":{"0":"post-225457","1":"product","2":"type-product","3":"status-publish","4":"has-post-thumbnail","6":"product_cat-produtos-portugueses","7":"product_cat-charcutaria","8":"product_cat-paio-outros","10":"first","11":"outofstock","12":"taxable","13":"shipping-taxable","14":"purchasable","15":"product-type-simple"},"aioseo_notices":[],"brands":[],"_links":{"self":[{"href":"https:\/\/www.delicias-uk.com\/pt-pt\/wp-json\/wp\/v2\/product\/225457","targetHints":{"allow":["GET"]}}],"collection":[{"href":"https:\/\/www.delicias-uk.com\/pt-pt\/wp-json\/wp\/v2\/product"}],"about":[{"href":"https:\/\/www.delicias-uk.com\/pt-pt\/wp-json\/wp\/v2\/types\/product"}],"author":[{"embeddable":true,"href":"https:\/\/www.delicias-uk.com\/pt-pt\/wp-json\/wp\/v2\/users\/43538"}],"replies":[{"embeddable":true,"href":"https:\/\/www.delicias-uk.com\/pt-pt\/wp-json\/wp\/v2\/comments?post=225457"}],"wp:featuredmedia":[{"embeddable":true,"href":"https:\/\/www.delicias-uk.com\/pt-pt\/wp-json\/wp\/v2\/media\/225455"}],"wp:attachment":[{"href":"https:\/\/www.delicias-uk.com\/pt-pt\/wp-json\/wp\/v2\/media?parent=225457"}],"wp:term":[{"taxonomy":"pwb-brand","embeddable":true,"href":"https:\/\/www.delicias-uk.com\/pt-pt\/wp-json\/wp\/v2\/pwb-brand?post=225457"},{"taxonomy":"product_brand","embeddable":true,"href":"https:\/\/www.delicias-uk.com\/pt-pt\/wp-json\/wp\/v2\/product_brand?post=225457"},{"taxonomy":"product_cat","embeddable":true,"href":"https:\/\/www.delicias-uk.com\/pt-pt\/wp-json\/wp\/v2\/product_cat?post=225457"},{"taxonomy":"product_tag","embeddable":true,"href":"https:\/\/www.delicias-uk.com\/pt-pt\/wp-json\/wp\/v2\/product_tag?post=225457"}],"curies":[{"name":"wp","href":"https:\/\/api.w.org\/{rel}","templated":true}]}}