{"id":225336,"date":"2025-04-14T16:42:47","date_gmt":"2025-04-14T15:42:47","guid":{"rendered":"https:\/\/www.delicias-uk.com\/?post_type=product&#038;p=225336"},"modified":"2025-04-14T17:10:13","modified_gmt":"2025-04-14T16:10:13","slug":"torta-red-velvet-10-fatias","status":"publish","type":"product","link":"https:\/\/www.delicias-uk.com\/pt-pt\/produto\/torta-red-velvet-10-fatias\/","title":{"rendered":"Torta Red Velvet 10 fatias"},"content":{"rendered":"<p>Bolo red velvet com 10 fatias \u00e9 uma sobremesa cl\u00e1ssica e popular, perfeita para comemora\u00e7\u00f5es como anivers\u00e1rios, datas comemorativas ou reuni\u00f5es.<\/p>\n","protected":false},"excerpt":{"rendered":"<p>Bolo red velvet com 10 fatias \u00e9 uma sobremesa cl\u00e1ssica e popular, perfeita para comemora\u00e7\u00f5es como anivers\u00e1rios, datas comemorativas ou reuni\u00f5es.<\/p>\n","protected":false},"author":43538,"featured_media":225337,"comment_status":"closed","ping_status":"closed","template":"","meta":[],"pwb-brand":[],"product_brand":[],"product_cat":[8305,8329],"product_tag":[],"class_list":{"0":"post-225336","1":"product","2":"type-product","3":"status-publish","4":"has-post-thumbnail","6":"product_cat-produtos-congelados","7":"product_cat-sobremesa-congelada","9":"first","10":"instock","11":"taxable","12":"shipping-taxable","13":"purchasable","14":"product-type-simple"},"aioseo_notices":[],"brands":[],"_links":{"self":[{"href":"https:\/\/www.delicias-uk.com\/pt-pt\/wp-json\/wp\/v2\/product\/225336","targetHints":{"allow":["GET"]}}],"collection":[{"href":"https:\/\/www.delicias-uk.com\/pt-pt\/wp-json\/wp\/v2\/product"}],"about":[{"href":"https:\/\/www.delicias-uk.com\/pt-pt\/wp-json\/wp\/v2\/types\/product"}],"author":[{"embeddable":true,"href":"https:\/\/www.delicias-uk.com\/pt-pt\/wp-json\/wp\/v2\/users\/43538"}],"replies":[{"embeddable":true,"href":"https:\/\/www.delicias-uk.com\/pt-pt\/wp-json\/wp\/v2\/comments?post=225336"}],"wp:featuredmedia":[{"embeddable":true,"href":"https:\/\/www.delicias-uk.com\/pt-pt\/wp-json\/wp\/v2\/media\/225337"}],"wp:attachment":[{"href":"https:\/\/www.delicias-uk.com\/pt-pt\/wp-json\/wp\/v2\/media?parent=225336"}],"wp:term":[{"taxonomy":"pwb-brand","embeddable":true,"href":"https:\/\/www.delicias-uk.com\/pt-pt\/wp-json\/wp\/v2\/pwb-brand?post=225336"},{"taxonomy":"product_brand","embeddable":true,"href":"https:\/\/www.delicias-uk.com\/pt-pt\/wp-json\/wp\/v2\/product_brand?post=225336"},{"taxonomy":"product_cat","embeddable":true,"href":"https:\/\/www.delicias-uk.com\/pt-pt\/wp-json\/wp\/v2\/product_cat?post=225336"},{"taxonomy":"product_tag","embeddable":true,"href":"https:\/\/www.delicias-uk.com\/pt-pt\/wp-json\/wp\/v2\/product_tag?post=225336"}],"curies":[{"name":"wp","href":"https:\/\/api.w.org\/{rel}","templated":true}]}}