{"id":225172,"date":"2025-04-11T11:48:42","date_gmt":"2025-04-11T10:48:42","guid":{"rendered":"https:\/\/www.delicias-uk.com\/?post_type=product&#038;p=225172"},"modified":"2026-02-06T11:48:46","modified_gmt":"2026-02-06T11:48:46","slug":"sumol-maracuja-pet-1-5l-copy","status":"publish","type":"product","link":"https:\/\/www.delicias-uk.com\/pt-pt\/produto\/sumol-maracuja-pet-1-5l-copy\/","title":{"rendered":"Sumol Maracuj\u00e1 Pet 1.5L x 6"},"content":{"rendered":"<p>Sumol \u00e9 uma bebida altamente refrescante com sumo de maracuj\u00e1, sem corantes nem conservantes, levemente gaseificada, com polpa de fruta em suspens\u00e3o!<\/p>\n","protected":false},"excerpt":{"rendered":"<ul style=\"list-style-type:disc\">\n<li>Tamanho 1.5L<\/li>\n<li>Sabor maracuj\u00e1<\/li>\n<li>Sem lactose e gl\u00faten<\/li>\n<li>Pronto para beber<\/li>\n<li>Sumol \u00e9 uma marca Portuguesa<\/li>\n<\/ul>\n","protected":false},"author":43538,"featured_media":225174,"comment_status":"open","ping_status":"closed","template":"","meta":[],"pwb-brand":[],"product_brand":[],"product_cat":[8491],"product_tag":[],"class_list":{"0":"post-225172","1":"product","2":"type-product","3":"status-publish","4":"has-post-thumbnail","6":"product_cat-refrigerantes","8":"first","9":"instock","10":"taxable","11":"shipping-taxable","12":"purchasable","13":"product-type-simple"},"aioseo_notices":[],"brands":[],"_links":{"self":[{"href":"https:\/\/www.delicias-uk.com\/pt-pt\/wp-json\/wp\/v2\/product\/225172","targetHints":{"allow":["GET"]}}],"collection":[{"href":"https:\/\/www.delicias-uk.com\/pt-pt\/wp-json\/wp\/v2\/product"}],"about":[{"href":"https:\/\/www.delicias-uk.com\/pt-pt\/wp-json\/wp\/v2\/types\/product"}],"author":[{"embeddable":true,"href":"https:\/\/www.delicias-uk.com\/pt-pt\/wp-json\/wp\/v2\/users\/43538"}],"replies":[{"embeddable":true,"href":"https:\/\/www.delicias-uk.com\/pt-pt\/wp-json\/wp\/v2\/comments?post=225172"}],"wp:featuredmedia":[{"embeddable":true,"href":"https:\/\/www.delicias-uk.com\/pt-pt\/wp-json\/wp\/v2\/media\/225174"}],"wp:attachment":[{"href":"https:\/\/www.delicias-uk.com\/pt-pt\/wp-json\/wp\/v2\/media?parent=225172"}],"wp:term":[{"taxonomy":"pwb-brand","embeddable":true,"href":"https:\/\/www.delicias-uk.com\/pt-pt\/wp-json\/wp\/v2\/pwb-brand?post=225172"},{"taxonomy":"product_brand","embeddable":true,"href":"https:\/\/www.delicias-uk.com\/pt-pt\/wp-json\/wp\/v2\/product_brand?post=225172"},{"taxonomy":"product_cat","embeddable":true,"href":"https:\/\/www.delicias-uk.com\/pt-pt\/wp-json\/wp\/v2\/product_cat?post=225172"},{"taxonomy":"product_tag","embeddable":true,"href":"https:\/\/www.delicias-uk.com\/pt-pt\/wp-json\/wp\/v2\/product_tag?post=225172"}],"curies":[{"name":"wp","href":"https:\/\/api.w.org\/{rel}","templated":true}]}}