{"id":224997,"date":"2025-04-10T09:55:03","date_gmt":"2025-04-10T08:55:03","guid":{"rendered":"https:\/\/www.delicias-uk.com\/?post_type=product&#038;p=224997"},"modified":"2025-04-10T09:59:32","modified_gmt":"2025-04-10T08:59:32","slug":"pastel-de-palmito","status":"publish","type":"product","link":"https:\/\/www.delicias-uk.com\/pt-pt\/produto\/pastel-de-palmito\/","title":{"rendered":"Pastel de Palmito"},"content":{"rendered":"<p><strong>Pastel de Palmito<\/strong><\/p>\n<p>O pastel de palmito \u00e9 um cl\u00e1ssico da culin\u00e1ria brasileira, super querido por quem curte um salgado recheado e saboroso. Ele \u00e9 feito com a tradicional massa de pastel e tem como recheio principal o palmito picadinho.<\/p>\n<p>Esse pastel \u00e9 bem comum em lanchonetes, feiras e padarias, e tamb\u00e9m \u00e9 uma \u00f3tima op\u00e7\u00e3o para quem \u00e9 vegetariano, j\u00e1 que n\u00e3o leva carne. Fica perfeito acompanhado de um suco natural ou um refrigerante bem gelado!<\/p>\n<p><strong>Produtos no Kit:<\/strong><\/p>\n<p>FRZ-SAV3507 | Massa De Pastel Quitanda Real Rolo 750g<\/p>\n<p>VEG-PAL8068 | Palmito Salada Amazonia Acai-Tolete Vd 300g<\/p>\n<p>GRO-OLV4585 | Azeitona Mac.Verde Sem Caroco 290\/320 Vd 165g<\/p>\n<p>FLR-FLR2514 | Farinha Amido De Milho Maizena 400g<\/p>\n<p>&nbsp;<\/p>\n<p><strong>Prepara\u00e7\u00e3o<\/strong><\/p>\n<ol>\n<li>Em uma panela coloque o azeite, a cebola, o alho e deixe fritar por 5 minutos. Acrescente o tomate, palmito, o sal, a pimenta, a azeitona, a salsa e deixe refogar por 10 minutos, mexendo de vez em quando ou at\u00e9 que o palmito esteja macio. Dissolva o amido no leite e misture ao refogado de palmito mexendo sempre at\u00e9 que engrosse.<\/li>\n<li>Retire do fogo e deixe esfriar. Abra a massa de pastel, retire o filme pl\u00e1stico de um dos lados da massa e coloque o recheio. Dobre ao meio e aperte bem as bordas com um garfo. Retire o filme pl\u00e1stico e frite em \u00f3leo quente por 1 a 2 minutos ou at\u00e9 que esteja dourado por igual. Escorra e sirva a seguir.<\/li>\n<\/ol>\n<p>&nbsp;<\/p>\n<p><strong>Ingredientes<\/strong><\/p>\n<ul>\n<li>Massa para pastel de 1 Kg<\/li>\n<li>Palmito picado com a \u00e1gua<\/li>\n<li>1\/2 x\u00edcara (ch\u00e1) de azeite<\/li>\n<li>1 cebola picada<\/li>\n<li>2 tomates<\/li>\n<li>2 dentes de alho amassados<\/li>\n<li>Sal a gosto<\/li>\n<li>Pimenta-do-reino a gosto<\/li>\n<li>1 x\u00edcara (ch\u00e1) de azeitonas picadas (opcional)<\/li>\n<li>2 colheres (sopa) de salsa picada<\/li>\n<li>5 colheres (sopa) de amido de milho<\/li>\n<li>1 x\u00edcara (ch\u00e1) de leite<\/li>\n<\/ul>\n","protected":false},"excerpt":{"rendered":"<ul>\n<li>Recipe at the Table<\/li>\n<li>Empad\u00e3o De Palmito<\/li>\n<li>Tasty and Simple<\/li>\n<\/ul>\n","protected":false},"author":43538,"featured_media":225007,"comment_status":"open","ping_status":"closed","template":"","meta":[],"pwb-brand":[],"product_brand":[],"product_cat":[8289,8445,8433,8429],"product_tag":[],"class_list":{"0":"post-224997","1":"product","2":"type-product","3":"status-publish","4":"has-post-thumbnail","6":"product_cat-inicio","7":"product_cat-receitas-a-mesa-pt-pt-produtos-portugueses","8":"product_cat-receitas-a-mesa-pt-pt","9":"product_cat-receitas-a-mesa","11":"first","12":"instock","13":"taxable","14":"shipping-taxable","15":"purchasable","16":"product-type-simple"},"aioseo_notices":[],"brands":[],"_links":{"self":[{"href":"https:\/\/www.delicias-uk.com\/pt-pt\/wp-json\/wp\/v2\/product\/224997","targetHints":{"allow":["GET"]}}],"collection":[{"href":"https:\/\/www.delicias-uk.com\/pt-pt\/wp-json\/wp\/v2\/product"}],"about":[{"href":"https:\/\/www.delicias-uk.com\/pt-pt\/wp-json\/wp\/v2\/types\/product"}],"author":[{"embeddable":true,"href":"https:\/\/www.delicias-uk.com\/pt-pt\/wp-json\/wp\/v2\/users\/43538"}],"replies":[{"embeddable":true,"href":"https:\/\/www.delicias-uk.com\/pt-pt\/wp-json\/wp\/v2\/comments?post=224997"}],"wp:featuredmedia":[{"embeddable":true,"href":"https:\/\/www.delicias-uk.com\/pt-pt\/wp-json\/wp\/v2\/media\/225007"}],"wp:attachment":[{"href":"https:\/\/www.delicias-uk.com\/pt-pt\/wp-json\/wp\/v2\/media?parent=224997"}],"wp:term":[{"taxonomy":"pwb-brand","embeddable":true,"href":"https:\/\/www.delicias-uk.com\/pt-pt\/wp-json\/wp\/v2\/pwb-brand?post=224997"},{"taxonomy":"product_brand","embeddable":true,"href":"https:\/\/www.delicias-uk.com\/pt-pt\/wp-json\/wp\/v2\/product_brand?post=224997"},{"taxonomy":"product_cat","embeddable":true,"href":"https:\/\/www.delicias-uk.com\/pt-pt\/wp-json\/wp\/v2\/product_cat?post=224997"},{"taxonomy":"product_tag","embeddable":true,"href":"https:\/\/www.delicias-uk.com\/pt-pt\/wp-json\/wp\/v2\/product_tag?post=224997"}],"curies":[{"name":"wp","href":"https:\/\/api.w.org\/{rel}","templated":true}]}}