{"id":224987,"date":"2025-04-10T09:15:12","date_gmt":"2025-04-10T08:15:12","guid":{"rendered":"https:\/\/www.delicias-uk.com\/?post_type=product&#038;p=224987"},"modified":"2026-01-14T15:07:27","modified_gmt":"2026-01-14T15:07:27","slug":"empadao-de-palmito","status":"publish","type":"product","link":"https:\/\/www.delicias-uk.com\/pt-pt\/produto\/empadao-de-palmito\/","title":{"rendered":"Empad\u00e3o De Palmito"},"content":{"rendered":"<p><strong>Empad\u00e3o De Palmito<\/strong><\/p>\n<p>O empad\u00e3o de palmito \u00e9 um prato cl\u00e1ssico da culin\u00e1ria brasileira, \u00e9 uma varia\u00e7\u00e3o do tradicional empad\u00e3o, geralmente recheado com carne, frango ou outros ingredientes, mas, no caso do empad\u00e3o de palmito, o recheio \u00e9 feito com palmito o que o torna uma op\u00e7\u00e3o mais leve e muitas vezes escolhida por vegetarianos ou aqueles que preferem pratos sem carne.<\/p>\n<p>O empad\u00e3o de palmito tem uma <strong>textura cremosa<\/strong> por dentro, devido ao recheio de palmito misturado com o creme de leite ou requeij\u00e3o, enquanto a <strong>massa<\/strong> fica crocante e delicada, criando um contraste gostoso com o recheio. O sabor \u00e9 suave e levemente adocicado do palmito, com a cremosidade que torna o prato reconfortante.<\/p>\n<p><strong>Como servir:<\/strong><\/p>\n<p>O empad\u00e3o de palmito pode ser servido como prato principal ou at\u00e9 como lanche. Ele \u00e9 ideal para <strong>almo\u00e7os em fam\u00edlia<\/strong>, <strong>festas<\/strong>, <strong>confraterniza\u00e7\u00f5es<\/strong> e at\u00e9 mesmo como uma refei\u00e7\u00e3o leve no jantar.<\/p>\n<p>\u00c9 um prato muito vers\u00e1til, podendo ser acompanhado de uma <strong>salada verde<\/strong> ou servido sozinho como uma refei\u00e7\u00e3o completa. Sua <strong>simplicidade<\/strong> e sabor delicado tornam o empad\u00e3o de palmito uma verdadeira del\u00edcia para qualquer ocasi\u00e3o.<\/p>\n<p><strong>Produtos no Kit:<\/strong><\/p>\n<p>FLR-FLR2557 | Farinha Branca De Neve Fina 1kg<\/p>\n<p>DAIR-BUT1743 | Manteiga Mimosa Cv. 250g<\/p>\n<p>DAIR-CRM1832 | Queijo Creme Catupiry Ipanema Bolsa 500g<\/p>\n<p>VEG-PAL8068\u00a0 | Palmito Salada Amazonia Acai-Tolete Vd 300g<\/p>\n<p>GRO-OLV4585 | Azeitona Mac.Verde Sem Caroco 290\/320 Vd 165g<\/p>\n<p><strong>Prepara\u00e7\u00e3o<\/strong><\/p>\n<p><strong>Massa<\/strong><\/p>\n<p>1.Em um recipiente ou bancada, misture a farinha com o sal. Adicione a manteiga e a gordura vegetal, ambos gelados e cortados em cubos pequenos.<\/p>\n<p>2.Misture com a ponta dos dedos at\u00e9 formar uma farofa.<\/p>\n<p>3.Adicione as gemas misturadas com a \u00e1gua e misture (sem sovar).<\/p>\n<p>4.Envolva a massa em pl\u00e1stico-filme e leve para gelar por, no m\u00ednimo, 30 minutos.<\/p>\n<p>5.Abra a massa sobre 2 pl\u00e1sticos ou diretamente na forma (essa massa \u00e9 extremamente macia devido a quantidade de gordura).<\/p>\n<p>6.Separe 2\/3 da massa e forre o fundo e as laterais de uma forma de fundo falso (28 cm).<\/p>\n<p><strong>Recheio de palmito<\/strong><\/p>\n<p><strong>1.<\/strong>Em uma panela refogue a cebola no azeite, adicione o alho-por\u00f3 e o alho e refogue mais um pouco<\/p>\n<p><strong>2.<\/strong>Junte a farinha e deixe dourar levemente.<\/p>\n<p><strong>3.<\/strong>Adicione o requeij\u00e3o aos poucos para n\u00e3o empelotar.<\/p>\n<p><strong>4.<\/strong>Acrescente o palmito, as azeitonas, a salsinha e a cebolinha picados, a \u00e1gua (se necess\u00e1rio) e acerte o sal.<\/p>\n<p><strong>5.<\/strong>Reserve at\u00e9 amornar.<\/p>\n<p><strong>6.<\/strong>Despeje na massa e cubra com o restante da massa.<\/p>\n<p><strong>7.<\/strong>Pincele 1 gema batida e leve para assar por aproximadamente 1 hora em forno preaquecido a 180\u00baC.<\/p>\n<p><strong>8.<\/strong>Sirva.<\/p>\n<p>&nbsp;<\/p>\n<p><strong>Ingredientes<\/strong><\/p>\n<p><strong>Massa<\/strong><\/p>\n<ul>\n<li>500 g de farinha de trigo (4 x\u00edcaras de ch\u00e1)<\/li>\n<li>1 colher (ch\u00e1) de sal<\/li>\n<li>125 g de manteiga sem sal<\/li>\n<li>150 g de gordura vegetal<\/li>\n<li>40 ml de \u00e1gua<\/li>\n<li>2 gemas<\/li>\n<li>1 gema para pincelar na finaliza\u00e7\u00e3o<\/li>\n<\/ul>\n<p><strong>Recheio de palmito<\/strong><\/p>\n<ul>\n<li>2 colheres (sopa) de azeite<\/li>\n<li>1 cebola cortada em cubos<\/li>\n<li>1 alho-por\u00f3 cortado em fatias finas<\/li>\n<li>4 dentes de alho triturados<\/li>\n<li>2 colheres (sopa) de farinha de trigo (30 g)<\/li>\n<li>400 g de queijo tipo catupiry<\/li>\n<li>450 g de palmito de boa qualidade cortado em cubos<\/li>\n<li>150 g de azeitonas verdes picadas<\/li>\n<li>Folhas de salsinha e cebolinha a gosto<\/li>\n<li>50 ml de \u00e1gua<\/li>\n<li>Sal a gosto<\/li>\n<\/ul>\n","protected":false},"excerpt":{"rendered":"<ul>\n<li>Recipe at the Table<\/li>\n<li>Empad\u00e3o De Palmito<\/li>\n<li>Tasty and Simple<\/li>\n<\/ul>\n","protected":false},"author":43538,"featured_media":224995,"comment_status":"open","ping_status":"closed","template":"","meta":[],"pwb-brand":[],"product_brand":[],"product_cat":[8289,8445,8433,8429],"product_tag":[],"class_list":{"0":"post-224987","1":"product","2":"type-product","3":"status-publish","4":"has-post-thumbnail","6":"product_cat-inicio","7":"product_cat-receitas-a-mesa-pt-pt-produtos-portugueses","8":"product_cat-receitas-a-mesa-pt-pt","9":"product_cat-receitas-a-mesa","11":"first","12":"instock","13":"taxable","14":"shipping-taxable","15":"purchasable","16":"product-type-simple"},"aioseo_notices":[],"brands":[],"_links":{"self":[{"href":"https:\/\/www.delicias-uk.com\/pt-pt\/wp-json\/wp\/v2\/product\/224987","targetHints":{"allow":["GET"]}}],"collection":[{"href":"https:\/\/www.delicias-uk.com\/pt-pt\/wp-json\/wp\/v2\/product"}],"about":[{"href":"https:\/\/www.delicias-uk.com\/pt-pt\/wp-json\/wp\/v2\/types\/product"}],"author":[{"embeddable":true,"href":"https:\/\/www.delicias-uk.com\/pt-pt\/wp-json\/wp\/v2\/users\/43538"}],"replies":[{"embeddable":true,"href":"https:\/\/www.delicias-uk.com\/pt-pt\/wp-json\/wp\/v2\/comments?post=224987"}],"wp:featuredmedia":[{"embeddable":true,"href":"https:\/\/www.delicias-uk.com\/pt-pt\/wp-json\/wp\/v2\/media\/224995"}],"wp:attachment":[{"href":"https:\/\/www.delicias-uk.com\/pt-pt\/wp-json\/wp\/v2\/media?parent=224987"}],"wp:term":[{"taxonomy":"pwb-brand","embeddable":true,"href":"https:\/\/www.delicias-uk.com\/pt-pt\/wp-json\/wp\/v2\/pwb-brand?post=224987"},{"taxonomy":"product_brand","embeddable":true,"href":"https:\/\/www.delicias-uk.com\/pt-pt\/wp-json\/wp\/v2\/product_brand?post=224987"},{"taxonomy":"product_cat","embeddable":true,"href":"https:\/\/www.delicias-uk.com\/pt-pt\/wp-json\/wp\/v2\/product_cat?post=224987"},{"taxonomy":"product_tag","embeddable":true,"href":"https:\/\/www.delicias-uk.com\/pt-pt\/wp-json\/wp\/v2\/product_tag?post=224987"}],"curies":[{"name":"wp","href":"https:\/\/api.w.org\/{rel}","templated":true}]}}