{"id":224957,"date":"2025-04-09T16:54:31","date_gmt":"2025-04-09T15:54:31","guid":{"rendered":"https:\/\/www.delicias-uk.com\/?post_type=product&#038;p=224957"},"modified":"2026-02-02T15:25:58","modified_gmt":"2026-02-02T15:25:58","slug":"dadidnho-de-tapioca","status":"publish","type":"product","link":"https:\/\/www.delicias-uk.com\/pt-pt\/produto\/dadidnho-de-tapioca\/","title":{"rendered":"Dadidnho de Tapioca"},"content":{"rendered":"<p>O <strong>dadinho de tapioca<\/strong> \u00e9 uma deliciosa iguaria da culin\u00e1ria brasileira, especialmente popular no Nordeste. Ele \u00e9 um petisco crocante por fora e macio por dentro, que combina a textura \u00fanica da tapioca com o sabor do queijo, criando uma explos\u00e3o de sabores em cada mordida.<\/p>\n<p><strong>Como servir:<\/strong><\/p>\n<p>O dadinho de tapioca \u00e9 geralmente servido como <strong>petisco<\/strong> ou <strong>entrada<\/strong>, acompanhado de um molhinho de pimenta, mel ou at\u00e9 um molho agridoce, o que faz com que a combina\u00e7\u00e3o de sabores se torne ainda mais interessante.<\/p>\n<p>Itens que fazem parte do Kit:<\/p>\n<p>FLR-TAP2666\u00a0\u00a0\u00a0 | Tapioca Granulada Yoki 500g<\/p>\n<p>DAIR-MLK1845 | Leite Uht Acores Gordo 1 Lt<\/p>\n<p>DAIC-COW1633 | Queijo Coalho Branco Paisa Indulac Rectangular 500g<\/p>\n<p>SEA-SPI7184 | Pimenta Branca Grao Ferbar Vd 50g<\/p>\n<p>PRE-JAM6327 | Geleia Sabor Das Indias Morango Com Pimenta Vd 240g<\/p>\n<p><strong>Prepara\u00e7\u00e3o<\/strong><\/p>\n<ol>\n<li>Aque\u00e7a o leite em uma panela.<\/li>\n<li>Quando o leite estiver bem quente, desligue o fogo, adicione o queijo coalho ralado e continue mexendo.<\/li>\n<li>Logo em seguida adicione a farinha de tapioca granulada e continue mexendo.<\/li>\n<li>Adicione o sal e pimenta a gosto.<\/li>\n<li>Pare de mexer quando todos os ingredientes estiverem bem misturados.<\/li>\n<li>Despeje em uma forma coberta com papel filme (pvc), cubra em cima tamb\u00e9m e leve para a geladeira por duas horas.<\/li>\n<li>Depois retire da geladeira, corte em quadradinhos (dadinhos) e frite aos poucos em \u00f3leo quente ou coloque no forno at\u00e9 dourar.<\/li>\n<li>Sirva em seguida acompanhado da geleia de pimenta agridoce ou goiabada cremosa.<\/li>\n<\/ol>\n<p>&nbsp;<\/p>\n<p><strong>Ingredientes<\/strong><\/p>\n<ul>\n<li>500 g de farinha de tapioca granulada<\/li>\n<\/ul>\n<ul>\n<li>1 litro de leite l\u00edquido integral<\/li>\n<li>500 g de queijo coalho ralado<\/li>\n<li>sal a gosto<\/li>\n<li>pimenta-do-reino branca a gosto<\/li>\n<li>1 pote de geleia agridoce de pimenta para acompanhar<\/li>\n<\/ul>\n<p class=\"MsoNormal\" style=\"margin-left: 36pt; text-indent: -18pt;\">\n","protected":false},"excerpt":{"rendered":"<ul>\n<li style=\"background: #ffffff;\"><span style=\"font-size: 11pt; font-family: Calibri, sans-serif; color: #000000;\">Recipe at the Table<\/span><\/li>\n<li style=\"background: #ffffff;\"><span lang=\"pt\" style=\"font-size: 8.5pt; line-height: 115%; font-family: Verdana, sans-serif;\" xml:lang=\"pt\">Dadinho de Tapioca<\/span><\/li>\n<li style=\"background: #ffffff;\"><span style=\"font-size: 11pt; font-family: Calibri, sans-serif; color: #000000; background: #FFFFFF;\">Tasty and Simple<\/span><\/li>\n<\/ul>\n","protected":false},"author":43538,"featured_media":224959,"comment_status":"open","ping_status":"closed","template":"","meta":[],"pwb-brand":[],"product_brand":[],"product_cat":[8289,8445,8433,8429],"product_tag":[],"class_list":{"0":"post-224957","1":"product","2":"type-product","3":"status-publish","4":"has-post-thumbnail","6":"product_cat-inicio","7":"product_cat-receitas-a-mesa-pt-pt-produtos-portugueses","8":"product_cat-receitas-a-mesa-pt-pt","9":"product_cat-receitas-a-mesa","11":"first","12":"instock","13":"taxable","14":"shipping-taxable","15":"purchasable","16":"product-type-simple"},"aioseo_notices":[],"brands":[],"_links":{"self":[{"href":"https:\/\/www.delicias-uk.com\/pt-pt\/wp-json\/wp\/v2\/product\/224957","targetHints":{"allow":["GET"]}}],"collection":[{"href":"https:\/\/www.delicias-uk.com\/pt-pt\/wp-json\/wp\/v2\/product"}],"about":[{"href":"https:\/\/www.delicias-uk.com\/pt-pt\/wp-json\/wp\/v2\/types\/product"}],"author":[{"embeddable":true,"href":"https:\/\/www.delicias-uk.com\/pt-pt\/wp-json\/wp\/v2\/users\/43538"}],"replies":[{"embeddable":true,"href":"https:\/\/www.delicias-uk.com\/pt-pt\/wp-json\/wp\/v2\/comments?post=224957"}],"wp:featuredmedia":[{"embeddable":true,"href":"https:\/\/www.delicias-uk.com\/pt-pt\/wp-json\/wp\/v2\/media\/224959"}],"wp:attachment":[{"href":"https:\/\/www.delicias-uk.com\/pt-pt\/wp-json\/wp\/v2\/media?parent=224957"}],"wp:term":[{"taxonomy":"pwb-brand","embeddable":true,"href":"https:\/\/www.delicias-uk.com\/pt-pt\/wp-json\/wp\/v2\/pwb-brand?post=224957"},{"taxonomy":"product_brand","embeddable":true,"href":"https:\/\/www.delicias-uk.com\/pt-pt\/wp-json\/wp\/v2\/product_brand?post=224957"},{"taxonomy":"product_cat","embeddable":true,"href":"https:\/\/www.delicias-uk.com\/pt-pt\/wp-json\/wp\/v2\/product_cat?post=224957"},{"taxonomy":"product_tag","embeddable":true,"href":"https:\/\/www.delicias-uk.com\/pt-pt\/wp-json\/wp\/v2\/product_tag?post=224957"}],"curies":[{"name":"wp","href":"https:\/\/api.w.org\/{rel}","templated":true}]}}