{"id":224948,"date":"2025-04-09T16:32:57","date_gmt":"2025-04-09T15:32:57","guid":{"rendered":"https:\/\/www.delicias-uk.com\/?post_type=product&#038;p=224948"},"modified":"2025-09-09T11:44:11","modified_gmt":"2025-09-09T10:44:11","slug":"kit-para-tapioca-queijo-e-goiabada-romeu-e-julieta","status":"publish","type":"product","link":"https:\/\/www.delicias-uk.com\/pt-pt\/produto\/kit-para-tapioca-queijo-e-goiabada-romeu-e-julieta\/","title":{"rendered":"Kit para Tapioca Queijo E Goiabada (Romeu E Julieta)"},"content":{"rendered":"<p><strong>TAPIOCA QUEIJO E GOIABADA (ROMEU E JULIETA)<\/strong><\/p>\n<p>A combina\u00e7\u00e3o de <strong>tapioca com queijo e goiabada<\/strong>, tamb\u00e9m conhecida como <strong>Romeu e Julieta<\/strong>, \u00e9 uma deliciosa mistura de sabores que une o salgado do queijo com o doce da goiabada, criando uma experi\u00eancia \u00fanica e muito apreciada na culin\u00e1ria brasileira.<\/p>\n<ul>\n<li><strong>Tapioca<\/strong>: A tapioca \u00e9 feita a partir da goma extra\u00edda da mandioca, e \u00e9 um alimento t\u00edpico do Nordeste do Brasil. Ela \u00e9 uma op\u00e7\u00e3o sem gl\u00faten, vers\u00e1til e pode ser preparada de v\u00e1rias formas, desde simples at\u00e9 recheios mais elaborados.<\/li>\n<li><strong>Queijo<\/strong>: Normalmente, utiliza-se um queijo que derrete bem, como o queijo coalho, que \u00e9 bastante popular no Nordeste. O queijo pode ser derretido na tapioca, criando uma textura macia e saborosa.<\/li>\n<li><strong>Goiabada<\/strong>: A goiabada, que \u00e9 um doce de goiaba, traz a parte doce para equilibrar o sabor salgado do queijo. A combina\u00e7\u00e3o da goiabada com o queijo \u00e9 cl\u00e1ssica e tem o nome de <strong>Romeu e Julieta<\/strong>, como uma homenagem \u00e0 famosa hist\u00f3ria de amor de Shakespeare, devido \u00e0 &#8220;uni\u00e3o&#8221; entre os opostos (doce e salgado).<\/li>\n<\/ul>\n<p>Essa mistura de sabores faz com que a tapioca com queijo e goiabada seja uma op\u00e7\u00e3o deliciosa e popular no Brasil, tanto no caf\u00e9 da manh\u00e3 quanto como sobremesa ou lanche. O contraste entre o doce e o salgado agrada muitos paladares e \u00e9 uma excelente op\u00e7\u00e3o para quem busca algo t\u00edpico e saboroso da culin\u00e1ria brasileira.<\/p>\n<p>Itens que fazem parte do Kit:<\/p>\n<p>FLR-TAP2661 | Tapioca Hidratada Granum 400g<\/p>\n<p>DAIC-COW1633 | Queijo Coalho Branco Paisa Indulac Rectangular 500g<\/p>\n<p>PRE-MRM6423 | Goiabada Predilecta Cascao Pratica 350g<\/p>\n<p><strong>Prepara\u00e7\u00e3o<\/strong><\/p>\n<ol>\n<li>Espalhe a goma da tapioca no fundo de uma frigideira limpa e seca<\/li>\n<li>Aguarde alguns minutos.<\/li>\n<li>Quando as bordas come\u00e7arem a levantar est\u00e1 na hora de virar<\/li>\n<li>Deixe mais 1 minuto do outro lado e depois coloque o recheio.<\/li>\n<li>Dobre a tapioca, deixe o queijo derreter e est\u00e1 pronta.<\/li>\n<li>Sirva assim que ficar pronta.<\/li>\n<\/ol>\n<p>&nbsp;<\/p>\n<p><strong>Ingredientes<\/strong><\/p>\n<ul>\n<li>Goma de tapioca Granum<\/li>\n<li>Queijo<\/li>\n<li>Goiabada<\/li>\n<\/ul>\n<p class=\"MsoNormal\" style=\"margin-left: 36pt; text-indent: -18pt;\">\n","protected":false},"excerpt":{"rendered":"<p style=\"background: #FFFFFF; margin: 0cm 0cm 11.25pt 0cm;\"><span style=\"font-size: 11pt; font-family: Calibri, sans-serif; color: #000000;\">. Recipe at the Table<\/span><\/p>\n<p style=\"background: #FFFFFF; margin: 0cm 0cm 11.25pt 0cm;\"><span style=\"font-size: 11pt; font-family: Calibri, sans-serif; color: #000000;\">.\u00a0<\/span><span lang=\"pt\" style=\"font-size: 8.5pt; line-height: 115%; font-family: Verdana, sans-serif;\" xml:lang=\"pt\">Wrap Sem Gl\u00faten de Floc\u00e3o de Arroz<\/span><\/p>\n<p>&nbsp;<\/p>\n<p>&nbsp;<\/p>\n<p style=\"margin: 0cm; background: #FFFFFF;\"><span style=\"font-size: 11pt; font-family: Calibri, sans-serif; color: #000000; background: #FFFFFF;\">. Tasty and Simple<\/span><\/p>\n","protected":false},"author":43538,"featured_media":224955,"comment_status":"open","ping_status":"closed","template":"","meta":[],"pwb-brand":[],"product_brand":[],"product_cat":[8289,8445,8433,8429],"product_tag":[],"class_list":{"0":"post-224948","1":"product","2":"type-product","3":"status-publish","4":"has-post-thumbnail","6":"product_cat-inicio","7":"product_cat-receitas-a-mesa-pt-pt-produtos-portugueses","8":"product_cat-receitas-a-mesa-pt-pt","9":"product_cat-receitas-a-mesa","11":"first","12":"instock","13":"taxable","14":"shipping-taxable","15":"purchasable","16":"product-type-simple"},"aioseo_notices":[],"brands":[],"_links":{"self":[{"href":"https:\/\/www.delicias-uk.com\/pt-pt\/wp-json\/wp\/v2\/product\/224948","targetHints":{"allow":["GET"]}}],"collection":[{"href":"https:\/\/www.delicias-uk.com\/pt-pt\/wp-json\/wp\/v2\/product"}],"about":[{"href":"https:\/\/www.delicias-uk.com\/pt-pt\/wp-json\/wp\/v2\/types\/product"}],"author":[{"embeddable":true,"href":"https:\/\/www.delicias-uk.com\/pt-pt\/wp-json\/wp\/v2\/users\/43538"}],"replies":[{"embeddable":true,"href":"https:\/\/www.delicias-uk.com\/pt-pt\/wp-json\/wp\/v2\/comments?post=224948"}],"wp:featuredmedia":[{"embeddable":true,"href":"https:\/\/www.delicias-uk.com\/pt-pt\/wp-json\/wp\/v2\/media\/224955"}],"wp:attachment":[{"href":"https:\/\/www.delicias-uk.com\/pt-pt\/wp-json\/wp\/v2\/media?parent=224948"}],"wp:term":[{"taxonomy":"pwb-brand","embeddable":true,"href":"https:\/\/www.delicias-uk.com\/pt-pt\/wp-json\/wp\/v2\/pwb-brand?post=224948"},{"taxonomy":"product_brand","embeddable":true,"href":"https:\/\/www.delicias-uk.com\/pt-pt\/wp-json\/wp\/v2\/product_brand?post=224948"},{"taxonomy":"product_cat","embeddable":true,"href":"https:\/\/www.delicias-uk.com\/pt-pt\/wp-json\/wp\/v2\/product_cat?post=224948"},{"taxonomy":"product_tag","embeddable":true,"href":"https:\/\/www.delicias-uk.com\/pt-pt\/wp-json\/wp\/v2\/product_tag?post=224948"}],"curies":[{"name":"wp","href":"https:\/\/api.w.org\/{rel}","templated":true}]}}