{"id":222137,"date":"2025-03-24T15:10:17","date_gmt":"2025-03-24T15:10:17","guid":{"rendered":"https:\/\/www.delicias-uk.com\/?post_type=product&#038;p=222137"},"modified":"2025-05-01T01:01:43","modified_gmt":"2025-05-01T00:01:43","slug":"bolo-de-chocolate-coberto-com-granulado-colorido-de-chocolate-110g","status":"publish","type":"product","link":"https:\/\/www.delicias-uk.com\/pt-pt\/produto\/bolo-de-chocolate-coberto-com-granulado-colorido-de-chocolate-110g\/","title":{"rendered":"Bolo de Chocolate Coberto com Granulado Colorido de Chocolate 110g"},"content":{"rendered":"<p>Um bolo de chocolate coberto com granulados coloridos de chocolate de 110 g parece uma del\u00edcia divertida e deliciosa! Este mini bolo de chocolate provavelmente tem uma textura rica e \u00famida com um sabor doce e indulgente de chocolate. Os granulados coloridos de chocolate no topo n\u00e3o s\u00f3 adicionam uma explos\u00e3o de cor, mas tamb\u00e9m um pouco de croc\u00e2ncia, tornando-o ainda mais delicioso de comer.<\/p>\n<p>O tamanho de 110 g o torna perfeito para uma guloseima de por\u00e7\u00e3o \u00fanica, seja para voc\u00ea aproveitar sozinho ou presentear algu\u00e9m especial como uma pequena surpresa doce. \u00c9 uma sobremesa simples, mas festiva, perfeita para anivers\u00e1rios, comemora\u00e7\u00f5es ou apenas um pouco de indulg\u00eancia quando voc\u00ea estiver com vontade de algo doce<\/p>\n<p>&nbsp;<\/p>\n<p>&nbsp;<\/p>\n","protected":false},"excerpt":{"rendered":"<p>Um bolo de chocolate coberto com granulados coloridos de chocolate de 110 g parece uma del\u00edcia divertida e deliciosa! Este mini bolo de chocolate provavelmente tem uma textura rica e \u00famida com um sabor doce e indulgente de chocolate. Os granulados coloridos de chocolate no topo n\u00e3o s\u00f3 adicionam uma explos\u00e3o de cor, mas tamb\u00e9m [&hellip;]<\/p>\n","protected":false},"author":43538,"featured_media":222139,"comment_status":"open","ping_status":"closed","template":"","meta":[],"pwb-brand":[],"product_brand":[],"product_cat":[9182,9186,8289,8365,8615],"product_tag":[],"class_list":{"0":"post-222137","1":"product","2":"type-product","3":"status-publish","4":"has-post-thumbnail","6":"product_cat-natal","7":"product_cat-folar-pt-pt","8":"product_cat-inicio","9":"product_cat-confeitaria","10":"product_cat-bolos","12":"first","13":"instock","14":"taxable","15":"shipping-taxable","16":"purchasable","17":"product-type-simple"},"aioseo_notices":[],"brands":[],"_links":{"self":[{"href":"https:\/\/www.delicias-uk.com\/pt-pt\/wp-json\/wp\/v2\/product\/222137","targetHints":{"allow":["GET"]}}],"collection":[{"href":"https:\/\/www.delicias-uk.com\/pt-pt\/wp-json\/wp\/v2\/product"}],"about":[{"href":"https:\/\/www.delicias-uk.com\/pt-pt\/wp-json\/wp\/v2\/types\/product"}],"author":[{"embeddable":true,"href":"https:\/\/www.delicias-uk.com\/pt-pt\/wp-json\/wp\/v2\/users\/43538"}],"replies":[{"embeddable":true,"href":"https:\/\/www.delicias-uk.com\/pt-pt\/wp-json\/wp\/v2\/comments?post=222137"}],"wp:featuredmedia":[{"embeddable":true,"href":"https:\/\/www.delicias-uk.com\/pt-pt\/wp-json\/wp\/v2\/media\/222139"}],"wp:attachment":[{"href":"https:\/\/www.delicias-uk.com\/pt-pt\/wp-json\/wp\/v2\/media?parent=222137"}],"wp:term":[{"taxonomy":"pwb-brand","embeddable":true,"href":"https:\/\/www.delicias-uk.com\/pt-pt\/wp-json\/wp\/v2\/pwb-brand?post=222137"},{"taxonomy":"product_brand","embeddable":true,"href":"https:\/\/www.delicias-uk.com\/pt-pt\/wp-json\/wp\/v2\/product_brand?post=222137"},{"taxonomy":"product_cat","embeddable":true,"href":"https:\/\/www.delicias-uk.com\/pt-pt\/wp-json\/wp\/v2\/product_cat?post=222137"},{"taxonomy":"product_tag","embeddable":true,"href":"https:\/\/www.delicias-uk.com\/pt-pt\/wp-json\/wp\/v2\/product_tag?post=222137"}],"curies":[{"name":"wp","href":"https:\/\/api.w.org\/{rel}","templated":true}]}}