{"id":222119,"date":"2025-03-24T14:33:51","date_gmt":"2025-03-24T14:33:51","guid":{"rendered":"https:\/\/www.delicias-uk.com\/?post_type=product&#038;p=222119"},"modified":"2025-03-24T14:39:17","modified_gmt":"2025-03-24T14:39:17","slug":"ovo-de-chocolate-ao-leite-com-pistache-e-surpresa-dolciaria-stocco-350g","status":"publish","type":"product","link":"https:\/\/www.delicias-uk.com\/pt-pt\/produto\/ovo-de-chocolate-ao-leite-com-pistache-e-surpresa-dolciaria-stocco-350g\/","title":{"rendered":"Ovo de Chocolate ao Leite com Pistache e Surpresa Dolciaria Stocco 350g"},"content":{"rendered":"<p>O Ovo de Chocolate ao Leite Pistache Dolciaria Stocco com Surpresa 350g \u00e9 uma vers\u00e3o luxuosa do cl\u00e1ssico ovo de chocolate de P\u00e1scoa! Feito pela renomada Dolciaria Stocco, esta vers\u00e3o combina chocolate ao leite suave com o sabor rico e aveludado do pistache. O resultado \u00e9 um equil\u00edbrio delicioso de do\u00e7ura cremosa e o sabor levemente terroso e tostado do pistache, tornando-o um deleite indulgente para aqueles que gostam de uma experi\u00eancia de chocolate mais sofisticada.<\/p>\n<p>Como outros ovos de P\u00e1scoa tradicionais, este cont\u00e9m uma surpresa dentro, adicionando um elemento de divers\u00e3o e emo\u00e7\u00e3o. Seja um pequeno brinquedo, um item colecion\u00e1vel ou outro deleite, a surpresa o torna um presente perfeito, especialmente para a P\u00e1scoa.<\/p>\n<p>O tamanho de 350g \u00e9 uma por\u00e7\u00e3o generosa para compartilhar ou presentear, e o sabor de pistache adiciona um toque gourmet \u00fanico \u00e0s suas celebra\u00e7\u00f5es de P\u00e1scoa.<\/p>\n","protected":false},"excerpt":{"rendered":"<ul>\n<li>Ovo de Chocolate ao Leite com Pistache<\/li>\n<li>Com surpresa<\/li>\n<li>350g<\/li>\n<\/ul>\n","protected":false},"author":43538,"featured_media":222122,"comment_status":"closed","ping_status":"closed","template":"","meta":[],"pwb-brand":[],"product_brand":[],"product_cat":[9182,9187,8365,8567],"product_tag":[],"class_list":{"0":"post-222119","1":"product","2":"type-product","3":"status-publish","4":"has-post-thumbnail","6":"product_cat-natal","7":"product_cat-chocolates-pt-pt","8":"product_cat-confeitaria","9":"product_cat-chocolate-pt-pt","11":"first","12":"outofstock","13":"taxable","14":"shipping-taxable","15":"purchasable","16":"product-type-simple"},"aioseo_notices":[],"brands":[],"_links":{"self":[{"href":"https:\/\/www.delicias-uk.com\/pt-pt\/wp-json\/wp\/v2\/product\/222119","targetHints":{"allow":["GET"]}}],"collection":[{"href":"https:\/\/www.delicias-uk.com\/pt-pt\/wp-json\/wp\/v2\/product"}],"about":[{"href":"https:\/\/www.delicias-uk.com\/pt-pt\/wp-json\/wp\/v2\/types\/product"}],"author":[{"embeddable":true,"href":"https:\/\/www.delicias-uk.com\/pt-pt\/wp-json\/wp\/v2\/users\/43538"}],"replies":[{"embeddable":true,"href":"https:\/\/www.delicias-uk.com\/pt-pt\/wp-json\/wp\/v2\/comments?post=222119"}],"wp:featuredmedia":[{"embeddable":true,"href":"https:\/\/www.delicias-uk.com\/pt-pt\/wp-json\/wp\/v2\/media\/222122"}],"wp:attachment":[{"href":"https:\/\/www.delicias-uk.com\/pt-pt\/wp-json\/wp\/v2\/media?parent=222119"}],"wp:term":[{"taxonomy":"pwb-brand","embeddable":true,"href":"https:\/\/www.delicias-uk.com\/pt-pt\/wp-json\/wp\/v2\/pwb-brand?post=222119"},{"taxonomy":"product_brand","embeddable":true,"href":"https:\/\/www.delicias-uk.com\/pt-pt\/wp-json\/wp\/v2\/product_brand?post=222119"},{"taxonomy":"product_cat","embeddable":true,"href":"https:\/\/www.delicias-uk.com\/pt-pt\/wp-json\/wp\/v2\/product_cat?post=222119"},{"taxonomy":"product_tag","embeddable":true,"href":"https:\/\/www.delicias-uk.com\/pt-pt\/wp-json\/wp\/v2\/product_tag?post=222119"}],"curies":[{"name":"wp","href":"https:\/\/api.w.org\/{rel}","templated":true}]}}