{"id":222101,"date":"2025-03-24T12:36:20","date_gmt":"2025-03-24T12:36:20","guid":{"rendered":"https:\/\/www.delicias-uk.com\/?post_type=product&#038;p=222101"},"modified":"2025-03-24T12:43:38","modified_gmt":"2025-03-24T12:43:38","slug":"colomba-tradicional-caixa-scarpato-1kg","status":"publish","type":"product","link":"https:\/\/www.delicias-uk.com\/pt-pt\/produto\/colomba-tradicional-caixa-scarpato-1kg\/","title":{"rendered":"Colomba Tradicional Caixa Scarpato 1Kg"},"content":{"rendered":"<p>Colomba Traditional Caixa Scarpato 1kg \u00e9 outra vers\u00e3o premium da adorada Colomba italiana, produzida pela renomada marca Scarpato. A Scarpato \u00e9 conhecida por criar doces italianos artesanais de alta qualidade; sua Colomba n\u00e3o \u00e9 exce\u00e7\u00e3o.<\/p>\n<p>Esta caixa de 1kg oferece uma por\u00e7\u00e3o generosa da tradicional Colomba, um bolo macio e fermentado em forma de pomba, simbolizando paz e ressurrei\u00e7\u00e3o, principalmente durante a P\u00e1scoa. O bolo \u00e9 feito com uma massa leve e fofa que \u00e9 tipicamente enriquecida com aroma refrescante de \u00f3leo essencial de laranja que se mistura harmoniosamente com a massa rica e delicada. Esta massa naturalmente fermentada, cravejada com casca de laranja cristalizada, \u00e9 coberta com uma cobertura artesanal!<\/p>\n<p>&nbsp;<\/p>\n<p>&nbsp;<\/p>\n","protected":false},"excerpt":{"rendered":"<ul>\n<li>Colomba Tradicional<\/li>\n<li>Caixa Gift<\/li>\n<li>1Kg<\/li>\n<\/ul>\n","protected":false},"author":43538,"featured_media":222103,"comment_status":"open","ping_status":"closed","template":"","meta":[],"pwb-brand":[],"product_brand":[],"product_cat":[9182,9186,8289,8365,8615],"product_tag":[],"class_list":{"0":"post-222101","1":"product","2":"type-product","3":"status-publish","4":"has-post-thumbnail","6":"product_cat-natal","7":"product_cat-folar-pt-pt","8":"product_cat-inicio","9":"product_cat-confeitaria","10":"product_cat-bolos","12":"first","13":"outofstock","14":"taxable","15":"shipping-taxable","16":"purchasable","17":"product-type-simple"},"aioseo_notices":[],"brands":[],"_links":{"self":[{"href":"https:\/\/www.delicias-uk.com\/pt-pt\/wp-json\/wp\/v2\/product\/222101","targetHints":{"allow":["GET"]}}],"collection":[{"href":"https:\/\/www.delicias-uk.com\/pt-pt\/wp-json\/wp\/v2\/product"}],"about":[{"href":"https:\/\/www.delicias-uk.com\/pt-pt\/wp-json\/wp\/v2\/types\/product"}],"author":[{"embeddable":true,"href":"https:\/\/www.delicias-uk.com\/pt-pt\/wp-json\/wp\/v2\/users\/43538"}],"replies":[{"embeddable":true,"href":"https:\/\/www.delicias-uk.com\/pt-pt\/wp-json\/wp\/v2\/comments?post=222101"}],"wp:featuredmedia":[{"embeddable":true,"href":"https:\/\/www.delicias-uk.com\/pt-pt\/wp-json\/wp\/v2\/media\/222103"}],"wp:attachment":[{"href":"https:\/\/www.delicias-uk.com\/pt-pt\/wp-json\/wp\/v2\/media?parent=222101"}],"wp:term":[{"taxonomy":"pwb-brand","embeddable":true,"href":"https:\/\/www.delicias-uk.com\/pt-pt\/wp-json\/wp\/v2\/pwb-brand?post=222101"},{"taxonomy":"product_brand","embeddable":true,"href":"https:\/\/www.delicias-uk.com\/pt-pt\/wp-json\/wp\/v2\/product_brand?post=222101"},{"taxonomy":"product_cat","embeddable":true,"href":"https:\/\/www.delicias-uk.com\/pt-pt\/wp-json\/wp\/v2\/product_cat?post=222101"},{"taxonomy":"product_tag","embeddable":true,"href":"https:\/\/www.delicias-uk.com\/pt-pt\/wp-json\/wp\/v2\/product_tag?post=222101"}],"curies":[{"name":"wp","href":"https:\/\/api.w.org\/{rel}","templated":true}]}}