{"id":222062,"date":"2025-03-24T11:03:09","date_gmt":"2025-03-24T11:03:09","guid":{"rendered":"https:\/\/www.delicias-uk.com\/?post_type=product&#038;p=222062"},"modified":"2025-12-27T17:28:53","modified_gmt":"2025-12-27T17:28:53","slug":"mistura-para-pao-de-lo-branca-de-neve-450g","status":"publish","type":"product","link":"https:\/\/www.delicias-uk.com\/pt-pt\/produto\/mistura-para-pao-de-lo-branca-de-neve-450g\/","title":{"rendered":"Mistura para P\u00e3o de L\u00f3 Branca de Neve 450g"},"content":{"rendered":"<p>Com o Preparado Para Bolo <strong>P\u00e3o de L\u00f3 <\/strong>Branca de Neve obter\u00e1 um bolo delicioso para os lanches l\u00e1 de casa.<\/p>\n<p><strong>Preparado em p\u00f3 para P\u00e3o de L\u00f3 Branca de Neve<br \/>\n<\/strong><br \/>\nIngredientes: a\u00e7\u00facar, farinha de\u00a0<strong>TRIGO<\/strong>, amido, levedantes (difosfato diss\u00f3dico e bicarbonato de s\u00f3dio),\u00a0 xarope de glicose, emulsionantes (E472b, E477), farinha de\u00a0<strong>SOJA,<\/strong>\u00a0sal.<\/p>\n<p><strong>Cont\u00e9m gl\u00faten, soja e derivados de leite.<br \/>\nPode conter vest\u00edgios de ovos e frutos de casca rija (am\u00eandoa).<\/strong><\/p>\n<p>Embalagem: saqueta em estojo de cart\u00e3o.<br \/>\nPeso l\u00edquido: 435g<\/p>\n<p>Conservar em local seco, fresco e ao abrigo da luz.<\/p>\n<p><em>Modo de prepara\u00e7\u00e3o:<\/em><br \/>\nIngredientes: Uma saqueta de preparado, 4 ovos inteiros, 2 colheres de sopa de leite. (Todos os ingredientes devem estar \u00e0 temperatura ambiente, utilize de prefer\u00eancia ovos tamanho M).<br \/>\n1. Pr\u00e9-aque\u00e7a o forno a 180\u00baC e unte uma forma de chamin\u00e9 com cerca de 24cm de di\u00e2metro.<br \/>\n2. Numa tigela, junte os ovos e o leite ao conte\u00fado da saqueta de preparado. Misture com a batedeira \u00e0 velocidade m\u00ednima, at\u00e9 juntar todos os ingredientes. Bata seguidamente cerca de 5 minutos \u00e0 velocidade m\u00e1xima.\u00a0Verta a massa na forma.<br \/>\n3. Leve a cozer cerca de 30 minutos. Verifique se o bolo est\u00e1 cozido com a ajuda de um palito, retire do forno e desenforme.<\/p>\n<p><em>Nota:\u00a0<\/em>se n\u00e3o consumir todo o bolo no pr\u00f3prio dia, guarde-o coberto com papel alum\u00ednio para n\u00e3o secar.<\/p>\n","protected":false},"excerpt":{"rendered":"<ul>\n<li>Mistura para Bolo<\/li>\n<li>P\u00e3o de L\u00f3<\/li>\n<li>450g<\/li>\n<\/ul>\n","protected":false},"author":43538,"featured_media":222064,"comment_status":"open","ping_status":"closed","template":"","meta":[],"pwb-brand":[],"product_brand":[],"product_cat":[8289,8291,8639],"product_tag":[],"class_list":{"0":"post-222062","1":"product","2":"type-product","3":"status-publish","4":"has-post-thumbnail","6":"product_cat-inicio","7":"product_cat-produtos-portugueses","8":"product_cat-mistura-para-bolos-pt-pt","10":"first","11":"instock","12":"taxable","13":"shipping-taxable","14":"purchasable","15":"product-type-simple"},"aioseo_notices":[],"brands":[],"_links":{"self":[{"href":"https:\/\/www.delicias-uk.com\/pt-pt\/wp-json\/wp\/v2\/product\/222062","targetHints":{"allow":["GET"]}}],"collection":[{"href":"https:\/\/www.delicias-uk.com\/pt-pt\/wp-json\/wp\/v2\/product"}],"about":[{"href":"https:\/\/www.delicias-uk.com\/pt-pt\/wp-json\/wp\/v2\/types\/product"}],"author":[{"embeddable":true,"href":"https:\/\/www.delicias-uk.com\/pt-pt\/wp-json\/wp\/v2\/users\/43538"}],"replies":[{"embeddable":true,"href":"https:\/\/www.delicias-uk.com\/pt-pt\/wp-json\/wp\/v2\/comments?post=222062"}],"wp:featuredmedia":[{"embeddable":true,"href":"https:\/\/www.delicias-uk.com\/pt-pt\/wp-json\/wp\/v2\/media\/222064"}],"wp:attachment":[{"href":"https:\/\/www.delicias-uk.com\/pt-pt\/wp-json\/wp\/v2\/media?parent=222062"}],"wp:term":[{"taxonomy":"pwb-brand","embeddable":true,"href":"https:\/\/www.delicias-uk.com\/pt-pt\/wp-json\/wp\/v2\/pwb-brand?post=222062"},{"taxonomy":"product_brand","embeddable":true,"href":"https:\/\/www.delicias-uk.com\/pt-pt\/wp-json\/wp\/v2\/product_brand?post=222062"},{"taxonomy":"product_cat","embeddable":true,"href":"https:\/\/www.delicias-uk.com\/pt-pt\/wp-json\/wp\/v2\/product_cat?post=222062"},{"taxonomy":"product_tag","embeddable":true,"href":"https:\/\/www.delicias-uk.com\/pt-pt\/wp-json\/wp\/v2\/product_tag?post=222062"}],"curies":[{"name":"wp","href":"https:\/\/api.w.org\/{rel}","templated":true}]}}