{"id":222057,"date":"2025-03-24T10:57:40","date_gmt":"2025-03-24T10:57:40","guid":{"rendered":"https:\/\/www.delicias-uk.com\/?post_type=product&#038;p=222057"},"modified":"2025-09-27T21:36:26","modified_gmt":"2025-09-27T20:36:26","slug":"mistura-para-bolo-marmore-branca-de-neve-450g","status":"publish","type":"product","link":"https:\/\/www.delicias-uk.com\/pt-pt\/produto\/mistura-para-bolo-marmore-branca-de-neve-450g\/","title":{"rendered":"Mistura para Bolo M\u00e1rmore Branca de Neve 450g"},"content":{"rendered":"<p>Com o Preparado Para Bolo M\u00e1rmore Branca de Neve obter\u00e1 um bolo delicioso para os lanches l\u00e1 de casa.<\/p>\n<p>R\u00e1pido e f\u00e1cil, o Preparado para Bolo M\u00e1rmore Branca de Neve sai sempre bem!<\/p>\n<p><strong>Preparado em p\u00f3 para Bolo M\u00e1rmore Branca de Neve<br \/>\n<\/strong><br \/>\nIngredientes:<br \/>\nMassa Clara: farinha de\u00a0<strong>TRIGO<\/strong>, a\u00e7\u00facar, amido, levedantes (difosfato diss\u00f3dico, bicarbonato de s\u00f3dio), humidificante (E420i), xarope de glicose, emulsionantes (E472b, E477), farinha de\u00a0<strong>SOJA<\/strong>, sal, aroma.<br \/>\nMassa de Chocolate: cacau magro, a\u00e7\u00facar.<\/p>\n<p><strong>Cont\u00e9m gl\u00faten, soja.<br \/>\nPode conter vest\u00edgios de ovos,<\/strong><strong>\u00a0derivados de leite e frutos de casca rija\u00a0(<\/strong><strong>am\u00eandoa).\u00a0<\/strong><\/p>\n<p>Embalagem: saquetas em estojo de cart\u00e3o.<br \/>\nPeso l\u00edquido: 450g (425g Massa clara 25g Massa de chocolate)<\/p>\n<p>Conservar em local seco, fresco e ao abrigo da luz.<\/p>\n<p><em>Modo de prepara\u00e7\u00e3o:<\/em><br \/>\nIngredientes: 1 saqueta de preparado para massa clara, 1 saqueta de preparado para massa escura, 4 ovos inteiros, 125g de margarina, 1dl de leite.<em>\u00a0(Todos os ingredientes devem estar \u00e0 temperatura ambiente, utilize de prefer\u00eancia ovos tamanho M).<br \/>\n<\/em><br \/>\n1. Pr\u00e9-aque\u00e7a o forno a 180\u00baC e unte uma forma de chamin\u00e9 com 24cm de di\u00e2metro (ou de bolo ingl\u00eas com 25cm de comprimento).<br \/>\n2.\u00a0Numa tigela, junte os ovos, a margarina e metade do leite (50 ml) ao conte\u00fado da saqueta\u00a0para a massa clara. Misture com a batedeira \u00e0 velocidade m\u00ednima, at\u00e9 juntar todos os ingredientes. Bata seguidamente cerca de 5 minutos na velocidade m\u00e1xima. Verta 2\/3 desta massa na forma.<br \/>\n3.\u00a0Adicione \u00e0 restante massa, o leite (50 ml) e a saqueta para massa de chocolate. Bata at\u00e9 ficar homog\u00e9neo. Verta na forma sobre a massa clara. Introduza um garfo at\u00e9 ao meio da massa e fa\u00e7a movimentos espirais ao longo da forma para misturar ligeiramente as massas clara e escura.<br \/>\n4.\u00a0Leve ao forno cerca de 35 minutos. Verifique se est\u00e1 cozido com a ajuda de um palito, retire do forno e desenforme ap\u00f3s alguns minutos.<\/p>\n","protected":false},"excerpt":{"rendered":"<ul>\n<li>Mistura para Bolo<\/li>\n<li>M\u00e1rmore<\/li>\n<li>450g<\/li>\n<\/ul>\n","protected":false},"author":43538,"featured_media":222059,"comment_status":"open","ping_status":"closed","template":"","meta":[],"pwb-brand":[],"product_brand":[],"product_cat":[8289,8291,8639],"product_tag":[],"class_list":{"0":"post-222057","1":"product","2":"type-product","3":"status-publish","4":"has-post-thumbnail","6":"product_cat-inicio","7":"product_cat-produtos-portugueses","8":"product_cat-mistura-para-bolos-pt-pt","10":"first","11":"instock","12":"taxable","13":"shipping-taxable","14":"purchasable","15":"product-type-simple"},"aioseo_notices":[],"brands":[],"_links":{"self":[{"href":"https:\/\/www.delicias-uk.com\/pt-pt\/wp-json\/wp\/v2\/product\/222057","targetHints":{"allow":["GET"]}}],"collection":[{"href":"https:\/\/www.delicias-uk.com\/pt-pt\/wp-json\/wp\/v2\/product"}],"about":[{"href":"https:\/\/www.delicias-uk.com\/pt-pt\/wp-json\/wp\/v2\/types\/product"}],"author":[{"embeddable":true,"href":"https:\/\/www.delicias-uk.com\/pt-pt\/wp-json\/wp\/v2\/users\/43538"}],"replies":[{"embeddable":true,"href":"https:\/\/www.delicias-uk.com\/pt-pt\/wp-json\/wp\/v2\/comments?post=222057"}],"wp:featuredmedia":[{"embeddable":true,"href":"https:\/\/www.delicias-uk.com\/pt-pt\/wp-json\/wp\/v2\/media\/222059"}],"wp:attachment":[{"href":"https:\/\/www.delicias-uk.com\/pt-pt\/wp-json\/wp\/v2\/media?parent=222057"}],"wp:term":[{"taxonomy":"pwb-brand","embeddable":true,"href":"https:\/\/www.delicias-uk.com\/pt-pt\/wp-json\/wp\/v2\/pwb-brand?post=222057"},{"taxonomy":"product_brand","embeddable":true,"href":"https:\/\/www.delicias-uk.com\/pt-pt\/wp-json\/wp\/v2\/product_brand?post=222057"},{"taxonomy":"product_cat","embeddable":true,"href":"https:\/\/www.delicias-uk.com\/pt-pt\/wp-json\/wp\/v2\/product_cat?post=222057"},{"taxonomy":"product_tag","embeddable":true,"href":"https:\/\/www.delicias-uk.com\/pt-pt\/wp-json\/wp\/v2\/product_tag?post=222057"}],"curies":[{"name":"wp","href":"https:\/\/api.w.org\/{rel}","templated":true}]}}