{"id":222041,"date":"2025-03-24T09:51:17","date_gmt":"2025-03-24T09:51:17","guid":{"rendered":"https:\/\/www.delicias-uk.com\/?post_type=product&#038;p=222041"},"modified":"2025-03-24T09:59:25","modified_gmt":"2025-03-24T09:59:25","slug":"linguica-tradicional-dchaves-150g-x-2","status":"publish","type":"product","link":"https:\/\/www.delicias-uk.com\/pt-pt\/produto\/linguica-tradicional-dchaves-150g-x-2\/","title":{"rendered":"Lingui\u00e7a Tradicional D&#8217;Chaves 150g x 2"},"content":{"rendered":"<p><strong>Lingui\u00e7a Tradicional D&#8217;Chaves<\/strong> \u00e9 uma lingui\u00e7a portuguesa que se origina de Chaves, uma cidade na parte norte de Portugal. A Lingui\u00e7a \u00e9 feita usando carne de porco de alta qualidade, temperada com uma mistura \u00fanica de especiarias, particularmente alho, p\u00e1prica, dando-lhe um sabor distinto defumado e picante. A linguica \u00e9 frequentemente curada e defumada, o que contribui para seu sabor rico.<\/p>\n<p>A Lingui\u00e7a D&#8217;Chaves \u00e9 famosa por seus m\u00e9todos de produ\u00e7\u00e3o tradicionais e ingredientes de alta qualidade. \u00c9 comumente servida como parte da culin\u00e1ria portuguesa, seja grelhada, fatiada em sandu\u00edches ou incorporada em ensopados, sopas e outros pratos substanciosos. \u00c9 um \u00f3timo exemplo da rica heran\u00e7a culin\u00e1ria do pa\u00eds, particularmente das regi\u00f5es do norte.<\/p>\n","protected":false},"excerpt":{"rendered":"<ul>\n<li>Linguica D&#8217; Chaves<\/li>\n<li>Defumafa<\/li>\n<li>Marca: Chaves<\/li>\n<\/ul>\n<p>&nbsp;<\/p>\n","protected":false},"author":43538,"featured_media":222043,"comment_status":"closed","ping_status":"closed","template":"","meta":[],"pwb-brand":[],"product_brand":[],"product_cat":[8663],"product_tag":[],"class_list":{"0":"post-222041","1":"product","2":"type-product","3":"status-publish","4":"has-post-thumbnail","6":"product_cat-chourico-e-salsicha","8":"first","9":"instock","10":"purchasable","11":"product-type-simple"},"aioseo_notices":[],"brands":[],"_links":{"self":[{"href":"https:\/\/www.delicias-uk.com\/pt-pt\/wp-json\/wp\/v2\/product\/222041","targetHints":{"allow":["GET"]}}],"collection":[{"href":"https:\/\/www.delicias-uk.com\/pt-pt\/wp-json\/wp\/v2\/product"}],"about":[{"href":"https:\/\/www.delicias-uk.com\/pt-pt\/wp-json\/wp\/v2\/types\/product"}],"author":[{"embeddable":true,"href":"https:\/\/www.delicias-uk.com\/pt-pt\/wp-json\/wp\/v2\/users\/43538"}],"replies":[{"embeddable":true,"href":"https:\/\/www.delicias-uk.com\/pt-pt\/wp-json\/wp\/v2\/comments?post=222041"}],"wp:featuredmedia":[{"embeddable":true,"href":"https:\/\/www.delicias-uk.com\/pt-pt\/wp-json\/wp\/v2\/media\/222043"}],"wp:attachment":[{"href":"https:\/\/www.delicias-uk.com\/pt-pt\/wp-json\/wp\/v2\/media?parent=222041"}],"wp:term":[{"taxonomy":"pwb-brand","embeddable":true,"href":"https:\/\/www.delicias-uk.com\/pt-pt\/wp-json\/wp\/v2\/pwb-brand?post=222041"},{"taxonomy":"product_brand","embeddable":true,"href":"https:\/\/www.delicias-uk.com\/pt-pt\/wp-json\/wp\/v2\/product_brand?post=222041"},{"taxonomy":"product_cat","embeddable":true,"href":"https:\/\/www.delicias-uk.com\/pt-pt\/wp-json\/wp\/v2\/product_cat?post=222041"},{"taxonomy":"product_tag","embeddable":true,"href":"https:\/\/www.delicias-uk.com\/pt-pt\/wp-json\/wp\/v2\/product_tag?post=222041"}],"curies":[{"name":"wp","href":"https:\/\/api.w.org\/{rel}","templated":true}]}}