{"id":221922,"date":"2025-03-21T16:01:01","date_gmt":"2025-03-21T16:01:01","guid":{"rendered":"https:\/\/www.delicias-uk.com\/?post_type=product&#038;p=221922"},"modified":"2026-01-23T08:42:21","modified_gmt":"2026-01-23T08:42:21","slug":"linguica-calabresa-defumada-bovina-ipanema-280g","status":"publish","type":"product","link":"https:\/\/www.delicias-uk.com\/pt-pt\/produto\/linguica-calabresa-defumada-bovina-ipanema-280g\/","title":{"rendered":"Lingui\u00e7a Calabresa Defumada Bovina Ipanema 280g"},"content":{"rendered":"<p data-start=\"0\" data-end=\"324\">A <strong data-start=\"2\" data-end=\"47\">Lingui\u00e7a Calabresa Defumada Bovina Ipanema <\/strong>de 280g \u00e9 uma lingui\u00e7a de sabor marcante e picante, feita com carne bovina e defumada para um toque especial. Ela \u00e9 ideal para ser utilizada em diversos pratos, como feij\u00e3o tropeiro, arroz, sopas, pizzas, ou at\u00e9 mesmo para ser grelhada e servida como petisco ou em sandu\u00edches.<\/p>\n<p data-start=\"326\" data-end=\"474\">A defuma\u00e7\u00e3o confere \u00e0 lingui\u00e7a um sabor \u00fanico e uma textura suculenta, tornando-a uma excelente escolha para dar um toque saboroso \u00e0s suas receitas.<\/p>\n","protected":false},"excerpt":{"rendered":"<ul>\n<li>Linguica Calabresa<\/li>\n<li>Defumafa e de Bovina<\/li>\n<li>Marca: Prisca<\/li>\n<\/ul>\n<p>&nbsp;<\/p>\n","protected":false},"author":43538,"featured_media":247541,"comment_status":"closed","ping_status":"closed","template":"","meta":[],"pwb-brand":[],"product_brand":[],"product_cat":[8663],"product_tag":[],"class_list":{"0":"post-221922","1":"product","2":"type-product","3":"status-publish","4":"has-post-thumbnail","6":"product_cat-chourico-e-salsicha","8":"first","9":"instock","10":"purchasable","11":"product-type-simple"},"aioseo_notices":[],"brands":[],"_links":{"self":[{"href":"https:\/\/www.delicias-uk.com\/pt-pt\/wp-json\/wp\/v2\/product\/221922","targetHints":{"allow":["GET"]}}],"collection":[{"href":"https:\/\/www.delicias-uk.com\/pt-pt\/wp-json\/wp\/v2\/product"}],"about":[{"href":"https:\/\/www.delicias-uk.com\/pt-pt\/wp-json\/wp\/v2\/types\/product"}],"author":[{"embeddable":true,"href":"https:\/\/www.delicias-uk.com\/pt-pt\/wp-json\/wp\/v2\/users\/43538"}],"replies":[{"embeddable":true,"href":"https:\/\/www.delicias-uk.com\/pt-pt\/wp-json\/wp\/v2\/comments?post=221922"}],"wp:featuredmedia":[{"embeddable":true,"href":"https:\/\/www.delicias-uk.com\/pt-pt\/wp-json\/wp\/v2\/media\/247541"}],"wp:attachment":[{"href":"https:\/\/www.delicias-uk.com\/pt-pt\/wp-json\/wp\/v2\/media?parent=221922"}],"wp:term":[{"taxonomy":"pwb-brand","embeddable":true,"href":"https:\/\/www.delicias-uk.com\/pt-pt\/wp-json\/wp\/v2\/pwb-brand?post=221922"},{"taxonomy":"product_brand","embeddable":true,"href":"https:\/\/www.delicias-uk.com\/pt-pt\/wp-json\/wp\/v2\/product_brand?post=221922"},{"taxonomy":"product_cat","embeddable":true,"href":"https:\/\/www.delicias-uk.com\/pt-pt\/wp-json\/wp\/v2\/product_cat?post=221922"},{"taxonomy":"product_tag","embeddable":true,"href":"https:\/\/www.delicias-uk.com\/pt-pt\/wp-json\/wp\/v2\/product_tag?post=221922"}],"curies":[{"name":"wp","href":"https:\/\/api.w.org\/{rel}","templated":true}]}}