{"id":221796,"date":"2025-03-20T16:08:41","date_gmt":"2025-03-20T16:08:41","guid":{"rendered":"https:\/\/www.delicias-uk.com\/?post_type=product&#038;p=221796"},"modified":"2025-03-20T16:25:54","modified_gmt":"2025-03-20T16:25:54","slug":"tempero-mineiro-aroma-dminas-65g","status":"publish","type":"product","link":"https:\/\/www.delicias-uk.com\/pt-pt\/produto\/tempero-mineiro-aroma-dminas-65g\/","title":{"rendered":"Tempero Mineiro Aroma D&#8217;Minas 65g"},"content":{"rendered":"<p data-start=\"0\" data-end=\"304\">O <strong data-start=\"2\" data-end=\"35\">Tempero Mineiro Aroma D&#8217;Minas<\/strong> de 65g \u00e9 uma mistura de especiarias que traz o sabor tradicional da culin\u00e1ria de Minas Gerais. Combinando ingredientes como alho, cebola, piment\u00e3o, ervas e outros temperos caracter\u00edsticos, ele \u00e9 ideal para dar um toque aut\u00eantico a diversos pratos t\u00edpicos dessa regi\u00e3o.<\/p>\n<p data-start=\"306\" data-end=\"575\">Esse tempero \u00e9 perfeito para ser utilizado em receitas como feij\u00e3o tropeiro, arroz, carne de panela, frango com quiabo, sopas e at\u00e9 em molhos e saladas. Ele traz a simplicidade e o sabor marcante da culin\u00e1ria mineira para o seu dia a dia de maneira pr\u00e1tica e deliciosa.<\/p>\n","protected":false},"excerpt":{"rendered":"<ul style=\"list-style-type: disc;\">\n<li>Peso l\u00edquido 65g<\/li>\n<li>Produto Brasileiro<\/li>\n<\/ul>\n","protected":false},"author":43538,"featured_media":221799,"comment_status":"open","ping_status":"closed","template":"","meta":[],"pwb-brand":[],"product_brand":[],"product_cat":[8289,8293,8409,8507,8499,8347],"product_tag":[],"class_list":{"0":"post-221796","1":"product","2":"type-product","3":"status-publish","4":"has-post-thumbnail","6":"product_cat-inicio","7":"product_cat-produtos-brasileiros","8":"product_cat-temperos-molhos-e-legumes","9":"product_cat-temperos","10":"product_cat-sem-glutem","11":"product_cat-vegetariano","13":"first","14":"instock","15":"taxable","16":"shipping-taxable","17":"purchasable","18":"product-type-simple"},"aioseo_notices":[],"brands":[],"_links":{"self":[{"href":"https:\/\/www.delicias-uk.com\/pt-pt\/wp-json\/wp\/v2\/product\/221796","targetHints":{"allow":["GET"]}}],"collection":[{"href":"https:\/\/www.delicias-uk.com\/pt-pt\/wp-json\/wp\/v2\/product"}],"about":[{"href":"https:\/\/www.delicias-uk.com\/pt-pt\/wp-json\/wp\/v2\/types\/product"}],"author":[{"embeddable":true,"href":"https:\/\/www.delicias-uk.com\/pt-pt\/wp-json\/wp\/v2\/users\/43538"}],"replies":[{"embeddable":true,"href":"https:\/\/www.delicias-uk.com\/pt-pt\/wp-json\/wp\/v2\/comments?post=221796"}],"wp:featuredmedia":[{"embeddable":true,"href":"https:\/\/www.delicias-uk.com\/pt-pt\/wp-json\/wp\/v2\/media\/221799"}],"wp:attachment":[{"href":"https:\/\/www.delicias-uk.com\/pt-pt\/wp-json\/wp\/v2\/media?parent=221796"}],"wp:term":[{"taxonomy":"pwb-brand","embeddable":true,"href":"https:\/\/www.delicias-uk.com\/pt-pt\/wp-json\/wp\/v2\/pwb-brand?post=221796"},{"taxonomy":"product_brand","embeddable":true,"href":"https:\/\/www.delicias-uk.com\/pt-pt\/wp-json\/wp\/v2\/product_brand?post=221796"},{"taxonomy":"product_cat","embeddable":true,"href":"https:\/\/www.delicias-uk.com\/pt-pt\/wp-json\/wp\/v2\/product_cat?post=221796"},{"taxonomy":"product_tag","embeddable":true,"href":"https:\/\/www.delicias-uk.com\/pt-pt\/wp-json\/wp\/v2\/product_tag?post=221796"}],"curies":[{"name":"wp","href":"https:\/\/api.w.org\/{rel}","templated":true}]}}