{"id":221793,"date":"2025-03-20T15:57:05","date_gmt":"2025-03-20T15:57:05","guid":{"rendered":"https:\/\/www.delicias-uk.com\/?post_type=product&#038;p=221793"},"modified":"2025-03-20T16:01:39","modified_gmt":"2025-03-20T16:01:39","slug":"tempero-goiano-aroma-dminas-270g","status":"publish","type":"product","link":"https:\/\/www.delicias-uk.com\/pt-pt\/produto\/tempero-goiano-aroma-dminas-270g\/","title":{"rendered":"Tempero Goiano Aroma D&#8217;Minas 270g"},"content":{"rendered":"<p data-start=\"0\" data-end=\"291\">O <strong data-start=\"2\" data-end=\"34\">Tempero Goiano Aroma D&#8217;Minas<\/strong> de 270g \u00e9 uma mistura de especiarias t\u00edpica da culin\u00e1ria goiana, que combina ingredientes como alho, cebola, piment\u00e3o, cominho e outros temperos regionais. \u00c9 uma op\u00e7\u00e3o pr\u00e1tica e saborosa para quem deseja trazer o sabor aut\u00eantico de Goi\u00e1s para suas receitas.<\/p>\n<p data-start=\"293\" data-end=\"505\">Esse tempero \u00e9 ideal para ser usado em pratos t\u00edpicos da regi\u00e3o, como arroz com pequi, galinhada, feij\u00e3o, carnes assadas, e tamb\u00e9m pode ser adicionado a sopas, molhos, e at\u00e9 mesmo para temperar legumes e saladas.<\/p>\n","protected":false},"excerpt":{"rendered":"<ul style=\"list-style-type: disc;\">\n<li>Peso l\u00edquido 270g<\/li>\n<li>Produto Brasileiro<\/li>\n<\/ul>\n","protected":false},"author":43538,"featured_media":221871,"comment_status":"open","ping_status":"closed","template":"","meta":[],"pwb-brand":[],"product_brand":[],"product_cat":[8289,8293,8409,8507,8499,8347],"product_tag":[],"class_list":{"0":"post-221793","1":"product","2":"type-product","3":"status-publish","4":"has-post-thumbnail","6":"product_cat-inicio","7":"product_cat-produtos-brasileiros","8":"product_cat-temperos-molhos-e-legumes","9":"product_cat-temperos","10":"product_cat-sem-glutem","11":"product_cat-vegetariano","13":"first","14":"instock","15":"taxable","16":"shipping-taxable","17":"purchasable","18":"product-type-simple"},"aioseo_notices":[],"brands":[],"_links":{"self":[{"href":"https:\/\/www.delicias-uk.com\/pt-pt\/wp-json\/wp\/v2\/product\/221793","targetHints":{"allow":["GET"]}}],"collection":[{"href":"https:\/\/www.delicias-uk.com\/pt-pt\/wp-json\/wp\/v2\/product"}],"about":[{"href":"https:\/\/www.delicias-uk.com\/pt-pt\/wp-json\/wp\/v2\/types\/product"}],"author":[{"embeddable":true,"href":"https:\/\/www.delicias-uk.com\/pt-pt\/wp-json\/wp\/v2\/users\/43538"}],"replies":[{"embeddable":true,"href":"https:\/\/www.delicias-uk.com\/pt-pt\/wp-json\/wp\/v2\/comments?post=221793"}],"wp:featuredmedia":[{"embeddable":true,"href":"https:\/\/www.delicias-uk.com\/pt-pt\/wp-json\/wp\/v2\/media\/221871"}],"wp:attachment":[{"href":"https:\/\/www.delicias-uk.com\/pt-pt\/wp-json\/wp\/v2\/media?parent=221793"}],"wp:term":[{"taxonomy":"pwb-brand","embeddable":true,"href":"https:\/\/www.delicias-uk.com\/pt-pt\/wp-json\/wp\/v2\/pwb-brand?post=221793"},{"taxonomy":"product_brand","embeddable":true,"href":"https:\/\/www.delicias-uk.com\/pt-pt\/wp-json\/wp\/v2\/product_brand?post=221793"},{"taxonomy":"product_cat","embeddable":true,"href":"https:\/\/www.delicias-uk.com\/pt-pt\/wp-json\/wp\/v2\/product_cat?post=221793"},{"taxonomy":"product_tag","embeddable":true,"href":"https:\/\/www.delicias-uk.com\/pt-pt\/wp-json\/wp\/v2\/product_tag?post=221793"}],"curies":[{"name":"wp","href":"https:\/\/api.w.org\/{rel}","templated":true}]}}