{"id":221774,"date":"2025-03-20T14:04:31","date_gmt":"2025-03-20T14:04:31","guid":{"rendered":"https:\/\/www.delicias-uk.com\/?post_type=product&#038;p=221774"},"modified":"2025-07-11T17:15:20","modified_gmt":"2025-07-11T16:15:20","slug":"creme-de-pequi-aroma-dminas-200g","status":"publish","type":"product","link":"https:\/\/www.delicias-uk.com\/pt-pt\/produto\/creme-de-pequi-aroma-dminas-200g\/","title":{"rendered":"Creme de Pequi Aroma D&#8217;Minas 200g"},"content":{"rendered":"<p data-start=\"0\" data-end=\"392\">O <strong data-start=\"2\" data-end=\"34\">Creme de Pequi Aroma D&#8217;Minas<\/strong> de 200g \u00e9 um produto cremoso e delicioso, feito a partir do pequi, um fruto t\u00edpico das regi\u00f5es Centro-Oeste e Norte do Brasil. Com sua textura suave e sabor marcante, o creme de pequi \u00e9 perfeito para dar um toque especial a diversas receitas, como arroz com pequi, galinhada, frangos assados, massas, ou at\u00e9 mesmo como acompanhamento para carnes e saladas.<\/p>\n<p data-start=\"394\" data-end=\"556\">Esse creme oferece toda a autenticidade do sabor do pequi de maneira pr\u00e1tica, ideal para quem busca inovar na cozinha e explorar sabores regionais com facilidade.<\/p>\n","protected":false},"excerpt":{"rendered":"<div class=\"OutlineElement Ltr SCXW73269173 BCX8\" style=\"margin: 0px; padding: 0px; clear: both; font-family: 'Segoe UI', 'Segoe UI Web', Arial, Verdana, sans-serif; font-size: 12px; background-color: #ffffff;\">\n<ul>\n<li class=\"Paragraph SCXW73269173 BCX8\" style=\"vertical-align: baseline; background-color: transparent;\"><span class=\"TextRun SCXW73269173 BCX8\" lang=\"pt-br\" style=\"margin: 0px; padding: 0px; color: #242424; font-size: 11pt; line-height: 19.7625px; font-family: Calibri, 'Calibri_EmbeddedFont', 'Calibri_MSFontService', sans-serif;\" xml:lang=\"pt-br\"><span class=\"NormalTextRun SCXW73269173 BCX8\" style=\"margin: 0px; padding: 0px;\">I<\/span><span class=\"NormalTextRun SCXW73269173 BCX8\" style=\"margin: 0px; padding: 0px;\">ntensidade e sabor marcante.<\/span><\/span><\/li>\n<li class=\"Paragraph SCXW73269173 BCX8\" style=\"vertical-align: baseline; background-color: transparent;\"><span class=\"NormalTextRun SCXW73269173 BCX8\" style=\"margin: 0px; padding: 0px;\">R<\/span><span class=\"NormalTextRun SCXW73269173 BCX8\" style=\"margin: 0px; padding: 0px;\">ico em vitaminas e antioxidantes.<\/span><\/li>\n<li class=\"Paragraph SCXW73269173 BCX8\" style=\"vertical-align: baseline; background-color: transparent;\">P<span class=\"NormalTextRun SCXW73269173 BCX8\" style=\"margin: 0px; padding: 0px;\">roduto t\u00edpico da culin\u00e1ria mineira.<\/span><\/li>\n<\/ul>\n<\/div>\n","protected":false},"author":43538,"featured_media":221784,"comment_status":"open","ping_status":"closed","template":"","meta":[],"pwb-brand":[],"product_brand":[],"product_cat":[8289,8293,8409,8549],"product_tag":[],"class_list":{"0":"post-221774","1":"product","2":"type-product","3":"status-publish","4":"has-post-thumbnail","6":"product_cat-inicio","7":"product_cat-produtos-brasileiros","8":"product_cat-temperos-molhos-e-legumes","9":"product_cat-legumes","11":"first","12":"instock","13":"taxable","14":"shipping-taxable","15":"purchasable","16":"product-type-simple"},"aioseo_notices":[],"brands":[],"_links":{"self":[{"href":"https:\/\/www.delicias-uk.com\/pt-pt\/wp-json\/wp\/v2\/product\/221774","targetHints":{"allow":["GET"]}}],"collection":[{"href":"https:\/\/www.delicias-uk.com\/pt-pt\/wp-json\/wp\/v2\/product"}],"about":[{"href":"https:\/\/www.delicias-uk.com\/pt-pt\/wp-json\/wp\/v2\/types\/product"}],"author":[{"embeddable":true,"href":"https:\/\/www.delicias-uk.com\/pt-pt\/wp-json\/wp\/v2\/users\/43538"}],"replies":[{"embeddable":true,"href":"https:\/\/www.delicias-uk.com\/pt-pt\/wp-json\/wp\/v2\/comments?post=221774"}],"wp:featuredmedia":[{"embeddable":true,"href":"https:\/\/www.delicias-uk.com\/pt-pt\/wp-json\/wp\/v2\/media\/221784"}],"wp:attachment":[{"href":"https:\/\/www.delicias-uk.com\/pt-pt\/wp-json\/wp\/v2\/media?parent=221774"}],"wp:term":[{"taxonomy":"pwb-brand","embeddable":true,"href":"https:\/\/www.delicias-uk.com\/pt-pt\/wp-json\/wp\/v2\/pwb-brand?post=221774"},{"taxonomy":"product_brand","embeddable":true,"href":"https:\/\/www.delicias-uk.com\/pt-pt\/wp-json\/wp\/v2\/product_brand?post=221774"},{"taxonomy":"product_cat","embeddable":true,"href":"https:\/\/www.delicias-uk.com\/pt-pt\/wp-json\/wp\/v2\/product_cat?post=221774"},{"taxonomy":"product_tag","embeddable":true,"href":"https:\/\/www.delicias-uk.com\/pt-pt\/wp-json\/wp\/v2\/product_tag?post=221774"}],"curies":[{"name":"wp","href":"https:\/\/api.w.org\/{rel}","templated":true}]}}