{"id":221763,"date":"2025-03-20T13:11:59","date_gmt":"2025-03-20T13:11:59","guid":{"rendered":"https:\/\/www.delicias-uk.com\/?post_type=product&#038;p=221763"},"modified":"2025-04-19T10:29:40","modified_gmt":"2025-04-19T09:29:40","slug":"oleo-de-pequi-aroma-dminas-200ml","status":"publish","type":"product","link":"https:\/\/www.delicias-uk.com\/pt-pt\/produto\/oleo-de-pequi-aroma-dminas-200ml\/","title":{"rendered":"Oleo de Pequi Aroma D&#8217;Minas 200ml"},"content":{"rendered":"<p data-start=\"0\" data-end=\"315\">O <strong data-start=\"2\" data-end=\"33\">\u00d3leo de Pequi Aroma D&#8217;Minas<\/strong> de 200ml \u00e9 um produto tradicional da culin\u00e1ria brasileira, especialmente utilizado na regi\u00e3o Centro-Oeste e Norte do Brasil. O pequi \u00e9 um fruto t\u00edpico dessas regi\u00f5es e o \u00f3leo extra\u00eddo dele \u00e9 conhecido pelo seu sabor \u00fanico e marcante, al\u00e9m de ser rico em nutrientes e antioxidantes.<\/p>\n<p data-start=\"317\" data-end=\"568\">Esse \u00f3leo \u00e9 perfeito para ser usado em pratos t\u00edpicos como arroz com pequi, carnes, molhos, e at\u00e9 em prepara\u00e7\u00f5es de saladas. Seu sabor caracter\u00edstico traz um toque especial e aut\u00eantico \u00e0s receitas, conferindo uma experi\u00eancia gastron\u00f4mica diferenciada.<\/p>\n","protected":false},"excerpt":{"rendered":"<ul style=\"list-style-type: disc;\">\n<li>Embalagem de 200ml<\/li>\n<li>Oleo de Pequi<\/li>\n<li>Produzido por Aroma D&#8217;Minas, uma empresa Brasileira<\/li>\n<\/ul>\n","protected":false},"author":43538,"featured_media":221766,"comment_status":"open","ping_status":"closed","template":"","meta":[],"pwb-brand":[],"product_brand":[],"product_cat":[8289,8293,8409,8507],"product_tag":[],"class_list":{"0":"post-221763","1":"product","2":"type-product","3":"status-publish","4":"has-post-thumbnail","6":"product_cat-inicio","7":"product_cat-produtos-brasileiros","8":"product_cat-temperos-molhos-e-legumes","9":"product_cat-temperos","11":"first","12":"instock","13":"taxable","14":"shipping-taxable","15":"purchasable","16":"product-type-simple"},"aioseo_notices":[],"brands":[],"_links":{"self":[{"href":"https:\/\/www.delicias-uk.com\/pt-pt\/wp-json\/wp\/v2\/product\/221763","targetHints":{"allow":["GET"]}}],"collection":[{"href":"https:\/\/www.delicias-uk.com\/pt-pt\/wp-json\/wp\/v2\/product"}],"about":[{"href":"https:\/\/www.delicias-uk.com\/pt-pt\/wp-json\/wp\/v2\/types\/product"}],"author":[{"embeddable":true,"href":"https:\/\/www.delicias-uk.com\/pt-pt\/wp-json\/wp\/v2\/users\/43538"}],"replies":[{"embeddable":true,"href":"https:\/\/www.delicias-uk.com\/pt-pt\/wp-json\/wp\/v2\/comments?post=221763"}],"wp:featuredmedia":[{"embeddable":true,"href":"https:\/\/www.delicias-uk.com\/pt-pt\/wp-json\/wp\/v2\/media\/221766"}],"wp:attachment":[{"href":"https:\/\/www.delicias-uk.com\/pt-pt\/wp-json\/wp\/v2\/media?parent=221763"}],"wp:term":[{"taxonomy":"pwb-brand","embeddable":true,"href":"https:\/\/www.delicias-uk.com\/pt-pt\/wp-json\/wp\/v2\/pwb-brand?post=221763"},{"taxonomy":"product_brand","embeddable":true,"href":"https:\/\/www.delicias-uk.com\/pt-pt\/wp-json\/wp\/v2\/product_brand?post=221763"},{"taxonomy":"product_cat","embeddable":true,"href":"https:\/\/www.delicias-uk.com\/pt-pt\/wp-json\/wp\/v2\/product_cat?post=221763"},{"taxonomy":"product_tag","embeddable":true,"href":"https:\/\/www.delicias-uk.com\/pt-pt\/wp-json\/wp\/v2\/product_tag?post=221763"}],"curies":[{"name":"wp","href":"https:\/\/api.w.org\/{rel}","templated":true}]}}