{"id":221756,"date":"2025-03-20T12:45:25","date_gmt":"2025-03-20T12:45:25","guid":{"rendered":"https:\/\/www.delicias-uk.com\/?post_type=product&#038;p=221756"},"modified":"2026-01-07T10:33:42","modified_gmt":"2026-01-07T10:33:42","slug":"molho-de-alho-aroma-dminas-150ml","status":"publish","type":"product","link":"https:\/\/www.delicias-uk.com\/pt-pt\/produto\/molho-de-alho-aroma-dminas-150ml\/","title":{"rendered":"Molho de Alho Aroma D&#8217;Minas 150ml"},"content":{"rendered":"<p data-start=\"0\" data-end=\"266\">O <strong data-start=\"2\" data-end=\"33\">Molho de Alho Aroma D&#8217;Minas<\/strong> de 150ml \u00e9 um molho pronto e saboroso, ideal para temperar e real\u00e7ar o sabor de diversos pratos. Com o toque marcante do alho, ele pode ser usado em carnes, frangos, peixes, sandu\u00edches, saladas e at\u00e9 em pratos como massas e pizzas.<\/p>\n<p data-start=\"268\" data-end=\"491\">A praticidade desse molho \u00e9 uma \u00f3tima op\u00e7\u00e3o para quem deseja um tempero r\u00e1pido e de qualidade, sem precisar preparar o alho fresco. Ele combina bem com churrascos, grelhados, e tamb\u00e9m pode ser utilizado como molho para dip.<\/p>\n","protected":false},"excerpt":{"rendered":"<ul style=\"list-style-type: disc;\">\n<li>Peso l\u00edquido 150ml<\/li>\n<li>Molho de Alho<\/li>\n<li>Produto Brasileiro<\/li>\n<\/ul>\n","protected":false},"author":43538,"featured_media":221759,"comment_status":"open","ping_status":"closed","template":"","meta":[],"pwb-brand":[],"product_brand":[],"product_cat":[8289,8293,8409,8477],"product_tag":[],"class_list":{"0":"post-221756","1":"product","2":"type-product","3":"status-publish","4":"has-post-thumbnail","6":"product_cat-inicio","7":"product_cat-produtos-brasileiros","8":"product_cat-temperos-molhos-e-legumes","9":"product_cat-pimentas-molhos","11":"first","12":"instock","13":"taxable","14":"shipping-taxable","15":"purchasable","16":"product-type-simple"},"aioseo_notices":[],"brands":[],"_links":{"self":[{"href":"https:\/\/www.delicias-uk.com\/pt-pt\/wp-json\/wp\/v2\/product\/221756","targetHints":{"allow":["GET"]}}],"collection":[{"href":"https:\/\/www.delicias-uk.com\/pt-pt\/wp-json\/wp\/v2\/product"}],"about":[{"href":"https:\/\/www.delicias-uk.com\/pt-pt\/wp-json\/wp\/v2\/types\/product"}],"author":[{"embeddable":true,"href":"https:\/\/www.delicias-uk.com\/pt-pt\/wp-json\/wp\/v2\/users\/43538"}],"replies":[{"embeddable":true,"href":"https:\/\/www.delicias-uk.com\/pt-pt\/wp-json\/wp\/v2\/comments?post=221756"}],"wp:featuredmedia":[{"embeddable":true,"href":"https:\/\/www.delicias-uk.com\/pt-pt\/wp-json\/wp\/v2\/media\/221759"}],"wp:attachment":[{"href":"https:\/\/www.delicias-uk.com\/pt-pt\/wp-json\/wp\/v2\/media?parent=221756"}],"wp:term":[{"taxonomy":"pwb-brand","embeddable":true,"href":"https:\/\/www.delicias-uk.com\/pt-pt\/wp-json\/wp\/v2\/pwb-brand?post=221756"},{"taxonomy":"product_brand","embeddable":true,"href":"https:\/\/www.delicias-uk.com\/pt-pt\/wp-json\/wp\/v2\/product_brand?post=221756"},{"taxonomy":"product_cat","embeddable":true,"href":"https:\/\/www.delicias-uk.com\/pt-pt\/wp-json\/wp\/v2\/product_cat?post=221756"},{"taxonomy":"product_tag","embeddable":true,"href":"https:\/\/www.delicias-uk.com\/pt-pt\/wp-json\/wp\/v2\/product_tag?post=221756"}],"curies":[{"name":"wp","href":"https:\/\/api.w.org\/{rel}","templated":true}]}}