{"id":221752,"date":"2025-03-20T12:38:06","date_gmt":"2025-03-20T12:38:06","guid":{"rendered":"https:\/\/www.delicias-uk.com\/?post_type=product&#038;p=221752"},"modified":"2025-10-10T11:40:41","modified_gmt":"2025-10-10T10:40:41","slug":"manteiga-de-garrafa-aroma-dminas-200ml","status":"publish","type":"product","link":"https:\/\/www.delicias-uk.com\/pt-pt\/produto\/manteiga-de-garrafa-aroma-dminas-200ml\/","title":{"rendered":"Manteiga de Garrafa Aroma D&#8217;Minas 200ml"},"content":{"rendered":"<p data-start=\"0\" data-end=\"304\">A <strong data-start=\"2\" data-end=\"39\">Manteiga de Garrafa Aroma D&#8217;Minas<\/strong> de 200ml \u00e9 uma manteiga tradicional da culin\u00e1ria mineira, produzida a partir do leite de vaca e processada de forma artesanal. Ela \u00e9 conhecida pelo seu sabor rico, aroma marcante e textura cremosa, sendo ideal para dar um toque especial em diversos pratos t\u00edpicos.<\/p>\n<p data-start=\"306\" data-end=\"595\">A manteiga de garrafa \u00e9 frequentemente usada em receitas como feij\u00e3o tropeiro, farofas, p\u00e3es de queijo, carnes e tamb\u00e9m para untar panelas ou dar sabor a tortas e bolos. Seu sabor aut\u00eantico e delicado \u00e9 perfeito para real\u00e7ar o gosto de muitos alimentos, especialmente na culin\u00e1ria mineira.<\/p>\n","protected":false},"excerpt":{"rendered":"<ul style=\"list-style-type: disc;\">\n<li>Peso l\u00edquido 200ml<\/li>\n<li>Produto Brasileiro<\/li>\n<\/ul>\n","protected":false},"author":43538,"featured_media":221754,"comment_status":"open","ping_status":"closed","template":"","meta":[],"pwb-brand":[],"product_brand":[],"product_cat":[8289,8293,8409,8507],"product_tag":[],"class_list":{"0":"post-221752","1":"product","2":"type-product","3":"status-publish","4":"has-post-thumbnail","6":"product_cat-inicio","7":"product_cat-produtos-brasileiros","8":"product_cat-temperos-molhos-e-legumes","9":"product_cat-temperos","11":"first","12":"instock","13":"taxable","14":"shipping-taxable","15":"purchasable","16":"product-type-simple"},"aioseo_notices":[],"brands":[],"_links":{"self":[{"href":"https:\/\/www.delicias-uk.com\/pt-pt\/wp-json\/wp\/v2\/product\/221752","targetHints":{"allow":["GET"]}}],"collection":[{"href":"https:\/\/www.delicias-uk.com\/pt-pt\/wp-json\/wp\/v2\/product"}],"about":[{"href":"https:\/\/www.delicias-uk.com\/pt-pt\/wp-json\/wp\/v2\/types\/product"}],"author":[{"embeddable":true,"href":"https:\/\/www.delicias-uk.com\/pt-pt\/wp-json\/wp\/v2\/users\/43538"}],"replies":[{"embeddable":true,"href":"https:\/\/www.delicias-uk.com\/pt-pt\/wp-json\/wp\/v2\/comments?post=221752"}],"wp:featuredmedia":[{"embeddable":true,"href":"https:\/\/www.delicias-uk.com\/pt-pt\/wp-json\/wp\/v2\/media\/221754"}],"wp:attachment":[{"href":"https:\/\/www.delicias-uk.com\/pt-pt\/wp-json\/wp\/v2\/media?parent=221752"}],"wp:term":[{"taxonomy":"pwb-brand","embeddable":true,"href":"https:\/\/www.delicias-uk.com\/pt-pt\/wp-json\/wp\/v2\/pwb-brand?post=221752"},{"taxonomy":"product_brand","embeddable":true,"href":"https:\/\/www.delicias-uk.com\/pt-pt\/wp-json\/wp\/v2\/product_brand?post=221752"},{"taxonomy":"product_cat","embeddable":true,"href":"https:\/\/www.delicias-uk.com\/pt-pt\/wp-json\/wp\/v2\/product_cat?post=221752"},{"taxonomy":"product_tag","embeddable":true,"href":"https:\/\/www.delicias-uk.com\/pt-pt\/wp-json\/wp\/v2\/product_tag?post=221752"}],"curies":[{"name":"wp","href":"https:\/\/api.w.org\/{rel}","templated":true}]}}