{"id":221738,"date":"2025-03-20T11:35:05","date_gmt":"2025-03-20T11:35:05","guid":{"rendered":"https:\/\/www.delicias-uk.com\/?post_type=product&#038;p=221738"},"modified":"2025-03-20T11:39:29","modified_gmt":"2025-03-20T11:39:29","slug":"chimichurri-com-pimenta-aroma-dminas-130g","status":"publish","type":"product","link":"https:\/\/www.delicias-uk.com\/pt-pt\/produto\/chimichurri-com-pimenta-aroma-dminas-130g\/","title":{"rendered":"Chimichurri com Pimenta Aroma D&#8217;Minas 130g"},"content":{"rendered":"<p data-start=\"0\" data-end=\"343\">O <strong data-start=\"2\" data-end=\"31\">Aroma D&#8217;Minas Chimichurri<\/strong> de 130g \u00e9 um tempero cl\u00e1ssico e saboroso, muito utilizado para dar um toque especial a carnes grelhadas, especialmente em churrascos. O chimichurri \u00e9 uma mistura de ervas e especiarias como salsinha, alho, piment\u00e3o, or\u00e9gano, entre outros, combinados com azeite e vinagre, criando um molho delicioso e arom\u00e1tico.<\/p>\n<p data-start=\"345\" data-end=\"535\">Esse produto pronto facilita a prepara\u00e7\u00e3o de um molho chimichurri delicioso, ideal para temperar carnes, como carne de boi, frango, porco, e at\u00e9 para ser usado em saladas, massas e vegetais.<\/p>\n","protected":false},"excerpt":{"rendered":"<ul style=\"list-style-type: disc;\">\n<li>Peso l\u00edquido 130g<\/li>\n<li>Ervas para molho chimichurri com Pimenta<\/li>\n<li>Produto Brasileiro<\/li>\n<\/ul>\n","protected":false},"author":43538,"featured_media":221746,"comment_status":"open","ping_status":"closed","template":"","meta":[],"pwb-brand":[],"product_brand":[],"product_cat":[8289,8293,8409,8507],"product_tag":[],"class_list":{"0":"post-221738","1":"product","2":"type-product","3":"status-publish","4":"has-post-thumbnail","6":"product_cat-inicio","7":"product_cat-produtos-brasileiros","8":"product_cat-temperos-molhos-e-legumes","9":"product_cat-temperos","11":"first","12":"instock","13":"taxable","14":"shipping-taxable","15":"purchasable","16":"product-type-simple"},"aioseo_notices":[],"brands":[],"_links":{"self":[{"href":"https:\/\/www.delicias-uk.com\/pt-pt\/wp-json\/wp\/v2\/product\/221738","targetHints":{"allow":["GET"]}}],"collection":[{"href":"https:\/\/www.delicias-uk.com\/pt-pt\/wp-json\/wp\/v2\/product"}],"about":[{"href":"https:\/\/www.delicias-uk.com\/pt-pt\/wp-json\/wp\/v2\/types\/product"}],"author":[{"embeddable":true,"href":"https:\/\/www.delicias-uk.com\/pt-pt\/wp-json\/wp\/v2\/users\/43538"}],"replies":[{"embeddable":true,"href":"https:\/\/www.delicias-uk.com\/pt-pt\/wp-json\/wp\/v2\/comments?post=221738"}],"wp:featuredmedia":[{"embeddable":true,"href":"https:\/\/www.delicias-uk.com\/pt-pt\/wp-json\/wp\/v2\/media\/221746"}],"wp:attachment":[{"href":"https:\/\/www.delicias-uk.com\/pt-pt\/wp-json\/wp\/v2\/media?parent=221738"}],"wp:term":[{"taxonomy":"pwb-brand","embeddable":true,"href":"https:\/\/www.delicias-uk.com\/pt-pt\/wp-json\/wp\/v2\/pwb-brand?post=221738"},{"taxonomy":"product_brand","embeddable":true,"href":"https:\/\/www.delicias-uk.com\/pt-pt\/wp-json\/wp\/v2\/product_brand?post=221738"},{"taxonomy":"product_cat","embeddable":true,"href":"https:\/\/www.delicias-uk.com\/pt-pt\/wp-json\/wp\/v2\/product_cat?post=221738"},{"taxonomy":"product_tag","embeddable":true,"href":"https:\/\/www.delicias-uk.com\/pt-pt\/wp-json\/wp\/v2\/product_tag?post=221738"}],"curies":[{"name":"wp","href":"https:\/\/api.w.org\/{rel}","templated":true}]}}