{"id":221689,"date":"2025-03-19T16:34:43","date_gmt":"2025-03-19T16:34:43","guid":{"rendered":"https:\/\/www.delicias-uk.com\/?post_type=product&#038;p=221689"},"modified":"2025-03-19T16:45:57","modified_gmt":"2025-03-19T16:45:57","slug":"alho-picado-desidratado-aroma-dminas-70g","status":"publish","type":"product","link":"https:\/\/www.delicias-uk.com\/pt-pt\/produto\/alho-picado-desidratado-aroma-dminas-70g\/","title":{"rendered":"Alho Picado Desidratado Aroma D&#8217;Minas 70g"},"content":{"rendered":"<p>O Alho Picado Desidratado A. D&#8217;Minas em embalagem PET de 70g \u00e9 uma vers\u00e3o desidratada e picada do alho, ideal para quem busca praticidade na hora de temperar suas receitas. A desidrata\u00e7\u00e3o mant\u00e9m o sabor e as propriedades do alho fresco, mas sem a necessidade de picar ou descascar.<\/p>\n<p>Este tipo de alho \u00e9 bastante vers\u00e1til e pode ser utilizado em uma variedade de pratos, como carnes, molhos, sopas, arroz, feij\u00e3o e saladas, sendo uma \u00f3tima op\u00e7\u00e3o para quem quer otimizar o tempo na cozinha sem abrir m\u00e3o do sabor.<\/p>\n","protected":false},"excerpt":{"rendered":"<ul>\n<li>Produto pronto para Consumo<\/li>\n<li>Peso 70g<\/li>\n<li>Marca Aroma D&#8217;Minas<\/li>\n<\/ul>\n","protected":false},"author":43538,"featured_media":221696,"comment_status":"open","ping_status":"closed","template":"","meta":[],"pwb-brand":[],"product_brand":[],"product_cat":[8289,8293,8409,8507,8499,8347],"product_tag":[],"class_list":{"0":"post-221689","1":"product","2":"type-product","3":"status-publish","4":"has-post-thumbnail","6":"product_cat-inicio","7":"product_cat-produtos-brasileiros","8":"product_cat-temperos-molhos-e-legumes","9":"product_cat-temperos","10":"product_cat-sem-glutem","11":"product_cat-vegetariano","13":"first","14":"instock","15":"taxable","16":"shipping-taxable","17":"purchasable","18":"product-type-simple"},"aioseo_notices":[],"brands":[],"_links":{"self":[{"href":"https:\/\/www.delicias-uk.com\/pt-pt\/wp-json\/wp\/v2\/product\/221689","targetHints":{"allow":["GET"]}}],"collection":[{"href":"https:\/\/www.delicias-uk.com\/pt-pt\/wp-json\/wp\/v2\/product"}],"about":[{"href":"https:\/\/www.delicias-uk.com\/pt-pt\/wp-json\/wp\/v2\/types\/product"}],"author":[{"embeddable":true,"href":"https:\/\/www.delicias-uk.com\/pt-pt\/wp-json\/wp\/v2\/users\/43538"}],"replies":[{"embeddable":true,"href":"https:\/\/www.delicias-uk.com\/pt-pt\/wp-json\/wp\/v2\/comments?post=221689"}],"wp:featuredmedia":[{"embeddable":true,"href":"https:\/\/www.delicias-uk.com\/pt-pt\/wp-json\/wp\/v2\/media\/221696"}],"wp:attachment":[{"href":"https:\/\/www.delicias-uk.com\/pt-pt\/wp-json\/wp\/v2\/media?parent=221689"}],"wp:term":[{"taxonomy":"pwb-brand","embeddable":true,"href":"https:\/\/www.delicias-uk.com\/pt-pt\/wp-json\/wp\/v2\/pwb-brand?post=221689"},{"taxonomy":"product_brand","embeddable":true,"href":"https:\/\/www.delicias-uk.com\/pt-pt\/wp-json\/wp\/v2\/product_brand?post=221689"},{"taxonomy":"product_cat","embeddable":true,"href":"https:\/\/www.delicias-uk.com\/pt-pt\/wp-json\/wp\/v2\/product_cat?post=221689"},{"taxonomy":"product_tag","embeddable":true,"href":"https:\/\/www.delicias-uk.com\/pt-pt\/wp-json\/wp\/v2\/product_tag?post=221689"}],"curies":[{"name":"wp","href":"https:\/\/api.w.org\/{rel}","templated":true}]}}