{"id":221672,"date":"2025-03-19T15:27:54","date_gmt":"2025-03-19T15:27:54","guid":{"rendered":"https:\/\/www.delicias-uk.com\/?post_type=product&#038;p=221672"},"modified":"2025-03-19T15:43:48","modified_gmt":"2025-03-19T15:43:48","slug":"alho-frito-aroma-dminas-50g","status":"publish","type":"product","link":"https:\/\/www.delicias-uk.com\/pt-pt\/produto\/alho-frito-aroma-dminas-50g\/","title":{"rendered":"Alho Frito Aroma D&#8217;Minas 50g"},"content":{"rendered":"<p style=\"margin-top: 0pt; margin-bottom: 0pt; margin-left: 0in; text-align: left;\">O Alho Frito Aroma d&#8217;Minas de 50g \u00e9 um tempero pronto, muito utilizado para dar sabor e aroma aos pratos.<br \/>\nO alho frito \u00e9 ideal para quem busca praticidade, pois j\u00e1 vem pronto e pode ser utilizado em diversas receitas como arroz, feij\u00e3o, carnes, saladas e molhos.<br \/>\nO produto tem um sabor intenso e crocante, mantendo a ess\u00eancia do alho na sua forma mais concentrada.<\/p>\n","protected":false},"excerpt":{"rendered":"<ul>\n<li>Produto pronto para Consumo<\/li>\n<li>Peso 50g<\/li>\n<li>Marca Aroma D&#8217;Minas<\/li>\n<\/ul>\n","protected":false},"author":43538,"featured_media":221674,"comment_status":"open","ping_status":"closed","template":"","meta":[],"pwb-brand":[],"product_brand":[],"product_cat":[8289,8293,8409,8507,8499,8347],"product_tag":[],"class_list":{"0":"post-221672","1":"product","2":"type-product","3":"status-publish","4":"has-post-thumbnail","6":"product_cat-inicio","7":"product_cat-produtos-brasileiros","8":"product_cat-temperos-molhos-e-legumes","9":"product_cat-temperos","10":"product_cat-sem-glutem","11":"product_cat-vegetariano","13":"first","14":"instock","15":"taxable","16":"shipping-taxable","17":"purchasable","18":"product-type-simple"},"aioseo_notices":[],"brands":[],"_links":{"self":[{"href":"https:\/\/www.delicias-uk.com\/pt-pt\/wp-json\/wp\/v2\/product\/221672","targetHints":{"allow":["GET"]}}],"collection":[{"href":"https:\/\/www.delicias-uk.com\/pt-pt\/wp-json\/wp\/v2\/product"}],"about":[{"href":"https:\/\/www.delicias-uk.com\/pt-pt\/wp-json\/wp\/v2\/types\/product"}],"author":[{"embeddable":true,"href":"https:\/\/www.delicias-uk.com\/pt-pt\/wp-json\/wp\/v2\/users\/43538"}],"replies":[{"embeddable":true,"href":"https:\/\/www.delicias-uk.com\/pt-pt\/wp-json\/wp\/v2\/comments?post=221672"}],"wp:featuredmedia":[{"embeddable":true,"href":"https:\/\/www.delicias-uk.com\/pt-pt\/wp-json\/wp\/v2\/media\/221674"}],"wp:attachment":[{"href":"https:\/\/www.delicias-uk.com\/pt-pt\/wp-json\/wp\/v2\/media?parent=221672"}],"wp:term":[{"taxonomy":"pwb-brand","embeddable":true,"href":"https:\/\/www.delicias-uk.com\/pt-pt\/wp-json\/wp\/v2\/pwb-brand?post=221672"},{"taxonomy":"product_brand","embeddable":true,"href":"https:\/\/www.delicias-uk.com\/pt-pt\/wp-json\/wp\/v2\/product_brand?post=221672"},{"taxonomy":"product_cat","embeddable":true,"href":"https:\/\/www.delicias-uk.com\/pt-pt\/wp-json\/wp\/v2\/product_cat?post=221672"},{"taxonomy":"product_tag","embeddable":true,"href":"https:\/\/www.delicias-uk.com\/pt-pt\/wp-json\/wp\/v2\/product_tag?post=221672"}],"curies":[{"name":"wp","href":"https:\/\/api.w.org\/{rel}","templated":true}]}}