{"id":221340,"date":"2025-03-12T14:11:10","date_gmt":"2025-03-12T14:11:10","guid":{"rendered":"https:\/\/www.delicias-uk.com\/?post_type=product&#038;p=221340"},"modified":"2025-03-12T14:15:32","modified_gmt":"2025-03-12T14:15:32","slug":"porto-pacheca-50-anos-75cl","status":"publish","type":"product","link":"https:\/\/www.delicias-uk.com\/pt-pt\/produto\/porto-pacheca-50-anos-75cl\/","title":{"rendered":"Porto Pacheca 50 Anos 75cl"},"content":{"rendered":"<p>Porto Tawny 50 Anos \u00e9 um vinho excecional resultante de um blend de Portos que envelheceram em barricas de 550 litros durante muitos anos no armaz\u00e9m de frescos da Quinta da Pacheca. Durante o envelhecimento, o vinho transforma a sua cor vermelha em v\u00e1rios tons de \u00e2mbar, acastanhado, com notas esverdeadas quando o vinho est\u00e1 muito velho. A concentra\u00e7\u00e3o de a\u00e7\u00facar aumenta e a acidez devido a fen\u00f4menos de esterifica\u00e7\u00e3o e tamb\u00e9m d\u00e1 origem a uma acidez que chamamos de vinagrinho.<\/p>\n<p>Castas Castas tintas tradicionais da regi\u00e3o do Douro, origin\u00e1rias de Vinhas Velhas.<br \/>\nAlochol em volume 19,88%<br \/>\nDenomina\u00e7\u00e3o Porto<\/p>\n<p>NOTAS DE PROVA<br \/>\nEste vinho apresenta-se com um aroma intenso a frutos secos, chocolate, especiarias, toffee e caramelo. Na boca apresenta uma complexidade muito fresca, toffee, caramelo, frutos secos com a persist\u00eancia que s\u00f3 um vinho muito velho consegue.<\/p>\n<p>Sugest\u00f5es de servi\u00e7o<br \/>\nDeve ser bebido ligeiramente fresco, no final da refei\u00e7\u00e3o, acompanhando sobremesas. Deve ser servido a 16\u00baC.<\/p>\n","protected":false},"excerpt":{"rendered":"<ul style=\"list-style-type: disc;\">\n<li>Garrafa: 750ml<\/li>\n<li>Teor Alco\u00f3lico: 19,5%<\/li>\n<li>Aroma fruta vermelha e preta<\/li>\n<\/ul>\n","protected":false},"author":43538,"featured_media":221342,"comment_status":"open","ping_status":"closed","template":"","meta":[],"pwb-brand":[],"product_brand":[],"product_cat":[9345,8289,8291,8431,8589],"product_tag":[],"class_list":{"0":"post-221340","1":"product","2":"type-product","3":"status-publish","4":"has-post-thumbnail","6":"product_cat-gift-pack-pt-pt","7":"product_cat-inicio","8":"product_cat-produtos-portugueses","9":"product_cat-vinhos-pt-pt","10":"product_cat-porto","12":"first","13":"outofstock","14":"featured","15":"taxable","16":"shipping-taxable","17":"purchasable","18":"product-type-simple"},"aioseo_notices":[],"brands":[],"_links":{"self":[{"href":"https:\/\/www.delicias-uk.com\/pt-pt\/wp-json\/wp\/v2\/product\/221340","targetHints":{"allow":["GET"]}}],"collection":[{"href":"https:\/\/www.delicias-uk.com\/pt-pt\/wp-json\/wp\/v2\/product"}],"about":[{"href":"https:\/\/www.delicias-uk.com\/pt-pt\/wp-json\/wp\/v2\/types\/product"}],"author":[{"embeddable":true,"href":"https:\/\/www.delicias-uk.com\/pt-pt\/wp-json\/wp\/v2\/users\/43538"}],"replies":[{"embeddable":true,"href":"https:\/\/www.delicias-uk.com\/pt-pt\/wp-json\/wp\/v2\/comments?post=221340"}],"wp:featuredmedia":[{"embeddable":true,"href":"https:\/\/www.delicias-uk.com\/pt-pt\/wp-json\/wp\/v2\/media\/221342"}],"wp:attachment":[{"href":"https:\/\/www.delicias-uk.com\/pt-pt\/wp-json\/wp\/v2\/media?parent=221340"}],"wp:term":[{"taxonomy":"pwb-brand","embeddable":true,"href":"https:\/\/www.delicias-uk.com\/pt-pt\/wp-json\/wp\/v2\/pwb-brand?post=221340"},{"taxonomy":"product_brand","embeddable":true,"href":"https:\/\/www.delicias-uk.com\/pt-pt\/wp-json\/wp\/v2\/product_brand?post=221340"},{"taxonomy":"product_cat","embeddable":true,"href":"https:\/\/www.delicias-uk.com\/pt-pt\/wp-json\/wp\/v2\/product_cat?post=221340"},{"taxonomy":"product_tag","embeddable":true,"href":"https:\/\/www.delicias-uk.com\/pt-pt\/wp-json\/wp\/v2\/product_tag?post=221340"}],"curies":[{"name":"wp","href":"https:\/\/api.w.org\/{rel}","templated":true}]}}